{"id":11062,"date":"2026-03-14T14:44:06","date_gmt":"2026-03-14T13:44:06","guid":{"rendered":"https:\/\/jyfa.dk\/verzinkung\/"},"modified":"2026-05-04T15:28:40","modified_gmt":"2026-05-04T13:28:40","slug":"verzinkung","status":"publish","type":"page","link":"https:\/\/jyfa.dk\/de\/verzinkung\/","title":{"rendered":"Verzinkung"},"content":{"rendered":"\t\t<div data-elementor-type=\"wp-post\" data-elementor-id=\"11062\" class=\"elementor elementor-11062 elementor-7775\" data-elementor-post-type=\"page\">\n\t\t\t\t<div class=\"elementor-element elementor-element-7f4fbd5 e-flex e-con-boxed e-con e-parent\" data-id=\"7f4fbd5\" data-element_type=\"container\" data-e-type=\"container\">\n\t\t\t\t\t<div class=\"e-con-inner\">\n\t\t<div class=\"elementor-element elementor-element-1f76f59 e-con-full e-flex e-con e-child\" data-id=\"1f76f59\" data-element_type=\"container\" data-e-type=\"container\" data-settings=\"{&quot;background_background&quot;:&quot;classic&quot;}\">\n\t\t<div class=\"elementor-element elementor-element-909149a e-con-full e-flex e-con e-child\" data-id=\"909149a\" data-element_type=\"container\" data-e-type=\"container\">\n\t\t\t\t<div class=\"elementor-element elementor-element-efe7350 elementor-widget__width-initial elementor-widget elementor-widget-heading\" data-id=\"efe7350\" data-element_type=\"widget\" data-e-type=\"widget\" data-widget_type=\"heading.default\">\n\t\t\t\t<div class=\"elementor-widget-container\">\n\t\t\t\t\t<h1 class=\"elementor-heading-title elementor-size-default\">Maximale Haltbarkeit und minimaler Wartungsaufwand<\/h1>\t\t\t\t<\/div>\n\t\t\t\t<\/div>\n\t\t\t\t<\/div>\n\t\t\t\t<\/div>\n\t\t\t\t\t<\/div>\n\t\t\t\t<\/div>\n\t\t<div class=\"elementor-element elementor-element-dc0a350 e-flex e-con-boxed e-con e-parent\" data-id=\"dc0a350\" data-element_type=\"container\" data-e-type=\"container\" data-settings=\"{&quot;background_background&quot;:&quot;classic&quot;}\">\n\t\t\t\t\t<div class=\"e-con-inner\">\n\t\t<div class=\"elementor-element elementor-element-db5b67d e-con-full e-flex e-con e-child\" data-id=\"db5b67d\" data-element_type=\"container\" data-e-type=\"container\" data-settings=\"{&quot;background_background&quot;:&quot;classic&quot;}\">\n\t\t\t\t<div class=\"elementor-element elementor-element-57f602a elementor-widget__width-initial elementor-widget elementor-widget-heading\" data-id=\"57f602a\" data-element_type=\"widget\" data-e-type=\"widget\" data-widget_type=\"heading.default\">\n\t\t\t\t<div class=\"elementor-widget-container\">\n\t\t\t\t\t<h6 class=\"elementor-heading-title elementor-size-default\">Verzinkung<\/h6>\t\t\t\t<\/div>\n\t\t\t\t<\/div>\n\t\t\t\t<div class=\"elementor-element elementor-element-cc3f524 elementor-widget__width-initial elementor-widget elementor-widget-heading\" data-id=\"cc3f524\" data-element_type=\"widget\" data-e-type=\"widget\" data-widget_type=\"heading.default\">\n\t\t\t\t<div class=\"elementor-widget-container\">\n\t\t\t\t\t<h2 class=\"elementor-heading-title elementor-size-default\">Warum ist die Verzinkung gut f\u00fcr die Lebensdauer?<\/h2>\t\t\t\t<\/div>\n\t\t\t\t<\/div>\n\t\t\t\t<div class=\"elementor-element elementor-element-e05892d elementor-widget elementor-widget-text-editor\" data-id=\"e05892d\" data-element_type=\"widget\" data-e-type=\"widget\" data-widget_type=\"text-editor.default\">\n\t\t\t\t<div class=\"elementor-widget-container\">\n\t\t\t\t\t\t\t\t\t<p>Die Verzinkung ist eine der effektivsten Methoden, um Stahl vor Rost und Zersetzung zu sch\u00fctzen. Wenn ein Wagen oder ein Futtergitter feuerverzinkt wird, wird die gesamte Stahlkonstruktion mit einer Zinkschicht \u00fcberzogen, die das Metall vor Feuchtigkeit, Sauerstoff und anderen Umwelteinfl\u00fcssen sch\u00fctzt. <\/p><p data-start=\"308\" data-end=\"677\">Der wichtigste Vorteil ist, dass die Zinkschicht als Barriere gegen Rost wirkt. Gleichzeitig bietet das Zink einen sogenannten kathodischen Schutz, was bedeutet, dass selbst wenn die Oberfl\u00e4che kleine Kratzer oder Besch\u00e4digungen bekommt, das Zink den Stahl weiterhin vor Korrosion sch\u00fctzt. Dies ist ein gro\u00dfer Vorteil in der Landwirtschaft, wo Wagen h\u00e4ufig Schlamm, G\u00fclle, Feuchtigkeit und wechselnden Wetterbedingungen ausgesetzt sind.  <\/p><p data-start=\"679\" data-end=\"932\">Ein verzinkter Wagen und ein Futtergitter haben daher eine <strong data-start=\"714\" data-end=\"741\">deutlich l\u00e4ngere Lebensdauer<\/strong> als ein nur lackiertes Produkt. W\u00e4hrend Farbe mit der Zeit abbl\u00e4ttern oder abgenutzt werden kann, ist die Verzinkung chemisch mit dem Stahl verbunden und kann viele Jahre ohne Wartung halten. <\/p><p data-start=\"679\" data-end=\"932\">Bei JYFA hat Qualit\u00e4t h\u00f6chste Priorit\u00e4t, deshalb sind alle unsere Wagen und Futtergitter vollst\u00e4ndig verzinkt. <br>Unsere Produkte sind \u2013 im Gegensatz zu vielen unserer Wettbewerber \u2013 nicht nur au\u00dfen, sondern auch innen verzinkt. <\/p><p data-start=\"934\" data-end=\"963\">Das Ergebnis ist ein Wagen, der:<\/p><ul><li data-start=\"966\" data-end=\"982\">l\u00e4nger h\u00e4lt<\/li><li data-start=\"985\" data-end=\"1017\">minimalen Wartungsaufwand erfordert<\/li><li data-start=\"1020\" data-end=\"1049\">besser vor Rost gesch\u00fctzt ist<\/li><li data-start=\"1052\" data-end=\"1095\">seine St\u00e4rke und Funktion \u00fcber viele Jahre beh\u00e4lt<\/li><\/ul><p>Kurz gesagt bedeutet Verzinkung, dass Ihr Wagen oder Futtergitter dem t\u00e4glichen Einsatz in anspruchsvollen Umgebungen standh\u00e4lt und \u00fcber Jahre hinweg optimal funktioniert \u2013 was ihn zu einer <strong data-start=\"1244\" data-end=\"1292\">sicheren und wirtschaftlichen Langzeitinvestition macht.<\/strong><\/p>\t\t\t\t\t\t\t\t<\/div>\n\t\t\t\t<\/div>\n\t\t\t\t<\/div>\n\t\t\t\t\t<\/div>\n\t\t\t\t<\/div>\n\t\t<div class=\"elementor-element elementor-element-dd0a6e2 e-flex e-con-boxed e-con e-parent\" data-id=\"dd0a6e2\" data-element_type=\"container\" data-e-type=\"container\" data-settings=\"{&quot;background_background&quot;:&quot;classic&quot;}\">\n\t\t\t\t\t<div class=\"e-con-inner\">\n\t\t<div class=\"elementor-element elementor-element-6c025e3 e-con-full e-flex e-con e-child\" data-id=\"6c025e3\" data-element_type=\"container\" data-e-type=\"container\" data-settings=\"{&quot;background_background&quot;:&quot;classic&quot;}\">\n\t\t\t\t<div class=\"elementor-element elementor-element-792337c elementor-widget__width-initial elementor-widget elementor-widget-heading\" data-id=\"792337c\" data-element_type=\"widget\" data-e-type=\"widget\" data-widget_type=\"heading.default\">\n\t\t\t\t<div class=\"elementor-widget-container\">\n\t\t\t\t\t<h6 class=\"elementor-heading-title elementor-size-default\">F\u00dcR GENERATIONEN GEBAUT<\/h6>\t\t\t\t<\/div>\n\t\t\t\t<\/div>\n\t\t\t\t<div class=\"elementor-element elementor-element-f552b3d elementor-widget__width-initial elementor-widget elementor-widget-heading\" data-id=\"f552b3d\" data-element_type=\"widget\" data-e-type=\"widget\" data-widget_type=\"heading.default\">\n\t\t\t\t<div class=\"elementor-widget-container\">\n\t\t\t\t\t<h2 class=\"elementor-heading-title elementor-size-default\">Der Verzinkungsprozess<\/h2>\t\t\t\t<\/div>\n\t\t\t\t<\/div>\n\t\t\t\t<div class=\"elementor-element elementor-element-c8212a9 elementor-widget elementor-widget-jet-unfold\" data-id=\"c8212a9\" data-element_type=\"widget\" data-e-type=\"widget\" data-settings=\"{&quot;word_count&quot;:58,&quot;unfold_duration&quot;:{&quot;unit&quot;:&quot;ms&quot;,&quot;size&quot;:500,&quot;sizes&quot;:[]},&quot;unfold_easing&quot;:&quot;easeOutBack&quot;,&quot;fold_duration&quot;:{&quot;unit&quot;:&quot;ms&quot;,&quot;size&quot;:300,&quot;sizes&quot;:[]},&quot;fold_easing&quot;:&quot;easeOutSine&quot;}\" data-widget_type=\"jet-unfold.default\">\n\t\t\t\t<div class=\"elementor-widget-container\">\n\t\t\t\t\t\t\t<div class=\"jet-unfold \" data-settings=\"{&quot;height&quot;:{&quot;size&quot;:&quot;&quot;,&quot;unit&quot;:&quot;&quot;},&quot;separatorHeight&quot;:{&quot;unit&quot;:&quot;px&quot;,&quot;size&quot;:&quot;&quot;,&quot;sizes&quot;:[]},&quot;heightControlType&quot;:&quot;word_count&quot;,&quot;wordCount&quot;:58,&quot;unfoldDuration&quot;:{&quot;unit&quot;:&quot;ms&quot;,&quot;size&quot;:500,&quot;sizes&quot;:[]},&quot;foldDuration&quot;:{&quot;unit&quot;:&quot;ms&quot;,&quot;size&quot;:300,&quot;sizes&quot;:[]},&quot;unfoldEasing&quot;:&quot;easeOutBack&quot;,&quot;foldEasing&quot;:&quot;easeOutSine&quot;,&quot;foldScrolling&quot;:&quot;false&quot;,&quot;hideOutsideClick&quot;:&quot;false&quot;,&quot;autoHide&quot;:&quot;false&quot;,&quot;autoHideTime&quot;:&quot;&quot;,&quot;foldScrollOffset&quot;:&quot;&quot;,&quot;separatorType&quot;:&quot;div&quot;}\">\r\n\t\t\t<div class=\"jet-unfold__inner\">\r\n\t\t\t\t<div class=\"jet-unfold__mask\">\r\n\t\t\t\t\t<div class=\"jet-unfold__content\">\r\n\t\t\t\t\t\t<div class=\"jet-unfold__content-inner elementor-text-editor elementor-clearfix\"><p>Feuerverzinkung ist ein Verfahren, bei dem das zu verzinkende Werkst\u00fcck von Fett, \u00d6l, Zunder, Rost und anderen Verunreinigungen gereinigt wird. Die Feuerverzinkung erfolgt, indem das Werkst\u00fcck in eines der gr\u00f6\u00dften Zinkb\u00e4der Nordeuropas mit 450 \u00baC fl\u00fcssigem Zink getaucht wird, wobei eine starke chemische Bindung zwischen Stahl und Zink entsteht. <\/p><p>Die Behandlung erzeugt einen kathodischen Schutz f\u00fcr Bereiche, die nicht vollst\u00e4ndig mit Zink bedeckt sind, was eine besonders verschlei\u00dffeste und widerstandsf\u00e4hige Oberfl\u00e4che ergibt. Nachdem das Werkst\u00fcck feuerverzinkt wurde, werden genaue Qualit\u00e4tskontrollen durchgef\u00fchrt, um das Ergebnis zu \u00fcberpr\u00fcfen. <\/p><p>Feuerverzinkung ist der beste Korrosionsschutz und wird u. a. f\u00fcr Landmaschinen und Stallausr\u00fcstung verwendet.<\/p><p>Die Feuerverzinkung und die Zinkschichtdicke von DOT erf\u00fcllen die Qualit\u00e4tsanforderungen der DS\/EN ISO 1461.<\/p><\/div>\r\n\t\t\t\t\t<\/div>\r\n\t\t\t\t\t\t\t\t\t\t<div class=\"jet-unfold__separator\"><\/div>\r\n\t\t\t\t\t\t\t\t\t<\/div>\r\n\t\t\t\t<div class=\"jet-unfold__trigger\"><div class=\"jet-unfold__button elementor-button elementor-size-md\" href=\"#\" data-unfold-text=\"Mehr lesen\" data-fold-text=\"Weniger lesen\" data-fold-icon=\"&lt;i aria-hidden=&quot;true&quot; class=&quot;fas fa-chevron-up&quot;&gt;&lt;\/i&gt;\" data-unfold-icon=\"&lt;i aria-hidden=&quot;true&quot; class=&quot;fas fa-chevron-down&quot;&gt;&lt;\/i&gt;\" tabindex=\"0\" role=\"button\"><span class=\"jet-unfold__button-icon jet-tricks-icon\"><i aria-hidden=\"true\" class=\"fas fa-chevron-down\"><\/i><\/span><span class=\"jet-unfold__button-text\">Mehr lesen<\/span><\/div>\t\t\t\t<\/div>\r\n\t\t\t<\/div>\r\n\t\t<\/div>\r\n\t\t\t\t\t\t<\/div>\n\t\t\t\t<\/div>\n\t\t\t\t<\/div>\n\t\t<div class=\"elementor-element elementor-element-9936372 e-con-full e-flex e-con e-child\" data-id=\"9936372\" data-element_type=\"container\" data-e-type=\"container\" data-settings=\"{&quot;background_background&quot;:&quot;classic&quot;}\">\n\t\t\t\t<\/div>\n\t\t\t\t\t<\/div>\n\t\t\t\t<\/div>\n\t\t<div class=\"elementor-element elementor-element-3634f31 e-flex e-con-boxed e-con e-parent\" data-id=\"3634f31\" data-element_type=\"container\" data-e-type=\"container\">\n\t\t\t\t\t<div class=\"e-con-inner\">\n\t\t<div class=\"elementor-element elementor-element-50a91b3 e-con-full e-flex e-con e-child\" data-id=\"50a91b3\" data-element_type=\"container\" data-e-type=\"container\" data-settings=\"{&quot;background_background&quot;:&quot;classic&quot;}\">\n\t\t<div class=\"elementor-element elementor-element-4821ca6 e-con-full e-flex e-con e-child\" data-id=\"4821ca6\" data-element_type=\"container\" data-e-type=\"container\">\n\t\t\t\t<div class=\"elementor-element elementor-element-b3a5707 elementor-widget elementor-widget-heading\" data-id=\"b3a5707\" data-element_type=\"widget\" data-e-type=\"widget\" data-widget_type=\"heading.default\">\n\t\t\t\t<div class=\"elementor-widget-container\">\n\t\t\t\t\t<h2 class=\"elementor-heading-title elementor-size-default\">Bei JYFA gehen wir niemals Kompromisse bei der Qualit\u00e4t ein. \nAlle unsere Produkte werden sorgf\u00e4ltig entwickelt und gefertigt \u2013 mit einem klaren Fokus auf Langlebigkeit und Funktionalit\u00e4t\n<\/h2>\t\t\t\t<\/div>\n\t\t\t\t<\/div>\n\t\t\t\t<\/div>\n\t\t\t\t<\/div>\n\t\t\t\t\t<\/div>\n\t\t\t\t<\/div>\n\t\t<div class=\"elementor-element elementor-element-e5e583e e-flex e-con-boxed e-con e-parent\" data-id=\"e5e583e\" data-element_type=\"container\" data-e-type=\"container\">\n\t\t\t\t\t<div class=\"e-con-inner\">\n\t\t\t\t\t<\/div>\n\t\t\t\t<\/div>\n\t\t\t\t<\/div>\n\t\t","protected":false},"excerpt":{"rendered":"<p>Maximale Haltbarkeit und minimaler Wartungsaufwand Verzinkung Warum ist die Verzinkung gut f\u00fcr die Lebensdauer? Die Verzinkung ist eine der effektivsten Methoden, um Stahl vor Rost und Zersetzung zu sch\u00fctzen. Wenn ein Wagen oder ein Futtergitter feuerverzinkt wird, wird die gesamte Stahlkonstruktion mit einer Zinkschicht \u00fcberzogen, die das Metall vor Feuchtigkeit, Sauerstoff und anderen Umwelteinfl\u00fcssen sch\u00fctzt. [&hellip;]<\/p>\n","protected":false},"author":2,"featured_media":0,"parent":0,"menu_order":0,"comment_status":"closed","ping_status":"closed","template":"","meta":{"_acf_changed":false,"footnotes":""},"class_list":["post-11062","page","type-page","status-publish","hentry"],"acf":[],"yoast_head":"<!-- This site is optimized with the Yoast SEO plugin v27.5 - https:\/\/yoast.com\/product\/yoast-seo-wordpress\/ -->\n<title>Verzinkung | JYFA<\/title>\n<meta name=\"robots\" content=\"index, follow, max-snippet:-1, max-image-preview:large, max-video-preview:-1\" \/>\n<link rel=\"canonical\" href=\"https:\/\/jyfa.dk\/de\/verzinkung\/\" \/>\n<meta property=\"og:locale\" content=\"de_DE\" \/>\n<meta property=\"og:type\" content=\"article\" \/>\n<meta property=\"og:title\" content=\"Verzinkung | JYFA\" \/>\n<meta property=\"og:description\" content=\"Maximale Haltbarkeit und minimaler Wartungsaufwand Verzinkung Warum ist die Verzinkung gut f\u00fcr die Lebensdauer? Die Verzinkung ist eine der effektivsten Methoden, um Stahl vor Rost und Zersetzung zu sch\u00fctzen. Wenn ein Wagen oder ein Futtergitter feuerverzinkt wird, wird die gesamte Stahlkonstruktion mit einer Zinkschicht \u00fcberzogen, die das Metall vor Feuchtigkeit, Sauerstoff und anderen Umwelteinfl\u00fcssen sch\u00fctzt. [&hellip;]\" \/>\n<meta property=\"og:url\" content=\"https:\/\/jyfa.dk\/de\/verzinkung\/\" \/>\n<meta property=\"og:site_name\" content=\"JYFA\" \/>\n<meta property=\"article:modified_time\" content=\"2026-05-04T13:28:40+00:00\" \/>\n<meta name=\"twitter:card\" content=\"summary_large_image\" \/>\n<meta name=\"twitter:label1\" content=\"Gesch\u00e4tzte Lesezeit\" \/>\n\t<meta name=\"twitter:data1\" content=\"2\u00a0Minuten\" \/>\n<script type=\"application\/ld+json\" class=\"yoast-schema-graph\">{\"@context\":\"https:\\\/\\\/schema.org\",\"@graph\":[{\"@type\":\"WebPage\",\"@id\":\"https:\\\/\\\/jyfa.dk\\\/de\\\/verzinkung\\\/\",\"url\":\"https:\\\/\\\/jyfa.dk\\\/de\\\/verzinkung\\\/\",\"name\":\"Verzinkung | JYFA\",\"isPartOf\":{\"@id\":\"https:\\\/\\\/jyfa.dk\\\/de\\\/#website\"},\"datePublished\":\"2026-03-14T13:44:06+00:00\",\"dateModified\":\"2026-05-04T13:28:40+00:00\",\"breadcrumb\":{\"@id\":\"https:\\\/\\\/jyfa.dk\\\/de\\\/verzinkung\\\/#breadcrumb\"},\"inLanguage\":\"de\",\"potentialAction\":[{\"@type\":\"ReadAction\",\"target\":[\"https:\\\/\\\/jyfa.dk\\\/de\\\/verzinkung\\\/\"]}]},{\"@type\":\"BreadcrumbList\",\"@id\":\"https:\\\/\\\/jyfa.dk\\\/de\\\/verzinkung\\\/#breadcrumb\",\"itemListElement\":[{\"@type\":\"ListItem\",\"position\":1,\"name\":\"Forside\",\"item\":\"https:\\\/\\\/jyfa.dk\\\/de\\\/\"},{\"@type\":\"ListItem\",\"position\":2,\"name\":\"Verzinkung\"}]},{\"@type\":\"WebSite\",\"@id\":\"https:\\\/\\\/jyfa.dk\\\/de\\\/#website\",\"url\":\"https:\\\/\\\/jyfa.dk\\\/de\\\/\",\"name\":\"JYFA\",\"description\":\"\",\"publisher\":{\"@id\":\"https:\\\/\\\/jyfa.dk\\\/de\\\/#organization\"},\"potentialAction\":[{\"@type\":\"SearchAction\",\"target\":{\"@type\":\"EntryPoint\",\"urlTemplate\":\"https:\\\/\\\/jyfa.dk\\\/de\\\/?s={search_term_string}\"},\"query-input\":{\"@type\":\"PropertyValueSpecification\",\"valueRequired\":true,\"valueName\":\"search_term_string\"}}],\"inLanguage\":\"de\"},{\"@type\":\"Organization\",\"@id\":\"https:\\\/\\\/jyfa.dk\\\/de\\\/#organization\",\"name\":\"JYFA\",\"url\":\"https:\\\/\\\/jyfa.dk\\\/de\\\/\",\"logo\":{\"@type\":\"ImageObject\",\"inLanguage\":\"de\",\"@id\":\"https:\\\/\\\/jyfa.dk\\\/de\\\/#\\\/schema\\\/logo\\\/image\\\/\",\"url\":\"https:\\\/\\\/jyfa.dk\\\/wp-content\\\/uploads\\\/JYFA-Logo2-scaled-e1771414837114.png\",\"contentUrl\":\"https:\\\/\\\/jyfa.dk\\\/wp-content\\\/uploads\\\/JYFA-Logo2-scaled-e1771414837114.png\",\"width\":2007,\"height\":770,\"caption\":\"JYFA\"},\"image\":{\"@id\":\"https:\\\/\\\/jyfa.dk\\\/de\\\/#\\\/schema\\\/logo\\\/image\\\/\"}}]}<\/script>\n<!-- \/ Yoast SEO plugin. -->","yoast_head_json":{"title":"Verzinkung | JYFA","robots":{"index":"index","follow":"follow","max-snippet":"max-snippet:-1","max-image-preview":"max-image-preview:large","max-video-preview":"max-video-preview:-1"},"canonical":"https:\/\/jyfa.dk\/de\/verzinkung\/","og_locale":"de_DE","og_type":"article","og_title":"Verzinkung | JYFA","og_description":"Maximale Haltbarkeit und minimaler Wartungsaufwand Verzinkung Warum ist die Verzinkung gut f\u00fcr die Lebensdauer? Die Verzinkung ist eine der effektivsten Methoden, um Stahl vor Rost und Zersetzung zu sch\u00fctzen. Wenn ein Wagen oder ein Futtergitter feuerverzinkt wird, wird die gesamte Stahlkonstruktion mit einer Zinkschicht \u00fcberzogen, die das Metall vor Feuchtigkeit, Sauerstoff und anderen Umwelteinfl\u00fcssen sch\u00fctzt. [&hellip;]","og_url":"https:\/\/jyfa.dk\/de\/verzinkung\/","og_site_name":"JYFA","article_modified_time":"2026-05-04T13:28:40+00:00","twitter_card":"summary_large_image","twitter_misc":{"Gesch\u00e4tzte Lesezeit":"2\u00a0Minuten"},"schema":{"@context":"https:\/\/schema.org","@graph":[{"@type":"WebPage","@id":"https:\/\/jyfa.dk\/de\/verzinkung\/","url":"https:\/\/jyfa.dk\/de\/verzinkung\/","name":"Verzinkung | JYFA","isPartOf":{"@id":"https:\/\/jyfa.dk\/de\/#website"},"datePublished":"2026-03-14T13:44:06+00:00","dateModified":"2026-05-04T13:28:40+00:00","breadcrumb":{"@id":"https:\/\/jyfa.dk\/de\/verzinkung\/#breadcrumb"},"inLanguage":"de","potentialAction":[{"@type":"ReadAction","target":["https:\/\/jyfa.dk\/de\/verzinkung\/"]}]},{"@type":"BreadcrumbList","@id":"https:\/\/jyfa.dk\/de\/verzinkung\/#breadcrumb","itemListElement":[{"@type":"ListItem","position":1,"name":"Forside","item":"https:\/\/jyfa.dk\/de\/"},{"@type":"ListItem","position":2,"name":"Verzinkung"}]},{"@type":"WebSite","@id":"https:\/\/jyfa.dk\/de\/#website","url":"https:\/\/jyfa.dk\/de\/","name":"JYFA","description":"","publisher":{"@id":"https:\/\/jyfa.dk\/de\/#organization"},"potentialAction":[{"@type":"SearchAction","target":{"@type":"EntryPoint","urlTemplate":"https:\/\/jyfa.dk\/de\/?s={search_term_string}"},"query-input":{"@type":"PropertyValueSpecification","valueRequired":true,"valueName":"search_term_string"}}],"inLanguage":"de"},{"@type":"Organization","@id":"https:\/\/jyfa.dk\/de\/#organization","name":"JYFA","url":"https:\/\/jyfa.dk\/de\/","logo":{"@type":"ImageObject","inLanguage":"de","@id":"https:\/\/jyfa.dk\/de\/#\/schema\/logo\/image\/","url":"https:\/\/jyfa.dk\/wp-content\/uploads\/JYFA-Logo2-scaled-e1771414837114.png","contentUrl":"https:\/\/jyfa.dk\/wp-content\/uploads\/JYFA-Logo2-scaled-e1771414837114.png","width":2007,"height":770,"caption":"JYFA"},"image":{"@id":"https:\/\/jyfa.dk\/de\/#\/schema\/logo\/image\/"}}]}},"_links":{"self":[{"href":"https:\/\/jyfa.dk\/de\/wp-json\/wp\/v2\/pages\/11062","targetHints":{"allow":["GET"]}}],"collection":[{"href":"https:\/\/jyfa.dk\/de\/wp-json\/wp\/v2\/pages"}],"about":[{"href":"https:\/\/jyfa.dk\/de\/wp-json\/wp\/v2\/types\/page"}],"author":[{"embeddable":true,"href":"https:\/\/jyfa.dk\/de\/wp-json\/wp\/v2\/users\/2"}],"replies":[{"embeddable":true,"href":"https:\/\/jyfa.dk\/de\/wp-json\/wp\/v2\/comments?post=11062"}],"version-history":[{"count":1,"href":"https:\/\/jyfa.dk\/de\/wp-json\/wp\/v2\/pages\/11062\/revisions"}],"predecessor-version":[{"id":11066,"href":"https:\/\/jyfa.dk\/de\/wp-json\/wp\/v2\/pages\/11062\/revisions\/11066"}],"wp:attachment":[{"href":"https:\/\/jyfa.dk\/de\/wp-json\/wp\/v2\/media?parent=11062"}],"curies":[{"name":"wp","href":"https:\/\/api.w.org\/{rel}","templated":true}]}}