{"id":11068,"date":"2026-03-13T20:18:57","date_gmt":"2026-03-13T19:18:57","guid":{"rendered":"https:\/\/jyfa.dk\/die-hydraulische-hebe-und-senkfunktion\/"},"modified":"2026-05-04T15:39:03","modified_gmt":"2026-05-04T13:39:03","slug":"die-hydraulische-hebe-und-senkfunktion","status":"publish","type":"page","link":"https:\/\/jyfa.dk\/de\/die-hydraulische-hebe-und-senkfunktion\/","title":{"rendered":"Die hydraulische Hebe- und Senkfunktion"},"content":{"rendered":"\t\t<div data-elementor-type=\"wp-page\" data-elementor-id=\"11068\" class=\"elementor elementor-11068 elementor-7714\" data-elementor-post-type=\"page\">\n\t\t\t\t<div class=\"elementor-element elementor-element-b500f3b e-flex e-con-boxed e-con e-parent\" data-id=\"b500f3b\" data-element_type=\"container\" data-e-type=\"container\">\n\t\t\t\t\t<div class=\"e-con-inner\">\n\t\t<div class=\"elementor-element elementor-element-3d36479 e-con-full e-flex e-con e-child\" data-id=\"3d36479\" data-element_type=\"container\" data-e-type=\"container\" data-settings=\"{&quot;background_background&quot;:&quot;classic&quot;}\">\n\t\t<div class=\"elementor-element elementor-element-f9dc351 e-con-full e-flex e-con e-child\" data-id=\"f9dc351\" data-element_type=\"container\" data-e-type=\"container\">\n\t\t\t\t<div class=\"elementor-element elementor-element-ccf821d elementor-widget__width-initial elementor-widget elementor-widget-heading\" data-id=\"ccf821d\" data-element_type=\"widget\" data-e-type=\"widget\" data-widget_type=\"heading.default\">\n\t\t\t\t<div class=\"elementor-widget-container\">\n\t\t\t\t\t<h1 class=\"elementor-heading-title elementor-size-default\">Das effektive und stressfreie Be- und Entladen<\/h1>\t\t\t\t<\/div>\n\t\t\t\t<\/div>\n\t\t\t\t<\/div>\n\t\t\t\t<\/div>\n\t\t\t\t\t<\/div>\n\t\t\t\t<\/div>\n\t\t<div class=\"elementor-element elementor-element-32ff7f0 e-flex e-con-boxed e-con e-parent\" data-id=\"32ff7f0\" data-element_type=\"container\" data-e-type=\"container\" data-settings=\"{&quot;background_background&quot;:&quot;classic&quot;}\">\n\t\t\t\t\t<div class=\"e-con-inner\">\n\t\t<div class=\"elementor-element elementor-element-81a26cd e-con-full e-flex e-con e-child\" data-id=\"81a26cd\" data-element_type=\"container\" data-e-type=\"container\" data-settings=\"{&quot;background_background&quot;:&quot;classic&quot;}\">\n\t\t\t\t<div class=\"elementor-element elementor-element-41d3a62 elementor-widget__width-initial elementor-widget elementor-widget-heading\" data-id=\"41d3a62\" data-element_type=\"widget\" data-e-type=\"widget\" data-widget_type=\"heading.default\">\n\t\t\t\t<div class=\"elementor-widget-container\">\n\t\t\t\t\t<h6 class=\"elementor-heading-title elementor-size-default\">Die hydraulische Hebe- und Senkfunktion<\/h6>\t\t\t\t<\/div>\n\t\t\t\t<\/div>\n\t\t\t\t<div class=\"elementor-element elementor-element-55eb10d elementor-widget__width-initial elementor-widget elementor-widget-heading\" data-id=\"55eb10d\" data-element_type=\"widget\" data-e-type=\"widget\" data-widget_type=\"heading.default\">\n\t\t\t\t<div class=\"elementor-widget-container\">\n\t\t\t\t\t<h2 class=\"elementor-heading-title elementor-size-default\">Einfach, schnell und sicher<\/h2>\t\t\t\t<\/div>\n\t\t\t\t<\/div>\n\t\t\t\t<div class=\"elementor-element elementor-element-01c3cdd elementor-widget elementor-widget-text-editor\" data-id=\"01c3cdd\" data-element_type=\"widget\" data-e-type=\"widget\" data-widget_type=\"text-editor.default\">\n\t\t\t\t<div class=\"elementor-widget-container\">\n\t\t\t\t\t\t\t\t\t<p>Wenn Sie einen JYFA-Viehwagen mit Hydraulik bestellen, erhalten Sie nicht nur einen Viehwagen mit langer Lebensdauer \u2013 Sie bekommen auch ein hervorragendes Arbeitsger\u00e4t f\u00fcr Ihren Betrieb.<\/p><p>Die hydraulische Hebe- und Senkfunktion bietet viele Vorteile im t\u00e4glichen Einsatz. Wenn Sie Ihre Tiere verladen m\u00f6chten, senken Sie einfach den Wagen ab und \u00f6ffnen die hinteren T\u00fcren. Im abgesenkten Zustand betr\u00e4gt die Ladeh\u00f6he nur 13 cm, sodass die Tiere direkt in den Wagen gehen k\u00f6nnen. Sobald alle Tiere eingestiegen sind, schlie\u00dfen Sie die T\u00fcren und heben den Wagen wieder in die Fahrposition.   <\/p><p>Durch den Einsatz eines Viehwagens mit Hydraulik wird das Be- und Entladen nicht nur einfacher, sondern auch ruhiger und schonender f\u00fcr die Tiere.<\/p><p>Neben der \u00e4u\u00dferst effizienten und stressfreien Handhabung ist die hydraulische Hebe- und Senkfunktion auch ideal, wenn der Wagen auf der Weide mit Futter steht. Hier k\u00f6nnen sich sowohl Tiere als auch kleine K\u00e4lber an den Wagen gew\u00f6hnen und Vertrauen aufbauen, bevor sie umgestellt werden. <\/p><p>Im Gegensatz zu vielen anderen Ausstattungen kann die Hydraulikfunktion nicht nachtr\u00e4glich an einem Wagen montiert werden. Daher ist es wichtig, dass Sie bereits vor der Wahl Ihres Viehwagens entscheiden, ob ein hydraulisch ausgestatteter Wagen ein Vorteil f\u00fcr Ihren Betrieb ist. <\/p>\t\t\t\t\t\t\t\t<\/div>\n\t\t\t\t<\/div>\n\t\t\t\t<\/div>\n\t\t<div class=\"elementor-element elementor-element-1de5e33 e-con-full e-flex e-con e-child\" data-id=\"1de5e33\" data-element_type=\"container\" data-e-type=\"container\" data-settings=\"{&quot;background_background&quot;:&quot;classic&quot;}\">\n\t\t\t\t<div class=\"elementor-element elementor-element-c2e3b0f elementor-widget-mobile__width-initial elementor-widget elementor-widget-video\" data-id=\"c2e3b0f\" data-element_type=\"widget\" data-e-type=\"widget\" data-settings=\"{&quot;video_type&quot;:&quot;hosted&quot;,&quot;start&quot;:0,&quot;autoplay&quot;:&quot;yes&quot;,&quot;mute&quot;:&quot;yes&quot;,&quot;loop&quot;:&quot;yes&quot;}\" data-widget_type=\"video.default\">\n\t\t\t\t<div class=\"elementor-widget-container\">\n\t\t\t\t\t\t\t<div class=\"e-hosted-video elementor-wrapper elementor-open-inline\">\n\t\t\t\t\t<video class=\"elementor-video\" src=\"https:\/\/jyfa.dk\/wp-content\/uploads\/Den-hydrauliske-haeve-saenke-funktion.mp4\" autoplay=\"\" loop=\"\" muted=\"muted\" controlsList=\"nodownload\"><\/video>\n\t\t\t\t<\/div>\n\t\t\t\t\t\t<\/div>\n\t\t\t\t<\/div>\n\t\t\t\t<div class=\"elementor-element elementor-element-6800677 elementor-widget elementor-widget-heading\" data-id=\"6800677\" data-element_type=\"widget\" data-e-type=\"widget\" data-widget_type=\"heading.default\">\n\t\t\t\t<div class=\"elementor-widget-container\">\n\t\t\t\t\t<h4 class=\"elementor-heading-title elementor-size-default\">W\u00e4hlen Sie den Viehwagen, der zu Ihnen passt<\/h4>\t\t\t\t<\/div>\n\t\t\t\t<\/div>\n\t\t\t\t<div class=\"elementor-element elementor-element-7ca3dbf elementor-widget elementor-widget-text-editor\" data-id=\"7ca3dbf\" data-element_type=\"widget\" data-e-type=\"widget\" data-widget_type=\"text-editor.default\">\n\t\t\t\t<div class=\"elementor-widget-container\">\n\t\t\t\t\t\t\t\t\t<p>Wir haben eine gro\u00dfe Auswahl an verschiedenen Viehwagenmodellen, die serienm\u00e4\u00dfig mit Hydraulik ausgestattet sind. So k\u00f6nnen Sie das Modell w\u00e4hlen, das am besten zu Ihrem Betrieb und Ihren Bed\u00fcrfnissen passt. <\/p>\t\t\t\t\t\t\t\t<\/div>\n\t\t\t\t<\/div>\n\t\t\t\t<div class=\"elementor-element elementor-element-4d10c15 elementor-widget elementor-widget-text-editor\" data-id=\"4d10c15\" data-element_type=\"widget\" data-e-type=\"widget\" data-widget_type=\"text-editor.default\">\n\t\t\t\t<div class=\"elementor-widget-container\">\n\t\t\t\t\t\t\t\t\t<p><strong>Sehen Sie hier unsere gro\u00dfe Auswahl:<\/strong> <\/p>\t\t\t\t\t\t\t\t<\/div>\n\t\t\t\t<\/div>\n\t\t\t\t<div class=\"elementor-element elementor-element-63b3daa elementor-icon-list--layout-traditional elementor-list-item-link-full_width elementor-widget elementor-widget-icon-list\" data-id=\"63b3daa\" data-element_type=\"widget\" data-e-type=\"widget\" data-widget_type=\"icon-list.default\">\n\t\t\t\t<div class=\"elementor-widget-container\">\n\t\t\t\t\t\t\t<ul class=\"elementor-icon-list-items\">\n\t\t\t\t\t\t\t<li class=\"elementor-icon-list-item\">\n\t\t\t\t\t\t\t\t\t\t\t<a href=\"\/?product_cat=product_cat:btr,ny-hydraulikvogn\">\n\n\t\t\t\t\t\t\t\t\t\t\t\t<span class=\"elementor-icon-list-icon\">\n\t\t\t\t\t\t\t<i aria-hidden=\"true\" class=\"fas fa-shield-check\"><\/i>\t\t\t\t\t\t<\/span>\n\t\t\t\t\t\t\t\t\t\t<span class=\"elementor-icon-list-text\">DEH - DE Transportwagen <\/span>\n\t\t\t\t\t\t\t\t\t\t\t<\/a>\n\t\t\t\t\t\t\t\t\t<\/li>\n\t\t\t\t\t\t\t\t<li class=\"elementor-icon-list-item\">\n\t\t\t\t\t\t\t\t\t\t\t<a href=\"\/?product_cat=product_cat:combivogn-med-hydraulik\">\n\n\t\t\t\t\t\t\t\t\t\t\t\t<span class=\"elementor-icon-list-icon\">\n\t\t\t\t\t\t\t<i aria-hidden=\"true\" class=\"fas fa-check-circle\"><\/i>\t\t\t\t\t\t<\/span>\n\t\t\t\t\t\t\t\t\t\t<span class=\"elementor-icon-list-text\">CMH - Combivogn med hydraulik<\/span>\n\t\t\t\t\t\t\t\t\t\t\t<\/a>\n\t\t\t\t\t\t\t\t\t<\/li>\n\t\t\t\t\t\t\t\t<li class=\"elementor-icon-list-item\">\n\t\t\t\t\t\t\t\t\t\t\t<a href=\"\/?product_cat=product_cat:hydraulikvogn\">\n\n\t\t\t\t\t\t\t\t\t\t\t\t<span class=\"elementor-icon-list-icon\">\n\t\t\t\t\t\t\t<i aria-hidden=\"true\" class=\"fas fa-check-circle\"><\/i>\t\t\t\t\t\t<\/span>\n\t\t\t\t\t\t\t\t\t\t<span class=\"elementor-icon-list-text\">HYD - Hydraulikvogn<\/span>\n\t\t\t\t\t\t\t\t\t\t\t<\/a>\n\t\t\t\t\t\t\t\t\t<\/li>\n\t\t\t\t\t\t\t\t<li class=\"elementor-icon-list-item\">\n\t\t\t\t\t\t\t\t\t\t\t<a href=\"\/?product_cat=product_cat:ny-hydraulikvogn\">\n\n\t\t\t\t\t\t\t\t\t\t\t\t<span class=\"elementor-icon-list-icon\">\n\t\t\t\t\t\t\t<i aria-hidden=\"true\" class=\"fas fa-check-circle\"><\/i>\t\t\t\t\t\t<\/span>\n\t\t\t\t\t\t\t\t\t\t<span class=\"elementor-icon-list-text\">NHY - Neue Hydraulikwagen<\/span>\n\t\t\t\t\t\t\t\t\t\t\t<\/a>\n\t\t\t\t\t\t\t\t\t<\/li>\n\t\t\t\t\t\t<\/ul>\n\t\t\t\t\t\t<\/div>\n\t\t\t\t<\/div>\n\t\t<div class=\"elementor-element elementor-element-1014c6e e-con-full e-flex e-con e-child\" data-id=\"1014c6e\" data-element_type=\"container\" data-e-type=\"container\">\n\t\t\t\t<div class=\"elementor-element elementor-element-d2b818d elementor-widget elementor-widget-spacer\" data-id=\"d2b818d\" data-element_type=\"widget\" data-e-type=\"widget\" data-widget_type=\"spacer.default\">\n\t\t\t\t<div class=\"elementor-widget-container\">\n\t\t\t\t\t\t\t<div class=\"elementor-spacer\">\n\t\t\t<div class=\"elementor-spacer-inner\"><\/div>\n\t\t<\/div>\n\t\t\t\t\t\t<\/div>\n\t\t\t\t<\/div>\n\t\t\t\t<div class=\"elementor-element elementor-element-c5df60c elementor-widget elementor-widget-text-editor\" data-id=\"c5df60c\" data-element_type=\"widget\" data-e-type=\"widget\" data-widget_type=\"text-editor.default\">\n\t\t\t\t<div class=\"elementor-widget-container\">\n\t\t\t\t\t\t\t\t\t<p><strong>M\u00f6chten Sie mehr erfahren oder ben\u00f6tigen Sie Hilfe?<\/strong><\/p>\t\t\t\t\t\t\t\t<\/div>\n\t\t\t\t<\/div>\n\t\t\t\t<div class=\"elementor-element elementor-element-c7c947c elementor-align-left elementor-widget elementor-widget-button\" data-id=\"c7c947c\" data-element_type=\"widget\" data-e-type=\"widget\" data-widget_type=\"button.default\">\n\t\t\t\t<div class=\"elementor-widget-container\">\n\t\t\t\t\t\t\t\t\t<div class=\"elementor-button-wrapper\">\n\t\t\t\t\t<a class=\"elementor-button elementor-button-link elementor-size-sm\" href=\"https:\/\/jyfa.dk\/de\/kontaktieren-sie-uns\/\">\n\t\t\t\t\t\t<span class=\"elementor-button-content-wrapper\">\n\t\t\t\t\t\t\t\t\t<span class=\"elementor-button-text\">Kontaktieren Sie uns<\/span>\n\t\t\t\t\t<\/span>\n\t\t\t\t\t<\/a>\n\t\t\t\t<\/div>\n\t\t\t\t\t\t\t\t<\/div>\n\t\t\t\t<\/div>\n\t\t\t\t<\/div>\n\t\t\t\t<\/div>\n\t\t\t\t\t<\/div>\n\t\t\t\t<\/div>\n\t\t\t\t<\/div>\n\t\t","protected":false},"excerpt":{"rendered":"<p>Das effektive und stressfreie Be- und Entladen Die hydraulische Hebe- und Senkfunktion Einfach, schnell und sicher Wenn Sie einen JYFA-Viehwagen mit Hydraulik bestellen, erhalten Sie nicht nur einen Viehwagen mit langer Lebensdauer \u2013 Sie bekommen auch ein hervorragendes Arbeitsger\u00e4t f\u00fcr Ihren Betrieb. Die hydraulische Hebe- und Senkfunktion bietet viele Vorteile im t\u00e4glichen Einsatz. Wenn Sie [&hellip;]<\/p>\n","protected":false},"author":2,"featured_media":0,"parent":0,"menu_order":0,"comment_status":"closed","ping_status":"closed","template":"","meta":{"_acf_changed":false,"footnotes":""},"class_list":["post-11068","page","type-page","status-publish","hentry"],"acf":[],"yoast_head":"<!-- This site is optimized with the Yoast SEO plugin v27.5 - https:\/\/yoast.com\/product\/yoast-seo-wordpress\/ -->\n<title>Die hydraulische Hebe- und Senkfunktion | JYFA<\/title>\n<meta name=\"robots\" content=\"index, follow, max-snippet:-1, max-image-preview:large, max-video-preview:-1\" \/>\n<link rel=\"canonical\" href=\"https:\/\/jyfa.dk\/de\/die-hydraulische-hebe-und-senkfunktion\/\" \/>\n<meta property=\"og:locale\" content=\"de_DE\" \/>\n<meta property=\"og:type\" content=\"article\" \/>\n<meta property=\"og:title\" content=\"Die hydraulische Hebe- und Senkfunktion | JYFA\" \/>\n<meta property=\"og:description\" content=\"Das effektive und stressfreie Be- und Entladen Die hydraulische Hebe- und Senkfunktion Einfach, schnell und sicher Wenn Sie einen JYFA-Viehwagen mit Hydraulik bestellen, erhalten Sie nicht nur einen Viehwagen mit langer Lebensdauer \u2013 Sie bekommen auch ein hervorragendes Arbeitsger\u00e4t f\u00fcr Ihren Betrieb. Die hydraulische Hebe- und Senkfunktion bietet viele Vorteile im t\u00e4glichen Einsatz. Wenn Sie [&hellip;]\" \/>\n<meta property=\"og:url\" content=\"https:\/\/jyfa.dk\/de\/die-hydraulische-hebe-und-senkfunktion\/\" \/>\n<meta property=\"og:site_name\" content=\"JYFA\" \/>\n<meta property=\"article:modified_time\" content=\"2026-05-04T13:39:03+00:00\" \/>\n<meta name=\"twitter:card\" content=\"summary_large_image\" \/>\n<meta name=\"twitter:label1\" content=\"Gesch\u00e4tzte Lesezeit\" \/>\n\t<meta name=\"twitter:data1\" content=\"2\u00a0Minuten\" \/>\n<script type=\"application\/ld+json\" class=\"yoast-schema-graph\">{\"@context\":\"https:\\\/\\\/schema.org\",\"@graph\":[{\"@type\":\"WebPage\",\"@id\":\"https:\\\/\\\/jyfa.dk\\\/de\\\/die-hydraulische-hebe-und-senkfunktion\\\/\",\"url\":\"https:\\\/\\\/jyfa.dk\\\/de\\\/die-hydraulische-hebe-und-senkfunktion\\\/\",\"name\":\"Die hydraulische Hebe- und Senkfunktion | JYFA\",\"isPartOf\":{\"@id\":\"https:\\\/\\\/jyfa.dk\\\/de\\\/#website\"},\"datePublished\":\"2026-03-13T19:18:57+00:00\",\"dateModified\":\"2026-05-04T13:39:03+00:00\",\"breadcrumb\":{\"@id\":\"https:\\\/\\\/jyfa.dk\\\/de\\\/die-hydraulische-hebe-und-senkfunktion\\\/#breadcrumb\"},\"inLanguage\":\"de\",\"potentialAction\":[{\"@type\":\"ReadAction\",\"target\":[\"https:\\\/\\\/jyfa.dk\\\/de\\\/die-hydraulische-hebe-und-senkfunktion\\\/\"]}]},{\"@type\":\"BreadcrumbList\",\"@id\":\"https:\\\/\\\/jyfa.dk\\\/de\\\/die-hydraulische-hebe-und-senkfunktion\\\/#breadcrumb\",\"itemListElement\":[{\"@type\":\"ListItem\",\"position\":1,\"name\":\"Forside\",\"item\":\"https:\\\/\\\/jyfa.dk\\\/de\\\/\"},{\"@type\":\"ListItem\",\"position\":2,\"name\":\"Die hydraulische Hebe- und Senkfunktion\"}]},{\"@type\":\"WebSite\",\"@id\":\"https:\\\/\\\/jyfa.dk\\\/de\\\/#website\",\"url\":\"https:\\\/\\\/jyfa.dk\\\/de\\\/\",\"name\":\"JYFA\",\"description\":\"\",\"publisher\":{\"@id\":\"https:\\\/\\\/jyfa.dk\\\/de\\\/#organization\"},\"potentialAction\":[{\"@type\":\"SearchAction\",\"target\":{\"@type\":\"EntryPoint\",\"urlTemplate\":\"https:\\\/\\\/jyfa.dk\\\/de\\\/?s={search_term_string}\"},\"query-input\":{\"@type\":\"PropertyValueSpecification\",\"valueRequired\":true,\"valueName\":\"search_term_string\"}}],\"inLanguage\":\"de\"},{\"@type\":\"Organization\",\"@id\":\"https:\\\/\\\/jyfa.dk\\\/de\\\/#organization\",\"name\":\"JYFA\",\"url\":\"https:\\\/\\\/jyfa.dk\\\/de\\\/\",\"logo\":{\"@type\":\"ImageObject\",\"inLanguage\":\"de\",\"@id\":\"https:\\\/\\\/jyfa.dk\\\/de\\\/#\\\/schema\\\/logo\\\/image\\\/\",\"url\":\"https:\\\/\\\/jyfa.dk\\\/wp-content\\\/uploads\\\/JYFA-Logo2-scaled-e1771414837114.png\",\"contentUrl\":\"https:\\\/\\\/jyfa.dk\\\/wp-content\\\/uploads\\\/JYFA-Logo2-scaled-e1771414837114.png\",\"width\":2007,\"height\":770,\"caption\":\"JYFA\"},\"image\":{\"@id\":\"https:\\\/\\\/jyfa.dk\\\/de\\\/#\\\/schema\\\/logo\\\/image\\\/\"}}]}<\/script>\n<!-- \/ Yoast SEO plugin. -->","yoast_head_json":{"title":"Die hydraulische Hebe- und Senkfunktion | JYFA","robots":{"index":"index","follow":"follow","max-snippet":"max-snippet:-1","max-image-preview":"max-image-preview:large","max-video-preview":"max-video-preview:-1"},"canonical":"https:\/\/jyfa.dk\/de\/die-hydraulische-hebe-und-senkfunktion\/","og_locale":"de_DE","og_type":"article","og_title":"Die hydraulische Hebe- und Senkfunktion | JYFA","og_description":"Das effektive und stressfreie Be- und Entladen Die hydraulische Hebe- und Senkfunktion Einfach, schnell und sicher Wenn Sie einen JYFA-Viehwagen mit Hydraulik bestellen, erhalten Sie nicht nur einen Viehwagen mit langer Lebensdauer \u2013 Sie bekommen auch ein hervorragendes Arbeitsger\u00e4t f\u00fcr Ihren Betrieb. Die hydraulische Hebe- und Senkfunktion bietet viele Vorteile im t\u00e4glichen Einsatz. Wenn Sie [&hellip;]","og_url":"https:\/\/jyfa.dk\/de\/die-hydraulische-hebe-und-senkfunktion\/","og_site_name":"JYFA","article_modified_time":"2026-05-04T13:39:03+00:00","twitter_card":"summary_large_image","twitter_misc":{"Gesch\u00e4tzte Lesezeit":"2\u00a0Minuten"},"schema":{"@context":"https:\/\/schema.org","@graph":[{"@type":"WebPage","@id":"https:\/\/jyfa.dk\/de\/die-hydraulische-hebe-und-senkfunktion\/","url":"https:\/\/jyfa.dk\/de\/die-hydraulische-hebe-und-senkfunktion\/","name":"Die hydraulische Hebe- und Senkfunktion | JYFA","isPartOf":{"@id":"https:\/\/jyfa.dk\/de\/#website"},"datePublished":"2026-03-13T19:18:57+00:00","dateModified":"2026-05-04T13:39:03+00:00","breadcrumb":{"@id":"https:\/\/jyfa.dk\/de\/die-hydraulische-hebe-und-senkfunktion\/#breadcrumb"},"inLanguage":"de","potentialAction":[{"@type":"ReadAction","target":["https:\/\/jyfa.dk\/de\/die-hydraulische-hebe-und-senkfunktion\/"]}]},{"@type":"BreadcrumbList","@id":"https:\/\/jyfa.dk\/de\/die-hydraulische-hebe-und-senkfunktion\/#breadcrumb","itemListElement":[{"@type":"ListItem","position":1,"name":"Forside","item":"https:\/\/jyfa.dk\/de\/"},{"@type":"ListItem","position":2,"name":"Die hydraulische Hebe- und Senkfunktion"}]},{"@type":"WebSite","@id":"https:\/\/jyfa.dk\/de\/#website","url":"https:\/\/jyfa.dk\/de\/","name":"JYFA","description":"","publisher":{"@id":"https:\/\/jyfa.dk\/de\/#organization"},"potentialAction":[{"@type":"SearchAction","target":{"@type":"EntryPoint","urlTemplate":"https:\/\/jyfa.dk\/de\/?s={search_term_string}"},"query-input":{"@type":"PropertyValueSpecification","valueRequired":true,"valueName":"search_term_string"}}],"inLanguage":"de"},{"@type":"Organization","@id":"https:\/\/jyfa.dk\/de\/#organization","name":"JYFA","url":"https:\/\/jyfa.dk\/de\/","logo":{"@type":"ImageObject","inLanguage":"de","@id":"https:\/\/jyfa.dk\/de\/#\/schema\/logo\/image\/","url":"https:\/\/jyfa.dk\/wp-content\/uploads\/JYFA-Logo2-scaled-e1771414837114.png","contentUrl":"https:\/\/jyfa.dk\/wp-content\/uploads\/JYFA-Logo2-scaled-e1771414837114.png","width":2007,"height":770,"caption":"JYFA"},"image":{"@id":"https:\/\/jyfa.dk\/de\/#\/schema\/logo\/image\/"}}]}},"_links":{"self":[{"href":"https:\/\/jyfa.dk\/de\/wp-json\/wp\/v2\/pages\/11068","targetHints":{"allow":["GET"]}}],"collection":[{"href":"https:\/\/jyfa.dk\/de\/wp-json\/wp\/v2\/pages"}],"about":[{"href":"https:\/\/jyfa.dk\/de\/wp-json\/wp\/v2\/types\/page"}],"author":[{"embeddable":true,"href":"https:\/\/jyfa.dk\/de\/wp-json\/wp\/v2\/users\/2"}],"replies":[{"embeddable":true,"href":"https:\/\/jyfa.dk\/de\/wp-json\/wp\/v2\/comments?post=11068"}],"version-history":[{"count":1,"href":"https:\/\/jyfa.dk\/de\/wp-json\/wp\/v2\/pages\/11068\/revisions"}],"predecessor-version":[{"id":11070,"href":"https:\/\/jyfa.dk\/de\/wp-json\/wp\/v2\/pages\/11068\/revisions\/11070"}],"wp:attachment":[{"href":"https:\/\/jyfa.dk\/de\/wp-json\/wp\/v2\/media?parent=11068"}],"curies":[{"name":"wp","href":"https:\/\/api.w.org\/{rel}","templated":true}]}}