{"id":11116,"date":"2019-12-30T13:31:16","date_gmt":"2019-12-30T12:31:16","guid":{"rendered":"https:\/\/jyfa.dk\/verkaufs-und-lieferbedingungen\/"},"modified":"2026-05-05T13:29:14","modified_gmt":"2026-05-05T11:29:14","slug":"verkaufs-und-lieferbedingungen","status":"publish","type":"page","link":"https:\/\/jyfa.dk\/de\/verkaufs-und-lieferbedingungen\/","title":{"rendered":"Verkaufs- und Lieferbedingungen"},"content":{"rendered":"\t\t<div data-elementor-type=\"wp-page\" data-elementor-id=\"11116\" class=\"elementor elementor-11116 elementor-372\" data-elementor-post-type=\"page\">\n\t\t\t\t<div class=\"elementor-element elementor-element-d2189af e-flex e-con-boxed e-con e-parent\" data-id=\"d2189af\" data-element_type=\"container\" data-e-type=\"container\">\n\t\t\t\t\t<div class=\"e-con-inner\">\n\t\t<div class=\"elementor-element elementor-element-109712c e-con-full e-flex e-con e-child\" data-id=\"109712c\" data-element_type=\"container\" data-e-type=\"container\" data-settings=\"{&quot;background_background&quot;:&quot;classic&quot;}\">\n\t\t<div class=\"elementor-element elementor-element-899386a e-con-full e-flex e-con e-child\" data-id=\"899386a\" data-element_type=\"container\" data-e-type=\"container\">\n\t\t\t\t<\/div>\n\t\t\t\t<\/div>\n\t\t\t\t\t<\/div>\n\t\t\t\t<\/div>\n\t\t<div class=\"elementor-element elementor-element-3316727 e-flex e-con-boxed e-con e-parent\" data-id=\"3316727\" data-element_type=\"container\" data-e-type=\"container\" data-settings=\"{&quot;background_background&quot;:&quot;classic&quot;}\">\n\t\t\t\t\t<div class=\"e-con-inner\">\n\t\t\t\t<div class=\"elementor-element elementor-element-f8ae5af elementor-widget elementor-widget-text-editor\" data-id=\"f8ae5af\" data-element_type=\"widget\" data-e-type=\"widget\" data-widget_type=\"text-editor.default\">\n\t\t\t\t<div class=\"elementor-widget-container\">\n\t\t\t\t\t\t\t\t\t<h3>ALLGEMEINE VERKAUFS- UND LIEFERBEDINGUNGEN<\/h3><p><strong>1. GELTUNGSBEREICH<br><\/strong>S\u00e4mtliche Angebote, Verk\u00e4ufe und Lieferungen von JYFA V\/PREBEN TVERMOSE, Ust-IdNr. DK89056616 (nachstehend als JYFA bezeichnet) unterliegen den nachstehenden allgemeinen Verkaufs- und Lieferbedingungen, es sei denn, dass Anderweitiges aus unver\u00e4nderlicher Gesetzgebung hervorgeht oder eine gesonderte schriftliche Vereinbarung zwischen den Parteien vorliegt.<\/p><p><strong>2. ANGEBOT UND BESTELLBEST\u00c4TIGUNG<\/strong><br>S\u00e4mtliche Bestellungen von Produkten, Ersatzteilen sowie Dienstleistungen (nachstehend als Produkte bezeichnet), die bei JYFA erworben werden, gelten erst dann als get\u00e4tigt, wenn der Kunde die Bestellbest\u00e4tigung von JYFA erhalten hat. Lediglich die in der Bestellbest\u00e4tigung aufgef\u00fchrten Posten sind f\u00fcr JYFA verbindlich. Sofern der Kunde die Bestellbest\u00e4tigung nicht akzeptiert, muss er dies innerhalb von 5 Tagen nach Erhalt der Best\u00e4tigung auf schriftlichem Wege mitteilen. Sofern nicht anderweitig angegeben, verf\u00e4llt das Angebot 14 Tage nach Aussendung.  <\/p><p>Hinsichtlich der Angebote und Bestellbest\u00e4tigungen beh\u00e4lt sich der JYFA das Recht auf Zwischenverk\u00e4ufe vor. Im Falle von Zwischenverk\u00e4ufen, die nicht auf einem bestehenden H\u00e4ndlervertrag beruhen, beh\u00e4lt sich JYFA das Recht vor, vom Angebot oder der Bestellung zur\u00fcckzutreten, ohne dass der Kunde diesbez\u00fcgliche Forderungen gegen\u00fcber JYFA geltend machen kann. <\/p><p><strong>3. ZEICHNUNGEN, BESCHREIBUNGEN, MODELLE USW.<\/strong><br>S\u00e4mtliche Zeichnungen, technischen Dokumente usw. hinsichtlich der Produkte von JYFA oder deren Herstellung, die dem Kunden vor Eingehen des Vertrags \u00fcbermittelt werden, verbleiben Eigentum von JYFA. Von dieser Bestimmung umfasstes Material darf unter keinen Umst\u00e4nden zweckentfremdet oder an Dritte weitergegeben werden und ist unmittelbar an JYFA zur\u00fcckzugeben, sofern das Angebot nicht akzeptiert wird. <\/p><p>Angaben von JYFA, einem JYFA-H\u00e4ndler oder einem Zusammenarbeitspartner von JYFA in Bezug auf Nutzbarkeit, Gewicht, Ma\u00dfe, Kapazit\u00e4t und technische Daten in und auf Katalogen, Programmen, Brosch\u00fcren, Typenschildern, Bedienungsanleitungen, Anzeigen, Datenbl\u00e4tter, Webseiten, E-Mails, Angebote, Bestellbest\u00e4tigungen, Online-Medien sowie Facebook sind lediglich als Richtwerte und als unverbindlich zu betrachten. JYFA \u00fcbernimmt keine Haftung daf\u00fcr, dass die Lieferung nicht den Bed\u00fcrfnissen oder Anwendungszwecken des Kunden entsprechen, es sei denn, dass der Kunde dies im Voraus angefordert und sich eine schriftliche Best\u00e4tigung von JYFA eingeholt hat. <\/p><p><strong>4. PREISE<\/strong><br>Die Preise der Produkte von JYFA gehen aus den Preislisten hervor, die zu dem Zeitpunkt g\u00fcltig sind, an dem JYFA die Bestellung des Kunden best\u00e4tigt. Preise sind entweder in d\u00e4nischen Kronen oder in Euro aufgef\u00fchrt und verstehen sich zuz\u00fcglich Mehrwertsteuer, Versandkosten, Zuschl\u00e4gen, Geb\u00fchren usw. <\/p><p><strong>5. ZAHLUNG<\/strong><br>F\u00fcr Kunden, die keinen Kreditvertrag mit JYFA abgeschlossen haben, wird die Zahlung von Produkten vor Lieferung der Waren f\u00e4llig. Ist die Zahlung nicht fristgerecht eingegangen, werden Zinsen in H\u00f6he von 2 % f\u00fcr jeden angebrochenen Monat erhoben, die bis zur endg\u00fcltigen Zahlung anlaufen. JYFA ist dazu berechtigt, Mahngeb\u00fchren und einen Kompensationsbetrag gem\u00e4\u00df den Bestimmungen des d\u00e4nischen Zinsgesetzes einzufordern. JYFA beh\u00e4lt sich das Recht vor, s\u00e4mtliche weiteren aktuellen Lieferungen einzubehalten und die \u00dcbergabe bestellter Waren zu verhindern, sofern die Kaufsumme nicht fristgerecht beglichen wird.   <\/p><p><strong>6. EIGENTUMSVERH\u00c4LTNISSE<\/strong><br>JYFA beh\u00e4lt sich das Eigentumsrecht auf gelieferte Produkte vor, bis die gesamte Kaufsumme einschlie\u00dflich Lieferkosten sowie eventueller Unkosten und Zinsen vollst\u00e4ndig an JYFA oder die Instanz gezahlt wurden, an die JYFA entsprechendes Recht \u00fcbertragen hat.<\/p><p><strong>7. LIEFERUNG UND RISIKO\u00dcBERGANG<\/strong><br>JYFA liefert s\u00e4mtliche verkauften Produkte zu dem Zeitpunkt, der aus der Bestellbest\u00e4tigung von JYFA hervorgeht. Falls keine anderweitige schriftliche Vereinbarung getroffen wurde, erfolgt die Lieferung ab Werk bei JYFA in Brande. Demnach tr\u00e4gt der Kunden s\u00e4mtliche Risiken in Bezug auf die praktischen Begebenheiten, die den Transport, das Entladen und das Auspacken der Produkte betreffen. Dies gilt ungeachtet des Bestellumfangs und unabh\u00e4ngig davon, ob die Ausgaben f\u00fcr den Transport der Waren ab dem Werk von JYFA an den Kunden in der Kaufsumme enthalten sind. Sofern JYFA die Ausgaben f\u00fcr den Transport des Produkts im Rahmen der Kaufsumme tr\u00e4gt, muss eine entsprechende schriftliche Vereinbarung vorliegen.   <\/p><p><strong>8. R\u00dcCKGABE<\/strong><br>Sofern nicht im Voraus und schriftlich von JYFA best\u00e4tigt, k\u00f6nnen bestellte Produkte nicht zur\u00fcckgegeben werden. Sofern sich JYFA mit einer R\u00fccksendung des Produkts einverstanden erkl\u00e4rt, tr\u00e4gt der Kunden die Kosten f\u00fcr Versand, Verpackung usw., die sich sowohl auf die Lieferung an den Kunden als auch auf die R\u00fccksendung an JYFA beziehen. <\/p><p><strong>9. REKLAMATION<\/strong><br>Der Kunde ist dazu angehalten, s\u00e4mtliche Produkte unmittelbar nach Erhalt zu kontrollieren. Entdeckt der Kunde einen Fehler oder Mangel, auf den er sich berufen m\u00f6chte, muss er JYFA unmittelbar in Kenntnis setzen. Der Kunde ist nicht dazu berechtigt, sich auf Fehler oder Mangel zu berufen, die er entdeckt hat oder h\u00e4tte entdecken sollen und JYFA nicht unmittelbar schriftlich mitgeteilt hat.  <\/p><p>Der Kunden kann sich nicht auf Fehler und M\u00e4ngel berufen, die (i) auf \u00fcblichem Verschlei\u00df und Produktalter beruhen, (ii) durch eine Lagerung, Installation, Pflege, Nutzung oder Wartung entstanden sind, die nicht gem\u00e4\u00df den Anweisungen von JYFA oder der \u00fcblichen Praxis erfolgt ist, (iii) die aus Reparaturen oder Modifikationen herr\u00fchren, die nicht von JYFA genehmigt wurden, oder (iv) die auf anderweitigen Umst\u00e4nden beruhen, f\u00fcr die JYFA nicht haftet. Sofern die Reklamation des Kunden als unberechtigt eingestuft wird, stellt JYFA dem Kunden die f\u00fcr die Abwicklung der Reklamation aufgewendete Zeit, jedoch mindestens 650,00 DKK, sowie die Kosten f\u00fcr den Versand in Rechnung, die mit der R\u00fccksendung des Produkts in Verbindung stehen.      <\/p><p><strong>10. HAFTUNG F\u00dcR M\u00c4NGEL UND VERZ\u00d6GERUNGEN<\/strong><br>JYFA haftet nicht f\u00fcr betriebliche Verluste, Gewinnverluste oder indirekte Verluste, die aus dem Vertrag herr\u00fchren, darunter solche, die aufgrund von Verz\u00f6gerungen der oder M\u00e4ngeln an den erworbenen Produkten entstehen. Anderweitige Verluste, die vom Kunden nachgewiesen werden k\u00f6nnen, unterliegen den allgemeinen Erstattungsregeln der d\u00e4nischen Gesetzgebung, wobei sich die Erstattungspflicht von JYFA jedoch auf den im Angebot oder in der Bestellbest\u00e4tigung angegebenen Preis beschr\u00e4nkt. Der Kunde h\u00e4lt das JYFA schadlos gegen\u00fcber Forderungen, die \u00fcber die Produkthaftung hinausgehen.  <\/p><p>Der Kunde ist dazu angehalten, JYFA ohne unbegr\u00fcndete Verz\u00f6gerung in Kenntnis zu setzen, sofern ein Schaden entstanden ist, der unter die Produkthaftung f\u00e4llt, oder sofern beurteilt wurde, dass ein solcher Schaden droht.<\/p><p><strong>11. H\u00d6HERE GEWALT<\/strong><br>JYFA haftet dem Kunden gegen\u00fcber nicht f\u00fcr die mangelnde Erf\u00fcllung der Pflichten von JYFA, sofern dies auf h\u00f6herer Gewalt beruht. Die Freistellung von der Haftung gilt, solange das Ereignis h\u00f6herer Gewalt besteht. Als h\u00f6here Gewalt werden Umst\u00e4nde erachtet, die au\u00dferhalb der Kontrolle von JYFA liegen und die JYFA zum Zeitpunkt des Vertragsschlusses nicht h\u00e4tte voraussehen k\u00f6nnen. Beispiele f\u00fcr h\u00f6here Gewalt sind ungew\u00f6hnliche Naturereignisse, Pandemien, Kriege, Terror, Br\u00e4nde, \u00dcberflutungen und allgemeine Arbeitskonflikte.   <\/p><p><strong>12. IMMATERIELLE G\u00dcTER<\/strong><br>JYFA ist alleiniger Eigent\u00fcmer aller immateriellen G\u00fcter, die sich auf Produkte und Ersatzteile beziehen, darunter Patente, Designs, Marken, technische Zeichnungen und Urheberrechte.<\/p><p>Sofern nicht im Voraus von JYFA genehmigt, ist der Kunde nicht dazu berechtigt, das Produkt und\/oder das Dokumentationsmaterial zu kopieren oder \u00c4nderungen am Produkt vorzunehmen. Der Kunde tr\u00e4gt die volle Verantwortung f\u00fcr Produkte, die vom Kunden oder einem Dritten ohne vorherige schriftliche Genehmigung von JYFA modifiziert wurden. <\/p><p><strong>13. GELTENDES RECHT UND GERICHTSSTAND<\/strong><br>Jegliche Streitigkeiten zwischen den Parteien unterliegen d\u00e4nischem Recht, Gerichtsstand ist Herning. So findet beispielsweise das UN-Kaufrecht keine Anwendung hinsichtlich der rechtlichen Verh\u00e4ltnisse zwischen den Parteien. <\/p><p><strong>14. \u00dcBERSETZUNG<\/strong><br>Im Falle von Unstimmigkeiten zwischen den vorliegenden und in d\u00e4nischer Sprache abgefassten allgemeinen Verkaufs- und Lieferbedingungen und den entsprechenden \u00dcbersetzungen genie\u00dft die d\u00e4nische Version Vorrang.<\/p><p><strong>15. \u00c4NDERUNGEN<\/strong><br>JYFA beh\u00e4lt sich das Recht vor, \u00c4nderungen an diesen Verkaufs- und Lieferbedingungen vorzunehmen. Die zu jedwedem Zeitpunkt geltenden Verkaufs- und Lieferbedingungen finden Sie stets auf www.jyfa.dk. <\/p><h2><strong> <\/strong><\/h2>\t\t\t\t\t\t\t\t<\/div>\n\t\t\t\t<\/div>\n\t\t\t\t\t<\/div>\n\t\t\t\t<\/div>\n\t\t\t\t<\/div>\n\t\t","protected":false},"excerpt":{"rendered":"<p>ALLGEMEINE VERKAUFS- UND LIEFERBEDINGUNGEN 1. GELTUNGSBEREICHS\u00e4mtliche Angebote, Verk\u00e4ufe und Lieferungen von JYFA V\/PREBEN TVERMOSE, Ust-IdNr. DK89056616 (nachstehend als JYFA bezeichnet) unterliegen den nachstehenden allgemeinen Verkaufs- und Lieferbedingungen, es sei denn, dass Anderweitiges aus unver\u00e4nderlicher Gesetzgebung hervorgeht oder eine gesonderte schriftliche Vereinbarung zwischen den Parteien vorliegt. 2. ANGEBOT UND BESTELLBEST\u00c4TIGUNGS\u00e4mtliche Bestellungen von Produkten, Ersatzteilen sowie Dienstleistungen [&hellip;]<\/p>\n","protected":false},"author":1,"featured_media":0,"parent":0,"menu_order":0,"comment_status":"closed","ping_status":"closed","template":"","meta":{"_acf_changed":false,"footnotes":""},"class_list":["post-11116","page","type-page","status-publish","hentry"],"acf":[],"yoast_head":"<!-- This site is optimized with the Yoast SEO plugin v27.5 - https:\/\/yoast.com\/product\/yoast-seo-wordpress\/ -->\n<title>Verkaufs- und Lieferbedingungen | JYFA<\/title>\n<meta name=\"robots\" content=\"index, follow, max-snippet:-1, max-image-preview:large, max-video-preview:-1\" \/>\n<link rel=\"canonical\" href=\"https:\/\/jyfa.dk\/de\/verkaufs-und-lieferbedingungen\/\" \/>\n<meta property=\"og:locale\" content=\"de_DE\" \/>\n<meta property=\"og:type\" content=\"article\" \/>\n<meta property=\"og:title\" content=\"Verkaufs- und Lieferbedingungen | JYFA\" \/>\n<meta property=\"og:description\" content=\"ALLGEMEINE VERKAUFS- UND LIEFERBEDINGUNGEN 1. GELTUNGSBEREICHS\u00e4mtliche Angebote, Verk\u00e4ufe und Lieferungen von JYFA V\/PREBEN TVERMOSE, Ust-IdNr. DK89056616 (nachstehend als JYFA bezeichnet) unterliegen den nachstehenden allgemeinen Verkaufs- und Lieferbedingungen, es sei denn, dass Anderweitiges aus unver\u00e4nderlicher Gesetzgebung hervorgeht oder eine gesonderte schriftliche Vereinbarung zwischen den Parteien vorliegt. 2. ANGEBOT UND BESTELLBEST\u00c4TIGUNGS\u00e4mtliche Bestellungen von Produkten, Ersatzteilen sowie Dienstleistungen [&hellip;]\" \/>\n<meta property=\"og:url\" content=\"https:\/\/jyfa.dk\/de\/verkaufs-und-lieferbedingungen\/\" \/>\n<meta property=\"og:site_name\" content=\"JYFA\" \/>\n<meta property=\"article:modified_time\" content=\"2026-05-05T11:29:14+00:00\" \/>\n<meta name=\"twitter:card\" content=\"summary_large_image\" \/>\n<meta name=\"twitter:label1\" content=\"Gesch\u00e4tzte Lesezeit\" \/>\n\t<meta name=\"twitter:data1\" content=\"6\u00a0Minuten\" \/>\n<script type=\"application\/ld+json\" class=\"yoast-schema-graph\">{\"@context\":\"https:\\\/\\\/schema.org\",\"@graph\":[{\"@type\":\"WebPage\",\"@id\":\"https:\\\/\\\/jyfa.dk\\\/de\\\/verkaufs-und-lieferbedingungen\\\/\",\"url\":\"https:\\\/\\\/jyfa.dk\\\/de\\\/verkaufs-und-lieferbedingungen\\\/\",\"name\":\"Verkaufs- und Lieferbedingungen | JYFA\",\"isPartOf\":{\"@id\":\"https:\\\/\\\/jyfa.dk\\\/de\\\/#website\"},\"datePublished\":\"2019-12-30T12:31:16+00:00\",\"dateModified\":\"2026-05-05T11:29:14+00:00\",\"breadcrumb\":{\"@id\":\"https:\\\/\\\/jyfa.dk\\\/de\\\/verkaufs-und-lieferbedingungen\\\/#breadcrumb\"},\"inLanguage\":\"de\",\"potentialAction\":[{\"@type\":\"ReadAction\",\"target\":[\"https:\\\/\\\/jyfa.dk\\\/de\\\/verkaufs-und-lieferbedingungen\\\/\"]}]},{\"@type\":\"BreadcrumbList\",\"@id\":\"https:\\\/\\\/jyfa.dk\\\/de\\\/verkaufs-und-lieferbedingungen\\\/#breadcrumb\",\"itemListElement\":[{\"@type\":\"ListItem\",\"position\":1,\"name\":\"Forside\",\"item\":\"https:\\\/\\\/jyfa.dk\\\/de\\\/\"},{\"@type\":\"ListItem\",\"position\":2,\"name\":\"Verkaufs- und Lieferbedingungen\"}]},{\"@type\":\"WebSite\",\"@id\":\"https:\\\/\\\/jyfa.dk\\\/de\\\/#website\",\"url\":\"https:\\\/\\\/jyfa.dk\\\/de\\\/\",\"name\":\"JYFA\",\"description\":\"\",\"publisher\":{\"@id\":\"https:\\\/\\\/jyfa.dk\\\/de\\\/#organization\"},\"potentialAction\":[{\"@type\":\"SearchAction\",\"target\":{\"@type\":\"EntryPoint\",\"urlTemplate\":\"https:\\\/\\\/jyfa.dk\\\/de\\\/?s={search_term_string}\"},\"query-input\":{\"@type\":\"PropertyValueSpecification\",\"valueRequired\":true,\"valueName\":\"search_term_string\"}}],\"inLanguage\":\"de\"},{\"@type\":\"Organization\",\"@id\":\"https:\\\/\\\/jyfa.dk\\\/de\\\/#organization\",\"name\":\"JYFA\",\"url\":\"https:\\\/\\\/jyfa.dk\\\/de\\\/\",\"logo\":{\"@type\":\"ImageObject\",\"inLanguage\":\"de\",\"@id\":\"https:\\\/\\\/jyfa.dk\\\/de\\\/#\\\/schema\\\/logo\\\/image\\\/\",\"url\":\"https:\\\/\\\/jyfa.dk\\\/wp-content\\\/uploads\\\/JYFA-Logo2-scaled-e1771414837114.png\",\"contentUrl\":\"https:\\\/\\\/jyfa.dk\\\/wp-content\\\/uploads\\\/JYFA-Logo2-scaled-e1771414837114.png\",\"width\":2007,\"height\":770,\"caption\":\"JYFA\"},\"image\":{\"@id\":\"https:\\\/\\\/jyfa.dk\\\/de\\\/#\\\/schema\\\/logo\\\/image\\\/\"}}]}<\/script>\n<!-- \/ Yoast SEO plugin. -->","yoast_head_json":{"title":"Verkaufs- und Lieferbedingungen | JYFA","robots":{"index":"index","follow":"follow","max-snippet":"max-snippet:-1","max-image-preview":"max-image-preview:large","max-video-preview":"max-video-preview:-1"},"canonical":"https:\/\/jyfa.dk\/de\/verkaufs-und-lieferbedingungen\/","og_locale":"de_DE","og_type":"article","og_title":"Verkaufs- und Lieferbedingungen | JYFA","og_description":"ALLGEMEINE VERKAUFS- UND LIEFERBEDINGUNGEN 1. GELTUNGSBEREICHS\u00e4mtliche Angebote, Verk\u00e4ufe und Lieferungen von JYFA V\/PREBEN TVERMOSE, Ust-IdNr. DK89056616 (nachstehend als JYFA bezeichnet) unterliegen den nachstehenden allgemeinen Verkaufs- und Lieferbedingungen, es sei denn, dass Anderweitiges aus unver\u00e4nderlicher Gesetzgebung hervorgeht oder eine gesonderte schriftliche Vereinbarung zwischen den Parteien vorliegt. 2. ANGEBOT UND BESTELLBEST\u00c4TIGUNGS\u00e4mtliche Bestellungen von Produkten, Ersatzteilen sowie Dienstleistungen [&hellip;]","og_url":"https:\/\/jyfa.dk\/de\/verkaufs-und-lieferbedingungen\/","og_site_name":"JYFA","article_modified_time":"2026-05-05T11:29:14+00:00","twitter_card":"summary_large_image","twitter_misc":{"Gesch\u00e4tzte Lesezeit":"6\u00a0Minuten"},"schema":{"@context":"https:\/\/schema.org","@graph":[{"@type":"WebPage","@id":"https:\/\/jyfa.dk\/de\/verkaufs-und-lieferbedingungen\/","url":"https:\/\/jyfa.dk\/de\/verkaufs-und-lieferbedingungen\/","name":"Verkaufs- und Lieferbedingungen | JYFA","isPartOf":{"@id":"https:\/\/jyfa.dk\/de\/#website"},"datePublished":"2019-12-30T12:31:16+00:00","dateModified":"2026-05-05T11:29:14+00:00","breadcrumb":{"@id":"https:\/\/jyfa.dk\/de\/verkaufs-und-lieferbedingungen\/#breadcrumb"},"inLanguage":"de","potentialAction":[{"@type":"ReadAction","target":["https:\/\/jyfa.dk\/de\/verkaufs-und-lieferbedingungen\/"]}]},{"@type":"BreadcrumbList","@id":"https:\/\/jyfa.dk\/de\/verkaufs-und-lieferbedingungen\/#breadcrumb","itemListElement":[{"@type":"ListItem","position":1,"name":"Forside","item":"https:\/\/jyfa.dk\/de\/"},{"@type":"ListItem","position":2,"name":"Verkaufs- und Lieferbedingungen"}]},{"@type":"WebSite","@id":"https:\/\/jyfa.dk\/de\/#website","url":"https:\/\/jyfa.dk\/de\/","name":"JYFA","description":"","publisher":{"@id":"https:\/\/jyfa.dk\/de\/#organization"},"potentialAction":[{"@type":"SearchAction","target":{"@type":"EntryPoint","urlTemplate":"https:\/\/jyfa.dk\/de\/?s={search_term_string}"},"query-input":{"@type":"PropertyValueSpecification","valueRequired":true,"valueName":"search_term_string"}}],"inLanguage":"de"},{"@type":"Organization","@id":"https:\/\/jyfa.dk\/de\/#organization","name":"JYFA","url":"https:\/\/jyfa.dk\/de\/","logo":{"@type":"ImageObject","inLanguage":"de","@id":"https:\/\/jyfa.dk\/de\/#\/schema\/logo\/image\/","url":"https:\/\/jyfa.dk\/wp-content\/uploads\/JYFA-Logo2-scaled-e1771414837114.png","contentUrl":"https:\/\/jyfa.dk\/wp-content\/uploads\/JYFA-Logo2-scaled-e1771414837114.png","width":2007,"height":770,"caption":"JYFA"},"image":{"@id":"https:\/\/jyfa.dk\/de\/#\/schema\/logo\/image\/"}}]}},"_links":{"self":[{"href":"https:\/\/jyfa.dk\/de\/wp-json\/wp\/v2\/pages\/11116","targetHints":{"allow":["GET"]}}],"collection":[{"href":"https:\/\/jyfa.dk\/de\/wp-json\/wp\/v2\/pages"}],"about":[{"href":"https:\/\/jyfa.dk\/de\/wp-json\/wp\/v2\/types\/page"}],"author":[{"embeddable":true,"href":"https:\/\/jyfa.dk\/de\/wp-json\/wp\/v2\/users\/1"}],"replies":[{"embeddable":true,"href":"https:\/\/jyfa.dk\/de\/wp-json\/wp\/v2\/comments?post=11116"}],"version-history":[{"count":3,"href":"https:\/\/jyfa.dk\/de\/wp-json\/wp\/v2\/pages\/11116\/revisions"}],"predecessor-version":[{"id":11120,"href":"https:\/\/jyfa.dk\/de\/wp-json\/wp\/v2\/pages\/11116\/revisions\/11120"}],"wp:attachment":[{"href":"https:\/\/jyfa.dk\/de\/wp-json\/wp\/v2\/media?parent=11116"}],"curies":[{"name":"wp","href":"https:\/\/api.w.org\/{rel}","templated":true}]}}