{"id":9362,"date":"2026-03-19T15:27:48","date_gmt":"2026-03-19T14:27:48","guid":{"rendered":"https:\/\/jyfa.dk\/bremseproevestand\/"},"modified":"2026-05-07T13:05:42","modified_gmt":"2026-05-07T11:05:42","slug":"bremseproevestand","status":"publish","type":"page","link":"https:\/\/jyfa.dk\/de\/bremseproevestand\/","title":{"rendered":"Bremsenpr\u00fcfstand"},"content":{"rendered":"\t\t<div data-elementor-type=\"wp-page\" data-elementor-id=\"9362\" class=\"elementor elementor-9362 elementor-8498\" data-elementor-post-type=\"page\">\n\t\t\t\t<div class=\"elementor-element elementor-element-b500f3b e-flex e-con-boxed e-con e-parent\" data-id=\"b500f3b\" data-element_type=\"container\" data-e-type=\"container\">\n\t\t\t\t\t<div class=\"e-con-inner\">\n\t\t<div class=\"elementor-element elementor-element-3d36479 e-con-full e-flex e-con e-child\" data-id=\"3d36479\" data-element_type=\"container\" data-e-type=\"container\" data-settings=\"{&quot;background_background&quot;:&quot;classic&quot;}\">\n\t\t<div class=\"elementor-element elementor-element-f9dc351 e-con-full e-flex e-con e-child\" data-id=\"f9dc351\" data-element_type=\"container\" data-e-type=\"container\">\n\t\t\t\t<div class=\"elementor-element elementor-element-ccf821d elementor-widget__width-initial elementor-widget elementor-widget-heading\" data-id=\"ccf821d\" data-element_type=\"widget\" data-e-type=\"widget\" data-widget_type=\"heading.default\">\n\t\t\t\t<div class=\"elementor-widget-container\">\n\t\t\t\t\t<h1 class=\"elementor-heading-title elementor-size-default\">BREMSENPR\u00dcFSTAND<\/h1>\t\t\t\t<\/div>\n\t\t\t\t<\/div>\n\t\t\t\t<\/div>\n\t\t\t\t<\/div>\n\t\t\t\t\t<\/div>\n\t\t\t\t<\/div>\n\t\t<div class=\"elementor-element elementor-element-32ff7f0 e-flex e-con-boxed e-con e-parent\" data-id=\"32ff7f0\" data-element_type=\"container\" data-e-type=\"container\" data-settings=\"{&quot;background_background&quot;:&quot;classic&quot;}\">\n\t\t\t\t\t<div class=\"e-con-inner\">\n\t\t<div class=\"elementor-element elementor-element-81a26cd e-con-full e-flex e-con e-child\" data-id=\"81a26cd\" data-element_type=\"container\" data-e-type=\"container\" data-settings=\"{&quot;background_background&quot;:&quot;classic&quot;}\">\n\t\t\t\t<div class=\"elementor-element elementor-element-41d3a62 elementor-widget__width-initial elementor-widget elementor-widget-heading\" data-id=\"41d3a62\" data-element_type=\"widget\" data-e-type=\"widget\" data-widget_type=\"heading.default\">\n\t\t\t\t<div class=\"elementor-widget-container\">\n\t\t\t\t\t<h6 class=\"elementor-heading-title elementor-size-default\">JYFA BREMSENPR\u00dcFSTAND<\/h6>\t\t\t\t<\/div>\n\t\t\t\t<\/div>\n\t\t\t\t<div class=\"elementor-element elementor-element-55eb10d elementor-widget__width-initial elementor-widget elementor-widget-heading\" data-id=\"55eb10d\" data-element_type=\"widget\" data-e-type=\"widget\" data-widget_type=\"heading.default\">\n\t\t\t\t<div class=\"elementor-widget-container\">\n\t\t\t\t\t<h2 class=\"elementor-heading-title elementor-size-default\">Professioneller Bremstest f\u00fcr schwere Fahrzeuge<\/h2>\t\t\t\t<\/div>\n\t\t\t\t<\/div>\n\t\t\t\t<div class=\"elementor-element elementor-element-01c3cdd elementor-widget elementor-widget-text-editor\" data-id=\"01c3cdd\" data-element_type=\"widget\" data-e-type=\"widget\" data-widget_type=\"text-editor.default\">\n\t\t\t\t<div class=\"elementor-widget-container\">\n\t\t\t\t\t\t\t\t\t<div>JYFAs Bremsenpr\u00fcfstand kann Fahrzeuge mit einer Breite von bis zu 3 Metern testen.<\/div><div>\u00a0\u00a0<\/div><div>\u00a0<\/div><div><div>Wir wollen f\u00fchrend in unserer Branche sein. Deshalb stellen wir nicht nur an unsere Produkte hohe Anforderungen, sondern auch an unsere Abschlusskontrolle!<\/div><div>\u00a0\u00a0<\/div><div>Alle Wagen werden durchgecheckt und kontrolliert, bevor sie an den Kunden geliefert werden. Nichts wird geliefert, bevor es unsere hohen Qualit\u00e4tsanforderungen erf\u00fcllt. Deshalb werden alle Bremsen vor der Lieferung auf unserem eigenen Bremsenpr\u00fcfstand getestet.<\/div><\/div>\t\t\t\t\t\t\t\t<\/div>\n\t\t\t\t<\/div>\n\t\t\t\t<div class=\"elementor-element elementor-element-c7c947c elementor-widget elementor-widget-button\" data-id=\"c7c947c\" data-element_type=\"widget\" data-e-type=\"widget\" data-widget_type=\"button.default\">\n\t\t\t\t<div class=\"elementor-widget-container\">\n\t\t\t\t\t\t\t\t\t<div class=\"elementor-button-wrapper\">\n\t\t\t\t\t<a class=\"elementor-button elementor-button-link elementor-size-sm\" href=\"https:\/\/jyfa.dk\/de\/kontaktieren-sie-uns\/\">\n\t\t\t\t\t\t<span class=\"elementor-button-content-wrapper\">\n\t\t\t\t\t\t\t\t\t<span class=\"elementor-button-text\">Kontaktieren Sie uns, um mehr zu erfahren<\/span>\n\t\t\t\t\t<\/span>\n\t\t\t\t\t<\/a>\n\t\t\t\t<\/div>\n\t\t\t\t\t\t\t\t<\/div>\n\t\t\t\t<\/div>\n\t\t\t\t<\/div>\n\t\t<div class=\"elementor-element elementor-element-1de5e33 e-con-full e-flex e-con e-child\" data-id=\"1de5e33\" data-element_type=\"container\" data-e-type=\"container\" data-settings=\"{&quot;background_background&quot;:&quot;classic&quot;}\">\n\t\t\t\t<div class=\"elementor-element elementor-element-ffc7328 elementor-widget elementor-widget-image\" data-id=\"ffc7328\" data-element_type=\"widget\" data-e-type=\"widget\" data-widget_type=\"image.default\">\n\t\t\t\t<div class=\"elementor-widget-container\">\n\t\t\t\t\t\t\t\t\t\t\t\t\t\t\t<img fetchpriority=\"high\" decoding=\"async\" width=\"800\" height=\"800\" src=\"https:\/\/jyfa.dk\/wp-content\/uploads\/Stemningsbilleder-bremseproevestand-2-1024x1024.png\" class=\"attachment-large size-large wp-image-8503\" alt=\"\" srcset=\"https:\/\/jyfa.dk\/wp-content\/uploads\/Stemningsbilleder-bremseproevestand-2-1024x1024.png 1024w, https:\/\/jyfa.dk\/wp-content\/uploads\/Stemningsbilleder-bremseproevestand-2-300x300.png 300w, https:\/\/jyfa.dk\/wp-content\/uploads\/Stemningsbilleder-bremseproevestand-2-150x150.png 150w, https:\/\/jyfa.dk\/wp-content\/uploads\/Stemningsbilleder-bremseproevestand-2-768x768.png 768w, https:\/\/jyfa.dk\/wp-content\/uploads\/Stemningsbilleder-bremseproevestand-2-1536x1536.png 1536w, https:\/\/jyfa.dk\/wp-content\/uploads\/Stemningsbilleder-bremseproevestand-2-500x500.png 500w, https:\/\/jyfa.dk\/wp-content\/uploads\/Stemningsbilleder-bremseproevestand-2-800x800.png 800w, https:\/\/jyfa.dk\/wp-content\/uploads\/Stemningsbilleder-bremseproevestand-2.png 2000w\" sizes=\"(max-width: 800px) 100vw, 800px\" \/>\t\t\t\t\t\t\t\t\t\t\t\t\t\t\t<\/div>\n\t\t\t\t<\/div>\n\t\t\t\t<div class=\"elementor-element elementor-element-817104c elementor-widget elementor-widget-image\" data-id=\"817104c\" data-element_type=\"widget\" data-e-type=\"widget\" data-widget_type=\"image.default\">\n\t\t\t\t<div class=\"elementor-widget-container\">\n\t\t\t\t\t\t\t\t\t\t\t\t\t\t\t<img decoding=\"async\" width=\"800\" height=\"800\" src=\"https:\/\/jyfa.dk\/wp-content\/uploads\/Stemningsbilleder-bremseproevestand-1-1024x1024.png\" class=\"attachment-large size-large wp-image-8502\" alt=\"\" srcset=\"https:\/\/jyfa.dk\/wp-content\/uploads\/Stemningsbilleder-bremseproevestand-1-1024x1024.png 1024w, https:\/\/jyfa.dk\/wp-content\/uploads\/Stemningsbilleder-bremseproevestand-1-300x300.png 300w, https:\/\/jyfa.dk\/wp-content\/uploads\/Stemningsbilleder-bremseproevestand-1-150x150.png 150w, https:\/\/jyfa.dk\/wp-content\/uploads\/Stemningsbilleder-bremseproevestand-1-768x768.png 768w, https:\/\/jyfa.dk\/wp-content\/uploads\/Stemningsbilleder-bremseproevestand-1-1536x1536.png 1536w, https:\/\/jyfa.dk\/wp-content\/uploads\/Stemningsbilleder-bremseproevestand-1-500x500.png 500w, https:\/\/jyfa.dk\/wp-content\/uploads\/Stemningsbilleder-bremseproevestand-1-800x800.png 800w, https:\/\/jyfa.dk\/wp-content\/uploads\/Stemningsbilleder-bremseproevestand-1.png 2000w\" sizes=\"(max-width: 800px) 100vw, 800px\" \/>\t\t\t\t\t\t\t\t\t\t\t\t\t\t\t<\/div>\n\t\t\t\t<\/div>\n\t\t\t\t<div class=\"elementor-element elementor-element-6800677 elementor-widget elementor-widget-heading\" data-id=\"6800677\" data-element_type=\"widget\" data-e-type=\"widget\" data-widget_type=\"heading.default\">\n\t\t\t\t<div class=\"elementor-widget-container\">\n\t\t\t\t\t<h4 class=\"elementor-heading-title elementor-size-default\">JYFA Bremszertifikat<\/h4>\t\t\t\t<\/div>\n\t\t\t\t<\/div>\n\t\t\t\t<div class=\"elementor-element elementor-element-7ca3dbf elementor-widget elementor-widget-text-editor\" data-id=\"7ca3dbf\" data-element_type=\"widget\" data-e-type=\"widget\" data-widget_type=\"text-editor.default\">\n\t\t\t\t<div class=\"elementor-widget-container\">\n\t\t\t\t\t\t\t\t\t<p>Alle Wagen, die mit Bremsen ausgestattet sind, werden auf unserem eigenen Bremspr\u00fcfstand getestet, damit wir garantieren k\u00f6nnen, dass der Wagen zu 100\u202f% einsatzbereit und sicher ist.<\/p>\t\t\t\t\t\t\t\t<\/div>\n\t\t\t\t<\/div>\n\t\t\t\t<\/div>\n\t\t\t\t\t<\/div>\n\t\t\t\t<\/div>\n\t\t<div class=\"elementor-element elementor-element-a808aaa e-flex e-con-boxed e-con e-parent\" data-id=\"a808aaa\" data-element_type=\"container\" data-e-type=\"container\">\n\t\t\t\t\t<div class=\"e-con-inner\">\n\t\t\t\t<div class=\"elementor-element elementor-element-ab4bc28 elementor-widget elementor-widget-spacer\" data-id=\"ab4bc28\" data-element_type=\"widget\" data-e-type=\"widget\" data-widget_type=\"spacer.default\">\n\t\t\t\t<div class=\"elementor-widget-container\">\n\t\t\t\t\t\t\t<div class=\"elementor-spacer\">\n\t\t\t<div class=\"elementor-spacer-inner\"><\/div>\n\t\t<\/div>\n\t\t\t\t\t\t<\/div>\n\t\t\t\t<\/div>\n\t\t\t\t\t<\/div>\n\t\t\t\t<\/div>\n\t\t\t\t<\/div>\n\t\t","protected":false},"excerpt":{"rendered":"<p>BREMSENPR\u00dcFSTAND JYFA BREMSENPR\u00dcFSTAND Professioneller Bremstest f\u00fcr schwere Fahrzeuge JYFAs Bremsenpr\u00fcfstand kann Fahrzeuge mit einer Breite von bis zu 3 Metern testen.\u00a0\u00a0\u00a0Wir wollen f\u00fchrend in unserer Branche sein. Deshalb stellen wir nicht nur an unsere Produkte hohe Anforderungen, sondern auch an unsere Abschlusskontrolle!\u00a0\u00a0Alle Wagen werden durchgecheckt und kontrolliert, bevor sie an den Kunden geliefert werden. Nichts [&hellip;]<\/p>\n","protected":false},"author":2,"featured_media":0,"parent":0,"menu_order":0,"comment_status":"closed","ping_status":"closed","template":"","meta":{"_acf_changed":false,"footnotes":""},"class_list":["post-9362","page","type-page","status-publish","hentry"],"acf":[],"yoast_head":"<!-- This site is optimized with the Yoast SEO plugin v27.5 - https:\/\/yoast.com\/product\/yoast-seo-wordpress\/ -->\n<title>PROFESSIONEL BREMSETEST | JYFA<\/title>\n<meta name=\"description\" content=\"F\u00e5 dine bremsesystemer testet p\u00e5 JYFA\u2019s bremsepr\u00f8vestand. Vi tester landbrugsvogne og st\u00f8rre erhvervsk\u00f8ret\u00f8jer op til 3 meter. Kontakt os p\u00e5 97 18 35 65 og bestil tid.\" \/>\n<meta name=\"robots\" content=\"index, follow, max-snippet:-1, max-image-preview:large, max-video-preview:-1\" \/>\n<link rel=\"canonical\" href=\"https:\/\/jyfa.dk\/de\/bremseproevestand\/\" \/>\n<meta property=\"og:locale\" content=\"de_DE\" \/>\n<meta property=\"og:type\" content=\"article\" \/>\n<meta property=\"og:title\" content=\"PROFESSIONEL BREMSETEST | JYFA\" \/>\n<meta property=\"og:description\" content=\"F\u00e5 dine bremsesystemer testet p\u00e5 JYFA\u2019s bremsepr\u00f8vestand. Vi tester landbrugsvogne og st\u00f8rre erhvervsk\u00f8ret\u00f8jer op til 3 meter. Kontakt os p\u00e5 97 18 35 65 og bestil tid.\" \/>\n<meta property=\"og:url\" content=\"https:\/\/jyfa.dk\/de\/bremseproevestand\/\" \/>\n<meta property=\"og:site_name\" content=\"JYFA\" \/>\n<meta property=\"article:modified_time\" content=\"2026-05-07T11:05:42+00:00\" \/>\n<meta property=\"og:image\" content=\"https:\/\/jyfa.dk\/wp-content\/uploads\/Stemningsbilleder-bremseproevestand-2-1024x1024.png\" \/>\n<meta name=\"twitter:card\" content=\"summary_large_image\" \/>\n<meta name=\"twitter:label1\" content=\"Gesch\u00e4tzte Lesezeit\" \/>\n\t<meta name=\"twitter:data1\" content=\"2\u00a0Minuten\" \/>\n<script type=\"application\/ld+json\" class=\"yoast-schema-graph\">{\"@context\":\"https:\\\/\\\/schema.org\",\"@graph\":[{\"@type\":\"WebPage\",\"@id\":\"https:\\\/\\\/jyfa.dk\\\/de\\\/bremseproevestand\\\/\",\"url\":\"https:\\\/\\\/jyfa.dk\\\/de\\\/bremseproevestand\\\/\",\"name\":\"PROFESSIONEL BREMSETEST | JYFA\",\"isPartOf\":{\"@id\":\"https:\\\/\\\/jyfa.dk\\\/de\\\/#website\"},\"primaryImageOfPage\":{\"@id\":\"https:\\\/\\\/jyfa.dk\\\/de\\\/bremseproevestand\\\/#primaryimage\"},\"image\":{\"@id\":\"https:\\\/\\\/jyfa.dk\\\/de\\\/bremseproevestand\\\/#primaryimage\"},\"thumbnailUrl\":\"https:\\\/\\\/jyfa.dk\\\/wp-content\\\/uploads\\\/Stemningsbilleder-bremseproevestand-2-1024x1024.png\",\"datePublished\":\"2026-03-19T14:27:48+00:00\",\"dateModified\":\"2026-05-07T11:05:42+00:00\",\"description\":\"F\u00e5 dine bremsesystemer testet p\u00e5 JYFA\u2019s bremsepr\u00f8vestand. Vi tester landbrugsvogne og st\u00f8rre erhvervsk\u00f8ret\u00f8jer op til 3 meter. Kontakt os p\u00e5 97 18 35 65 og bestil tid.\",\"breadcrumb\":{\"@id\":\"https:\\\/\\\/jyfa.dk\\\/de\\\/bremseproevestand\\\/#breadcrumb\"},\"inLanguage\":\"de\",\"potentialAction\":[{\"@type\":\"ReadAction\",\"target\":[\"https:\\\/\\\/jyfa.dk\\\/de\\\/bremseproevestand\\\/\"]}]},{\"@type\":\"ImageObject\",\"inLanguage\":\"de\",\"@id\":\"https:\\\/\\\/jyfa.dk\\\/de\\\/bremseproevestand\\\/#primaryimage\",\"url\":\"https:\\\/\\\/jyfa.dk\\\/wp-content\\\/uploads\\\/Stemningsbilleder-bremseproevestand-2-1024x1024.png\",\"contentUrl\":\"https:\\\/\\\/jyfa.dk\\\/wp-content\\\/uploads\\\/Stemningsbilleder-bremseproevestand-2-1024x1024.png\"},{\"@type\":\"BreadcrumbList\",\"@id\":\"https:\\\/\\\/jyfa.dk\\\/de\\\/bremseproevestand\\\/#breadcrumb\",\"itemListElement\":[{\"@type\":\"ListItem\",\"position\":1,\"name\":\"Forside\",\"item\":\"https:\\\/\\\/jyfa.dk\\\/de\\\/\"},{\"@type\":\"ListItem\",\"position\":2,\"name\":\"Bremsenpr\u00fcfstand\"}]},{\"@type\":\"WebSite\",\"@id\":\"https:\\\/\\\/jyfa.dk\\\/de\\\/#website\",\"url\":\"https:\\\/\\\/jyfa.dk\\\/de\\\/\",\"name\":\"JYFA\",\"description\":\"\",\"publisher\":{\"@id\":\"https:\\\/\\\/jyfa.dk\\\/de\\\/#organization\"},\"potentialAction\":[{\"@type\":\"SearchAction\",\"target\":{\"@type\":\"EntryPoint\",\"urlTemplate\":\"https:\\\/\\\/jyfa.dk\\\/de\\\/?s={search_term_string}\"},\"query-input\":{\"@type\":\"PropertyValueSpecification\",\"valueRequired\":true,\"valueName\":\"search_term_string\"}}],\"inLanguage\":\"de\"},{\"@type\":\"Organization\",\"@id\":\"https:\\\/\\\/jyfa.dk\\\/de\\\/#organization\",\"name\":\"JYFA\",\"url\":\"https:\\\/\\\/jyfa.dk\\\/de\\\/\",\"logo\":{\"@type\":\"ImageObject\",\"inLanguage\":\"de\",\"@id\":\"https:\\\/\\\/jyfa.dk\\\/de\\\/#\\\/schema\\\/logo\\\/image\\\/\",\"url\":\"https:\\\/\\\/jyfa.dk\\\/wp-content\\\/uploads\\\/JYFA-Logo2-scaled-e1771414837114.png\",\"contentUrl\":\"https:\\\/\\\/jyfa.dk\\\/wp-content\\\/uploads\\\/JYFA-Logo2-scaled-e1771414837114.png\",\"width\":2007,\"height\":770,\"caption\":\"JYFA\"},\"image\":{\"@id\":\"https:\\\/\\\/jyfa.dk\\\/de\\\/#\\\/schema\\\/logo\\\/image\\\/\"}}]}<\/script>\n<!-- \/ Yoast SEO plugin. -->","yoast_head_json":{"title":"PROFESSIONEL BREMSETEST | JYFA","description":"F\u00e5 dine bremsesystemer testet p\u00e5 JYFA\u2019s bremsepr\u00f8vestand. Vi tester landbrugsvogne og st\u00f8rre erhvervsk\u00f8ret\u00f8jer op til 3 meter. Kontakt os p\u00e5 97 18 35 65 og bestil tid.","robots":{"index":"index","follow":"follow","max-snippet":"max-snippet:-1","max-image-preview":"max-image-preview:large","max-video-preview":"max-video-preview:-1"},"canonical":"https:\/\/jyfa.dk\/de\/bremseproevestand\/","og_locale":"de_DE","og_type":"article","og_title":"PROFESSIONEL BREMSETEST | JYFA","og_description":"F\u00e5 dine bremsesystemer testet p\u00e5 JYFA\u2019s bremsepr\u00f8vestand. Vi tester landbrugsvogne og st\u00f8rre erhvervsk\u00f8ret\u00f8jer op til 3 meter. Kontakt os p\u00e5 97 18 35 65 og bestil tid.","og_url":"https:\/\/jyfa.dk\/de\/bremseproevestand\/","og_site_name":"JYFA","article_modified_time":"2026-05-07T11:05:42+00:00","og_image":[{"url":"https:\/\/jyfa.dk\/wp-content\/uploads\/Stemningsbilleder-bremseproevestand-2-1024x1024.png","type":"","width":"","height":""}],"twitter_card":"summary_large_image","twitter_misc":{"Gesch\u00e4tzte Lesezeit":"2\u00a0Minuten"},"schema":{"@context":"https:\/\/schema.org","@graph":[{"@type":"WebPage","@id":"https:\/\/jyfa.dk\/de\/bremseproevestand\/","url":"https:\/\/jyfa.dk\/de\/bremseproevestand\/","name":"PROFESSIONEL BREMSETEST | JYFA","isPartOf":{"@id":"https:\/\/jyfa.dk\/de\/#website"},"primaryImageOfPage":{"@id":"https:\/\/jyfa.dk\/de\/bremseproevestand\/#primaryimage"},"image":{"@id":"https:\/\/jyfa.dk\/de\/bremseproevestand\/#primaryimage"},"thumbnailUrl":"https:\/\/jyfa.dk\/wp-content\/uploads\/Stemningsbilleder-bremseproevestand-2-1024x1024.png","datePublished":"2026-03-19T14:27:48+00:00","dateModified":"2026-05-07T11:05:42+00:00","description":"F\u00e5 dine bremsesystemer testet p\u00e5 JYFA\u2019s bremsepr\u00f8vestand. Vi tester landbrugsvogne og st\u00f8rre erhvervsk\u00f8ret\u00f8jer op til 3 meter. Kontakt os p\u00e5 97 18 35 65 og bestil tid.","breadcrumb":{"@id":"https:\/\/jyfa.dk\/de\/bremseproevestand\/#breadcrumb"},"inLanguage":"de","potentialAction":[{"@type":"ReadAction","target":["https:\/\/jyfa.dk\/de\/bremseproevestand\/"]}]},{"@type":"ImageObject","inLanguage":"de","@id":"https:\/\/jyfa.dk\/de\/bremseproevestand\/#primaryimage","url":"https:\/\/jyfa.dk\/wp-content\/uploads\/Stemningsbilleder-bremseproevestand-2-1024x1024.png","contentUrl":"https:\/\/jyfa.dk\/wp-content\/uploads\/Stemningsbilleder-bremseproevestand-2-1024x1024.png"},{"@type":"BreadcrumbList","@id":"https:\/\/jyfa.dk\/de\/bremseproevestand\/#breadcrumb","itemListElement":[{"@type":"ListItem","position":1,"name":"Forside","item":"https:\/\/jyfa.dk\/de\/"},{"@type":"ListItem","position":2,"name":"Bremsenpr\u00fcfstand"}]},{"@type":"WebSite","@id":"https:\/\/jyfa.dk\/de\/#website","url":"https:\/\/jyfa.dk\/de\/","name":"JYFA","description":"","publisher":{"@id":"https:\/\/jyfa.dk\/de\/#organization"},"potentialAction":[{"@type":"SearchAction","target":{"@type":"EntryPoint","urlTemplate":"https:\/\/jyfa.dk\/de\/?s={search_term_string}"},"query-input":{"@type":"PropertyValueSpecification","valueRequired":true,"valueName":"search_term_string"}}],"inLanguage":"de"},{"@type":"Organization","@id":"https:\/\/jyfa.dk\/de\/#organization","name":"JYFA","url":"https:\/\/jyfa.dk\/de\/","logo":{"@type":"ImageObject","inLanguage":"de","@id":"https:\/\/jyfa.dk\/de\/#\/schema\/logo\/image\/","url":"https:\/\/jyfa.dk\/wp-content\/uploads\/JYFA-Logo2-scaled-e1771414837114.png","contentUrl":"https:\/\/jyfa.dk\/wp-content\/uploads\/JYFA-Logo2-scaled-e1771414837114.png","width":2007,"height":770,"caption":"JYFA"},"image":{"@id":"https:\/\/jyfa.dk\/de\/#\/schema\/logo\/image\/"}}]}},"_links":{"self":[{"href":"https:\/\/jyfa.dk\/de\/wp-json\/wp\/v2\/pages\/9362","targetHints":{"allow":["GET"]}}],"collection":[{"href":"https:\/\/jyfa.dk\/de\/wp-json\/wp\/v2\/pages"}],"about":[{"href":"https:\/\/jyfa.dk\/de\/wp-json\/wp\/v2\/types\/page"}],"author":[{"embeddable":true,"href":"https:\/\/jyfa.dk\/de\/wp-json\/wp\/v2\/users\/2"}],"replies":[{"embeddable":true,"href":"https:\/\/jyfa.dk\/de\/wp-json\/wp\/v2\/comments?post=9362"}],"version-history":[{"count":5,"href":"https:\/\/jyfa.dk\/de\/wp-json\/wp\/v2\/pages\/9362\/revisions"}],"predecessor-version":[{"id":11230,"href":"https:\/\/jyfa.dk\/de\/wp-json\/wp\/v2\/pages\/9362\/revisions\/11230"}],"wp:attachment":[{"href":"https:\/\/jyfa.dk\/de\/wp-json\/wp\/v2\/media?parent=9362"}],"curies":[{"name":"wp","href":"https:\/\/api.w.org\/{rel}","templated":true}]}}