{"id":8046,"date":"2026-03-22T12:05:39","date_gmt":"2026-03-22T11:05:39","guid":{"rendered":"https:\/\/jyfa.dk\/?post_type=product&#038;p=8046"},"modified":"2026-05-08T10:04:19","modified_gmt":"2026-05-08T08:04:19","slug":"nhy400-%c2%a721","status":"publish","type":"product","link":"https:\/\/jyfa.dk\/de\/vare\/nhy400-%c2%a721\/","title":{"rendered":"NHY400 \u00a721"},"content":{"rendered":"<p data-start=\"487\" data-end=\"901\">Dieser 4M Neue Hydraulikwagen (NHY400) ist \u2013 wie der Name schon andeutet \u2013 serienm\u00e4\u00dfig mit Hydraulik ausgestattet. Der Wagen hat eine Aussenwagenbreite von 2,80 Metern und eine Gesamtl\u00e4nge inklusiv Zugdeichsel von 5,4 Metern. Die Wagenkasten selbst hat eine L\u00e4nge von 4 Metern und eine Innere Wagenbreite von 2 Metern. Dies ergibt eine Bodenfl\u00e4che von ca. 7,80 m\u00b2 (2 m x 3,9 m). Der Wagen kann grob gesch\u00e4tzt etwa 4\u20136 Rinder gleichzeitig transportieren.<\/p>\n<p>&nbsp;<\/p>\n<p><strong>Einzelabnahme \u00a721 in zusammenarbeit mit T\u00dcV<br \/>\n<\/strong>Dieser Wagen wurde in Zusammenarbeit mit dem T\u00dcV angefertigt und ist nach Einzelabnahme gem\u00e4\u00df \u00a721 zulassungsf\u00e4hig. Der Wagen kann somit f\u00fcr den legalen Stra\u00dfenverkehr in Deutschland mit 25 km\/h zugelassen werden.<\/p>\n<p><strong>\u00a0<\/strong><\/p>\n<p><strong>Wenn das Be- und Entladen ein reines Vergn\u00fcgen ist!<\/strong><br \/>\nDer NHY400 ist ideal f\u00fcr Landwirte, die das Be- und Entladen so effizient und stressfrei wie m\u00f6glich gestalten m\u00f6chten. Beim Verladen der Tiere senkt man einfach den Wagen ab und \u00f6ffnet die T\u00fcren am Heck, sodass die Tiere direkt in den Wagen hineingehen k\u00f6nnen. Sobald alle Tiere an Bord sind, werden die T\u00fcren geschlossen und der Wagen wieder in Fahrposition gebracht. Einfacher \u2013 und stressfreier f\u00fcr die Tiere \u2013 geht es nicht! <span style=\"color: #1d4ed8;\"><a style=\"color: #1d4ed8;\" href=\"https:\/\/jyfa.dk\/de\/die-hydraulische-hebe-und-senkfunktion\/\">Lesen Sie mehr \u00fcber die Vorteile der hydraulischen Hub-Senk-Funktion hier!<\/a><\/span><\/p>\n<p>&nbsp;<\/p>\n<p><strong>Standardausr\u00fcstung<br \/>\n<\/strong>Es gibt Standardausstattung \u2013 und dann gibt es JYFA-Standardausstattung! Mit einem JYFA-Wagen erhalten Sie von Anfang an einen Wagen, der Qualit\u00e4t ausstrahlt! Serienm\u00e4\u00dfig ist dieses Modell ausgestattet mit:<\/p>\n<ul>\n<li>Vollverzinkt<\/li>\n<li>Abnehmbare verzinkt zugdeichsel<\/li>\n<li>Doppelheckt\u00fcren mit Doppelverriegelungsfunktion<\/li>\n<li>Notausgang<\/li>\n<li>Hydraulik<\/li>\n<li>12 mm schwarze Recycling-Kunststoffplatten auf allen Seiten<\/li>\n<li>Verzinkter rutschfester Stahl boden<\/li>\n<li>Zug\u00f6se \u00d840 mm<\/li>\n<li>Schlitten unter dem boden<\/li>\n<li>Anh\u00e4nger St\u00fctzbein<\/li>\n<li>Reifengr\u00f6sse 11,5\/80&#215;15,3\/14<\/li>\n<li>Dach<\/li>\n<li>LED Beleuchtung<\/li>\n<\/ul>\n<p data-start=\"0\" data-end=\"417\"><strong data-start=\"0\" data-end=\"29\"><br \/>\nMa\u00dfgeschneiderte L\u00f6sungen<\/strong><br data-start=\"29\" data-end=\"32\" \/>Wir bieten volle Flexibilit\u00e4t, sodass dieser Wagen mit einer breiten Auswahl an Ausr\u00fcstung angepasst werden kann. Neben unseren standardm\u00e4\u00dfigen Sonderausstattung bieten wir auch speziell angepasste L\u00f6sungen an, wie z. B. Innen-LED-Beleuchtung und vieles mehr. Alles dient dazu, den Wagen genau an Ihre Bed\u00fcrfnisse anzupassen. <span style=\"color: #1d4ed8;\"><a style=\"color: #1d4ed8;\" href=\"https:\/\/jyfa.dk\/de\/kategori\/custommade\/\">Lesen Sie mehr oder lassen Sie sich hier inspirieren!<\/a><\/span><\/p>\n<p data-start=\"419\" data-end=\"743\" data-is-last-node=\"\" data-is-only-node=\"\"><strong data-start=\"419\" data-end=\"439\"><br \/>\nAnzahl der Tiere<\/strong><br data-start=\"439\" data-end=\"442\" \/>Die zul\u00e4ssige Anzahl an Tieren w\u00e4hrend des Transports variiert je nach Gr\u00f6\u00dfe\/Rasse sowie den national geltenden Vorschriften. Die angegebene Tieranzahl f\u00fcr den Transport basiert auf den d\u00e4nischen nationalen Vorschriften f\u00fcr den Transport von Rindern. Die angegebene Tieranzahl ist daher nur Richtwert.<\/p>\n","protected":false},"excerpt":{"rendered":"<p><strong>Der NHY400 ist ein moderner 4 Meter Hydraulikwagen, der robuste Konstruktion, funktionales Design und maximale Tierwohl in einer L\u00f6sung vereint. Entwickelt f\u00fcr ein effizientes und stressfreies Be- und Entladen bietet er Landwirten eine zuverl\u00e4ssige Transportl\u00f6sung mit hoher Flexibilit\u00e4t und durchdachter Ausstattung.<\/strong> <span style=\"color: #1d4ed8;\"><a style=\"color: #1d4ed8;\" href=\"#product_information\">Mehr lesen\u2026<\/a><\/span><\/p>\n","protected":false},"featured_media":11244,"template":"","meta":{"_acf_changed":false},"product_brand":[],"product_cat":[436,562],"product_tag":[],"class_list":{"0":"post-8046","1":"product","2":"type-product","3":"status-publish","4":"has-post-thumbnail","6":"product_cat-nhy","7":"product_cat-wagenprogramm-2","9":"first","10":"instock","11":"taxable","12":"shipping-taxable","13":"purchasable","14":"product-type-variable"},"acf":[],"yoast_head":"<!-- This site is optimized with the Yoast SEO plugin v27.5 - https:\/\/yoast.com\/product\/yoast-seo-wordpress\/ -->\n<title>JYFA NEUER HYDRAULIKWAGEN f\u00fcr Viehtransport | JYFA<\/title>\n<meta name=\"description\" content=\"Verzinkter, kr\u00e4ftiger und solider JYFA Wagen f\u00fcr den Tiertransport - EINZELABNAHME \u00a721 IN ZUSAMMENARBEIT MIT T\u00dcV!\" \/>\n<meta name=\"robots\" content=\"index, follow, max-snippet:-1, max-image-preview:large, max-video-preview:-1\" \/>\n<link rel=\"canonical\" href=\"https:\/\/jyfa.dk\/de\/vare\/nhy400-%c2%a721\/\" \/>\n<meta property=\"og:locale\" content=\"de_DE\" \/>\n<meta property=\"og:type\" content=\"article\" \/>\n<meta property=\"og:title\" content=\"JYFA NEUER HYDRAULIKWAGEN f\u00fcr Viehtransport | JYFA\" \/>\n<meta property=\"og:description\" content=\"Verzinkter, kr\u00e4ftiger und solider JYFA Wagen f\u00fcr den Tiertransport - EINZELABNAHME \u00a721 IN ZUSAMMENARBEIT MIT T\u00dcV!\" \/>\n<meta property=\"og:url\" content=\"https:\/\/jyfa.dk\/de\/vare\/nhy400-%c2%a721\/\" \/>\n<meta property=\"og:site_name\" content=\"JYFA\" \/>\n<meta property=\"article:modified_time\" content=\"2026-05-08T08:04:19+00:00\" \/>\n<meta property=\"og:image\" content=\"https:\/\/jyfa.dk\/wp-content\/uploads\/NHY400-Jyfa-Futtertisch-Fanganhanger-und-Viehwagen-6-1024x1024.png\" \/>\n\t<meta property=\"og:image:width\" content=\"1024\" \/>\n\t<meta property=\"og:image:height\" content=\"1024\" \/>\n\t<meta property=\"og:image:type\" content=\"image\/png\" \/>\n<meta name=\"twitter:card\" content=\"summary_large_image\" \/>\n<meta name=\"twitter:label1\" content=\"Gesch\u00e4tzte Lesezeit\" \/>\n\t<meta name=\"twitter:data1\" content=\"3\u00a0Minuten\" \/>\n<script type=\"application\/ld+json\" class=\"yoast-schema-graph\">{\"@context\":\"https:\\\/\\\/schema.org\",\"@graph\":[{\"@type\":\"WebPage\",\"@id\":\"https:\\\/\\\/jyfa.dk\\\/de\\\/vare\\\/nhy400-%c2%a721\\\/\",\"url\":\"https:\\\/\\\/jyfa.dk\\\/de\\\/vare\\\/nhy400-%c2%a721\\\/\",\"name\":\"JYFA NEUER HYDRAULIKWAGEN f\u00fcr Viehtransport | JYFA\",\"isPartOf\":{\"@id\":\"https:\\\/\\\/jyfa.dk\\\/de\\\/#website\"},\"primaryImageOfPage\":{\"@id\":\"https:\\\/\\\/jyfa.dk\\\/de\\\/vare\\\/nhy400-%c2%a721\\\/#primaryimage\"},\"image\":{\"@id\":\"https:\\\/\\\/jyfa.dk\\\/de\\\/vare\\\/nhy400-%c2%a721\\\/#primaryimage\"},\"thumbnailUrl\":\"https:\\\/\\\/jyfa.dk\\\/wp-content\\\/uploads\\\/NHY400-Jyfa-Futtertisch-Fanganhanger-und-Viehwagen-6.png\",\"datePublished\":\"2026-03-22T11:05:39+00:00\",\"dateModified\":\"2026-05-08T08:04:19+00:00\",\"description\":\"Verzinkter, kr\u00e4ftiger und solider JYFA Wagen f\u00fcr den Tiertransport - EINZELABNAHME \u00a721 IN ZUSAMMENARBEIT MIT T\u00dcV!\",\"breadcrumb\":{\"@id\":\"https:\\\/\\\/jyfa.dk\\\/de\\\/vare\\\/nhy400-%c2%a721\\\/#breadcrumb\"},\"inLanguage\":\"de\",\"potentialAction\":[{\"@type\":\"ReadAction\",\"target\":[\"https:\\\/\\\/jyfa.dk\\\/de\\\/vare\\\/nhy400-%c2%a721\\\/\"]}]},{\"@type\":\"ImageObject\",\"inLanguage\":\"de\",\"@id\":\"https:\\\/\\\/jyfa.dk\\\/de\\\/vare\\\/nhy400-%c2%a721\\\/#primaryimage\",\"url\":\"https:\\\/\\\/jyfa.dk\\\/wp-content\\\/uploads\\\/NHY400-Jyfa-Futtertisch-Fanganhanger-und-Viehwagen-6.png\",\"contentUrl\":\"https:\\\/\\\/jyfa.dk\\\/wp-content\\\/uploads\\\/NHY400-Jyfa-Futtertisch-Fanganhanger-und-Viehwagen-6.png\",\"width\":2000,\"height\":2000},{\"@type\":\"BreadcrumbList\",\"@id\":\"https:\\\/\\\/jyfa.dk\\\/de\\\/vare\\\/nhy400-%c2%a721\\\/#breadcrumb\",\"itemListElement\":[{\"@type\":\"ListItem\",\"position\":1,\"name\":\"Forside\",\"item\":\"https:\\\/\\\/jyfa.dk\\\/de\\\/\"},{\"@type\":\"ListItem\",\"position\":2,\"name\":\"Shop\",\"item\":\"https:\\\/\\\/jyfa.dk\\\/de\\\/shop\\\/\"},{\"@type\":\"ListItem\",\"position\":3,\"name\":\"Wagenprogramm\",\"item\":\"https:\\\/\\\/jyfa.dk\\\/de\\\/kategori\\\/wagenprogramm-2\\\/\"},{\"@type\":\"ListItem\",\"position\":4,\"name\":\"NHY400 \u00a721\"}]},{\"@type\":\"WebSite\",\"@id\":\"https:\\\/\\\/jyfa.dk\\\/de\\\/#website\",\"url\":\"https:\\\/\\\/jyfa.dk\\\/de\\\/\",\"name\":\"JYFA\",\"description\":\"\",\"publisher\":{\"@id\":\"https:\\\/\\\/jyfa.dk\\\/de\\\/#organization\"},\"potentialAction\":[{\"@type\":\"SearchAction\",\"target\":{\"@type\":\"EntryPoint\",\"urlTemplate\":\"https:\\\/\\\/jyfa.dk\\\/de\\\/?s={search_term_string}\"},\"query-input\":{\"@type\":\"PropertyValueSpecification\",\"valueRequired\":true,\"valueName\":\"search_term_string\"}}],\"inLanguage\":\"de\"},{\"@type\":\"Organization\",\"@id\":\"https:\\\/\\\/jyfa.dk\\\/de\\\/#organization\",\"name\":\"JYFA\",\"url\":\"https:\\\/\\\/jyfa.dk\\\/de\\\/\",\"logo\":{\"@type\":\"ImageObject\",\"inLanguage\":\"de\",\"@id\":\"https:\\\/\\\/jyfa.dk\\\/de\\\/#\\\/schema\\\/logo\\\/image\\\/\",\"url\":\"https:\\\/\\\/jyfa.dk\\\/wp-content\\\/uploads\\\/JYFA-Logo2-scaled-e1771414837114.png\",\"contentUrl\":\"https:\\\/\\\/jyfa.dk\\\/wp-content\\\/uploads\\\/JYFA-Logo2-scaled-e1771414837114.png\",\"width\":2007,\"height\":770,\"caption\":\"JYFA\"},\"image\":{\"@id\":\"https:\\\/\\\/jyfa.dk\\\/de\\\/#\\\/schema\\\/logo\\\/image\\\/\"}}]}<\/script>\n<!-- \/ Yoast SEO plugin. -->","yoast_head_json":{"title":"JYFA NEUER HYDRAULIKWAGEN f\u00fcr Viehtransport | JYFA","description":"Verzinkter, kr\u00e4ftiger und solider JYFA Wagen f\u00fcr den Tiertransport - EINZELABNAHME \u00a721 IN ZUSAMMENARBEIT MIT T\u00dcV!","robots":{"index":"index","follow":"follow","max-snippet":"max-snippet:-1","max-image-preview":"max-image-preview:large","max-video-preview":"max-video-preview:-1"},"canonical":"https:\/\/jyfa.dk\/de\/vare\/nhy400-%c2%a721\/","og_locale":"de_DE","og_type":"article","og_title":"JYFA NEUER HYDRAULIKWAGEN f\u00fcr Viehtransport | JYFA","og_description":"Verzinkter, kr\u00e4ftiger und solider JYFA Wagen f\u00fcr den Tiertransport - EINZELABNAHME \u00a721 IN ZUSAMMENARBEIT MIT T\u00dcV!","og_url":"https:\/\/jyfa.dk\/de\/vare\/nhy400-%c2%a721\/","og_site_name":"JYFA","article_modified_time":"2026-05-08T08:04:19+00:00","og_image":[{"width":1024,"height":1024,"url":"https:\/\/jyfa.dk\/wp-content\/uploads\/NHY400-Jyfa-Futtertisch-Fanganhanger-und-Viehwagen-6-1024x1024.png","type":"image\/png"}],"twitter_card":"summary_large_image","twitter_misc":{"Gesch\u00e4tzte Lesezeit":"3\u00a0Minuten"},"schema":{"@context":"https:\/\/schema.org","@graph":[{"@type":"WebPage","@id":"https:\/\/jyfa.dk\/de\/vare\/nhy400-%c2%a721\/","url":"https:\/\/jyfa.dk\/de\/vare\/nhy400-%c2%a721\/","name":"JYFA NEUER HYDRAULIKWAGEN f\u00fcr Viehtransport | JYFA","isPartOf":{"@id":"https:\/\/jyfa.dk\/de\/#website"},"primaryImageOfPage":{"@id":"https:\/\/jyfa.dk\/de\/vare\/nhy400-%c2%a721\/#primaryimage"},"image":{"@id":"https:\/\/jyfa.dk\/de\/vare\/nhy400-%c2%a721\/#primaryimage"},"thumbnailUrl":"https:\/\/jyfa.dk\/wp-content\/uploads\/NHY400-Jyfa-Futtertisch-Fanganhanger-und-Viehwagen-6.png","datePublished":"2026-03-22T11:05:39+00:00","dateModified":"2026-05-08T08:04:19+00:00","description":"Verzinkter, kr\u00e4ftiger und solider JYFA Wagen f\u00fcr den Tiertransport - EINZELABNAHME \u00a721 IN ZUSAMMENARBEIT MIT T\u00dcV!","breadcrumb":{"@id":"https:\/\/jyfa.dk\/de\/vare\/nhy400-%c2%a721\/#breadcrumb"},"inLanguage":"de","potentialAction":[{"@type":"ReadAction","target":["https:\/\/jyfa.dk\/de\/vare\/nhy400-%c2%a721\/"]}]},{"@type":"ImageObject","inLanguage":"de","@id":"https:\/\/jyfa.dk\/de\/vare\/nhy400-%c2%a721\/#primaryimage","url":"https:\/\/jyfa.dk\/wp-content\/uploads\/NHY400-Jyfa-Futtertisch-Fanganhanger-und-Viehwagen-6.png","contentUrl":"https:\/\/jyfa.dk\/wp-content\/uploads\/NHY400-Jyfa-Futtertisch-Fanganhanger-und-Viehwagen-6.png","width":2000,"height":2000},{"@type":"BreadcrumbList","@id":"https:\/\/jyfa.dk\/de\/vare\/nhy400-%c2%a721\/#breadcrumb","itemListElement":[{"@type":"ListItem","position":1,"name":"Forside","item":"https:\/\/jyfa.dk\/de\/"},{"@type":"ListItem","position":2,"name":"Shop","item":"https:\/\/jyfa.dk\/de\/shop\/"},{"@type":"ListItem","position":3,"name":"Wagenprogramm","item":"https:\/\/jyfa.dk\/de\/kategori\/wagenprogramm-2\/"},{"@type":"ListItem","position":4,"name":"NHY400 \u00a721"}]},{"@type":"WebSite","@id":"https:\/\/jyfa.dk\/de\/#website","url":"https:\/\/jyfa.dk\/de\/","name":"JYFA","description":"","publisher":{"@id":"https:\/\/jyfa.dk\/de\/#organization"},"potentialAction":[{"@type":"SearchAction","target":{"@type":"EntryPoint","urlTemplate":"https:\/\/jyfa.dk\/de\/?s={search_term_string}"},"query-input":{"@type":"PropertyValueSpecification","valueRequired":true,"valueName":"search_term_string"}}],"inLanguage":"de"},{"@type":"Organization","@id":"https:\/\/jyfa.dk\/de\/#organization","name":"JYFA","url":"https:\/\/jyfa.dk\/de\/","logo":{"@type":"ImageObject","inLanguage":"de","@id":"https:\/\/jyfa.dk\/de\/#\/schema\/logo\/image\/","url":"https:\/\/jyfa.dk\/wp-content\/uploads\/JYFA-Logo2-scaled-e1771414837114.png","contentUrl":"https:\/\/jyfa.dk\/wp-content\/uploads\/JYFA-Logo2-scaled-e1771414837114.png","width":2007,"height":770,"caption":"JYFA"},"image":{"@id":"https:\/\/jyfa.dk\/de\/#\/schema\/logo\/image\/"}}]}},"_links":{"self":[{"href":"https:\/\/jyfa.dk\/de\/wp-json\/wp\/v2\/product\/8046","targetHints":{"allow":["GET"]}}],"collection":[{"href":"https:\/\/jyfa.dk\/de\/wp-json\/wp\/v2\/product"}],"about":[{"href":"https:\/\/jyfa.dk\/de\/wp-json\/wp\/v2\/types\/product"}],"wp:featuredmedia":[{"embeddable":true,"href":"https:\/\/jyfa.dk\/de\/wp-json\/wp\/v2\/media\/11244"}],"wp:attachment":[{"href":"https:\/\/jyfa.dk\/de\/wp-json\/wp\/v2\/media?parent=8046"}],"wp:term":[{"taxonomy":"product_brand","embeddable":true,"href":"https:\/\/jyfa.dk\/de\/wp-json\/wp\/v2\/product_brand?post=8046"},{"taxonomy":"product_cat","embeddable":true,"href":"https:\/\/jyfa.dk\/de\/wp-json\/wp\/v2\/product_cat?post=8046"},{"taxonomy":"product_tag","embeddable":true,"href":"https:\/\/jyfa.dk\/de\/wp-json\/wp\/v2\/product_tag?post=8046"}],"curies":[{"name":"wp","href":"https:\/\/api.w.org\/{rel}","templated":true}]}}