{"id":9345,"date":"2026-03-12T16:23:37","date_gmt":"2026-03-12T15:23:37","guid":{"rendered":"https:\/\/jyfa.dk\/vare\/gummimaatte\/"},"modified":"2026-03-22T12:10:38","modified_gmt":"2026-03-22T11:10:38","slug":"gummimaatte","status":"publish","type":"product","link":"https:\/\/jyfa.dk\/de\/vare\/gummimaatte\/","title":{"rendered":"Gummimatte"},"content":{"rendered":"<table class=\"mceItemTable\" border=\"0\">\n<tbody>\n<tr>\n<td class=\"mceSelected\" style=\"text-align: left;\" colspan=\"2\"><strong>Produktinformation<\/strong><\/td>\n<\/tr>\n<tr>\n<td class=\"mceSelected\" style=\"text-align: left;\"><strong>Einheit<\/strong><\/td>\n<td class=\"mceSelected\" style=\"text-align: left;\">St\u00fcck<\/td>\n<\/tr>\n<tr valign=\"top\">\n<td class=\"mceSelected\" style=\"text-align: left;\"><strong>Anwendung<\/strong><\/td>\n<td class=\"mceSelected\" style=\"text-align: left;\">Dieses Produkt ist in verschiedenen Varianten erh\u00e4ltlich:<\/p>\n<p>Artikel-Nr. RV24304B wird verwendet f\u00fcr:\u00a0DEH500<\/p>\n<p>Artikel-Nr. RV24305B wird verwendet f\u00fcr:\u00a0DEH600<\/p>\n<p>Artikel-Nr. RV24306B wird verwendet f\u00fcr: DEH700<\/p>\n<p>Artikel-Nr. RV24307B wird verwendet f\u00fcr: DEH800<\/p>\n<p>Artikel-Nr. RV24314 wird verwendet f\u00fcr: NHY400<\/td>\n<\/tr>\n<\/tbody>\n<\/table>\n","protected":false},"excerpt":{"rendered":"<p><strong>Wenn Sie sich einen\u00a0rutschfesten\u00a0Boden w\u00fcnschen, kann Ihr Wagen idealerweise mit einer Gummimatte \u00fcber den Tr\u00e4nenblechen ausgestattet werden<\/strong><\/p>\n","protected":false},"featured_media":7319,"template":"","meta":{"_acf_changed":false},"product_brand":[],"product_cat":[430,431],"product_tag":[],"class_list":{"0":"post-9345","1":"product","2":"type-product","3":"status-publish","4":"has-post-thumbnail","6":"product_cat-custommade","7":"product_cat-udstyr","9":"first","10":"instock","11":"taxable","12":"shipping-taxable","13":"product-type-simple"},"acf":[],"yoast_head":"<!-- This site is optimized with the Yoast SEO plugin v27.5 - https:\/\/yoast.com\/product\/yoast-seo-wordpress\/ -->\n<title>Gummimatte | JYFA<\/title>\n<meta name=\"robots\" content=\"index, follow, max-snippet:-1, max-image-preview:large, max-video-preview:-1\" \/>\n<link rel=\"canonical\" href=\"https:\/\/jyfa.dk\/de\/vare\/gummimaatte\/\" \/>\n<meta property=\"og:locale\" content=\"de_DE\" \/>\n<meta property=\"og:type\" content=\"article\" \/>\n<meta property=\"og:title\" content=\"Gummimatte | JYFA\" \/>\n<meta property=\"og:description\" content=\"Wenn Sie sich einen\u00a0rutschfesten\u00a0Boden w\u00fcnschen, kann Ihr Wagen idealerweise mit einer Gummimatte \u00fcber den Tr\u00e4nenblechen ausgestattet werden\" \/>\n<meta property=\"og:url\" content=\"https:\/\/jyfa.dk\/de\/vare\/gummimaatte\/\" \/>\n<meta property=\"og:site_name\" content=\"JYFA\" \/>\n<meta property=\"article:modified_time\" content=\"2026-03-22T11:10:38+00:00\" \/>\n<meta name=\"twitter:card\" content=\"summary_large_image\" \/>\n<meta name=\"twitter:label1\" content=\"Gesch\u00e4tzte Lesezeit\" \/>\n\t<meta name=\"twitter:data1\" content=\"1\u00a0Minute\" \/>\n<script type=\"application\/ld+json\" class=\"yoast-schema-graph\">{\"@context\":\"https:\\\/\\\/schema.org\",\"@graph\":[{\"@type\":\"WebPage\",\"@id\":\"https:\\\/\\\/jyfa.dk\\\/de\\\/vare\\\/gummimaatte\\\/\",\"url\":\"https:\\\/\\\/jyfa.dk\\\/de\\\/vare\\\/gummimaatte\\\/\",\"name\":\"Gummimatte | JYFA\",\"isPartOf\":{\"@id\":\"https:\\\/\\\/jyfa.dk\\\/de\\\/#website\"},\"primaryImageOfPage\":{\"@id\":\"https:\\\/\\\/jyfa.dk\\\/de\\\/vare\\\/gummimaatte\\\/#primaryimage\"},\"image\":{\"@id\":\"https:\\\/\\\/jyfa.dk\\\/de\\\/vare\\\/gummimaatte\\\/#primaryimage\"},\"thumbnailUrl\":\"https:\\\/\\\/jyfa.dk\\\/wp-content\\\/uploads\\\/RV24300-2.png\",\"datePublished\":\"2026-03-12T15:23:37+00:00\",\"dateModified\":\"2026-03-22T11:10:38+00:00\",\"breadcrumb\":{\"@id\":\"https:\\\/\\\/jyfa.dk\\\/de\\\/vare\\\/gummimaatte\\\/#breadcrumb\"},\"inLanguage\":\"de\",\"potentialAction\":[{\"@type\":\"ReadAction\",\"target\":[\"https:\\\/\\\/jyfa.dk\\\/de\\\/vare\\\/gummimaatte\\\/\"]}]},{\"@type\":\"ImageObject\",\"inLanguage\":\"de\",\"@id\":\"https:\\\/\\\/jyfa.dk\\\/de\\\/vare\\\/gummimaatte\\\/#primaryimage\",\"url\":\"https:\\\/\\\/jyfa.dk\\\/wp-content\\\/uploads\\\/RV24300-2.png\",\"contentUrl\":\"https:\\\/\\\/jyfa.dk\\\/wp-content\\\/uploads\\\/RV24300-2.png\",\"width\":2000,\"height\":2000},{\"@type\":\"BreadcrumbList\",\"@id\":\"https:\\\/\\\/jyfa.dk\\\/de\\\/vare\\\/gummimaatte\\\/#breadcrumb\",\"itemListElement\":[{\"@type\":\"ListItem\",\"position\":1,\"name\":\"Forside\",\"item\":\"https:\\\/\\\/jyfa.dk\\\/de\\\/\"},{\"@type\":\"ListItem\",\"position\":2,\"name\":\"Shop\",\"item\":\"https:\\\/\\\/jyfa.dk\\\/de\\\/shop\\\/\"},{\"@type\":\"ListItem\",\"position\":3,\"name\":\"Spezialausr\u00fcstung\",\"item\":\"https:\\\/\\\/jyfa.dk\\\/de\\\/kategori\\\/custommade\\\/\"},{\"@type\":\"ListItem\",\"position\":4,\"name\":\"Gummimatte\"}]},{\"@type\":\"WebSite\",\"@id\":\"https:\\\/\\\/jyfa.dk\\\/de\\\/#website\",\"url\":\"https:\\\/\\\/jyfa.dk\\\/de\\\/\",\"name\":\"JYFA\",\"description\":\"\",\"publisher\":{\"@id\":\"https:\\\/\\\/jyfa.dk\\\/de\\\/#organization\"},\"potentialAction\":[{\"@type\":\"SearchAction\",\"target\":{\"@type\":\"EntryPoint\",\"urlTemplate\":\"https:\\\/\\\/jyfa.dk\\\/de\\\/?s={search_term_string}\"},\"query-input\":{\"@type\":\"PropertyValueSpecification\",\"valueRequired\":true,\"valueName\":\"search_term_string\"}}],\"inLanguage\":\"de\"},{\"@type\":\"Organization\",\"@id\":\"https:\\\/\\\/jyfa.dk\\\/de\\\/#organization\",\"name\":\"JYFA\",\"url\":\"https:\\\/\\\/jyfa.dk\\\/de\\\/\",\"logo\":{\"@type\":\"ImageObject\",\"inLanguage\":\"de\",\"@id\":\"https:\\\/\\\/jyfa.dk\\\/de\\\/#\\\/schema\\\/logo\\\/image\\\/\",\"url\":\"https:\\\/\\\/jyfa.dk\\\/wp-content\\\/uploads\\\/JYFA-Logo2-scaled-e1771414837114.png\",\"contentUrl\":\"https:\\\/\\\/jyfa.dk\\\/wp-content\\\/uploads\\\/JYFA-Logo2-scaled-e1771414837114.png\",\"width\":2007,\"height\":770,\"caption\":\"JYFA\"},\"image\":{\"@id\":\"https:\\\/\\\/jyfa.dk\\\/de\\\/#\\\/schema\\\/logo\\\/image\\\/\"}}]}<\/script>\n<!-- \/ Yoast SEO plugin. -->","yoast_head_json":{"title":"Gummimatte | JYFA","robots":{"index":"index","follow":"follow","max-snippet":"max-snippet:-1","max-image-preview":"max-image-preview:large","max-video-preview":"max-video-preview:-1"},"canonical":"https:\/\/jyfa.dk\/de\/vare\/gummimaatte\/","og_locale":"de_DE","og_type":"article","og_title":"Gummimatte | JYFA","og_description":"Wenn Sie sich einen\u00a0rutschfesten\u00a0Boden w\u00fcnschen, kann Ihr Wagen idealerweise mit einer Gummimatte \u00fcber den Tr\u00e4nenblechen ausgestattet werden","og_url":"https:\/\/jyfa.dk\/de\/vare\/gummimaatte\/","og_site_name":"JYFA","article_modified_time":"2026-03-22T11:10:38+00:00","twitter_card":"summary_large_image","twitter_misc":{"Gesch\u00e4tzte Lesezeit":"1\u00a0Minute"},"schema":{"@context":"https:\/\/schema.org","@graph":[{"@type":"WebPage","@id":"https:\/\/jyfa.dk\/de\/vare\/gummimaatte\/","url":"https:\/\/jyfa.dk\/de\/vare\/gummimaatte\/","name":"Gummimatte | JYFA","isPartOf":{"@id":"https:\/\/jyfa.dk\/de\/#website"},"primaryImageOfPage":{"@id":"https:\/\/jyfa.dk\/de\/vare\/gummimaatte\/#primaryimage"},"image":{"@id":"https:\/\/jyfa.dk\/de\/vare\/gummimaatte\/#primaryimage"},"thumbnailUrl":"https:\/\/jyfa.dk\/wp-content\/uploads\/RV24300-2.png","datePublished":"2026-03-12T15:23:37+00:00","dateModified":"2026-03-22T11:10:38+00:00","breadcrumb":{"@id":"https:\/\/jyfa.dk\/de\/vare\/gummimaatte\/#breadcrumb"},"inLanguage":"de","potentialAction":[{"@type":"ReadAction","target":["https:\/\/jyfa.dk\/de\/vare\/gummimaatte\/"]}]},{"@type":"ImageObject","inLanguage":"de","@id":"https:\/\/jyfa.dk\/de\/vare\/gummimaatte\/#primaryimage","url":"https:\/\/jyfa.dk\/wp-content\/uploads\/RV24300-2.png","contentUrl":"https:\/\/jyfa.dk\/wp-content\/uploads\/RV24300-2.png","width":2000,"height":2000},{"@type":"BreadcrumbList","@id":"https:\/\/jyfa.dk\/de\/vare\/gummimaatte\/#breadcrumb","itemListElement":[{"@type":"ListItem","position":1,"name":"Forside","item":"https:\/\/jyfa.dk\/de\/"},{"@type":"ListItem","position":2,"name":"Shop","item":"https:\/\/jyfa.dk\/de\/shop\/"},{"@type":"ListItem","position":3,"name":"Spezialausr\u00fcstung","item":"https:\/\/jyfa.dk\/de\/kategori\/custommade\/"},{"@type":"ListItem","position":4,"name":"Gummimatte"}]},{"@type":"WebSite","@id":"https:\/\/jyfa.dk\/de\/#website","url":"https:\/\/jyfa.dk\/de\/","name":"JYFA","description":"","publisher":{"@id":"https:\/\/jyfa.dk\/de\/#organization"},"potentialAction":[{"@type":"SearchAction","target":{"@type":"EntryPoint","urlTemplate":"https:\/\/jyfa.dk\/de\/?s={search_term_string}"},"query-input":{"@type":"PropertyValueSpecification","valueRequired":true,"valueName":"search_term_string"}}],"inLanguage":"de"},{"@type":"Organization","@id":"https:\/\/jyfa.dk\/de\/#organization","name":"JYFA","url":"https:\/\/jyfa.dk\/de\/","logo":{"@type":"ImageObject","inLanguage":"de","@id":"https:\/\/jyfa.dk\/de\/#\/schema\/logo\/image\/","url":"https:\/\/jyfa.dk\/wp-content\/uploads\/JYFA-Logo2-scaled-e1771414837114.png","contentUrl":"https:\/\/jyfa.dk\/wp-content\/uploads\/JYFA-Logo2-scaled-e1771414837114.png","width":2007,"height":770,"caption":"JYFA"},"image":{"@id":"https:\/\/jyfa.dk\/de\/#\/schema\/logo\/image\/"}}]}},"_links":{"self":[{"href":"https:\/\/jyfa.dk\/de\/wp-json\/wp\/v2\/product\/9345","targetHints":{"allow":["GET"]}}],"collection":[{"href":"https:\/\/jyfa.dk\/de\/wp-json\/wp\/v2\/product"}],"about":[{"href":"https:\/\/jyfa.dk\/de\/wp-json\/wp\/v2\/types\/product"}],"wp:featuredmedia":[{"embeddable":true,"href":"https:\/\/jyfa.dk\/de\/wp-json\/wp\/v2\/media\/7319"}],"wp:attachment":[{"href":"https:\/\/jyfa.dk\/de\/wp-json\/wp\/v2\/media?parent=9345"}],"wp:term":[{"taxonomy":"product_brand","embeddable":true,"href":"https:\/\/jyfa.dk\/de\/wp-json\/wp\/v2\/product_brand?post=9345"},{"taxonomy":"product_cat","embeddable":true,"href":"https:\/\/jyfa.dk\/de\/wp-json\/wp\/v2\/product_cat?post=9345"},{"taxonomy":"product_tag","embeddable":true,"href":"https:\/\/jyfa.dk\/de\/wp-json\/wp\/v2\/product_tag?post=9345"}],"curies":[{"name":"wp","href":"https:\/\/api.w.org\/{rel}","templated":true}]}}