{"id":9347,"date":"2026-03-12T17:15:31","date_gmt":"2026-03-12T16:15:31","guid":{"rendered":"https:\/\/jyfa.dk\/vare\/indvendigt-led-lysbaand\/"},"modified":"2026-03-22T12:16:10","modified_gmt":"2026-03-22T11:16:10","slug":"indvendigt-led-lysbaand","status":"publish","type":"product","link":"https:\/\/jyfa.dk\/de\/vare\/indvendigt-led-lysbaand\/","title":{"rendered":"LED-Lichtband im Wageninneren"},"content":{"rendered":"<table class=\"mceItemTable\" border=\"0\">\n<tbody>\n<tr>\n<td class=\"mceSelected\" style=\"text-align: left;\" colspan=\"2\"><strong>Produktinformation<\/strong><\/td>\n<\/tr>\n<tr>\n<td class=\"mceSelected\" style=\"text-align: left;\">Einheit<\/td>\n<td class=\"mceSelected\" style=\"text-align: left;\">St\u00fcck<\/td>\n<\/tr>\n<tr valign=\"top\">\n<td class=\"mceSelected\" style=\"text-align: left;\"><strong>Anwendung <\/strong><\/td>\n<td class=\"mceSelected\" style=\"text-align: left;\">Dieses Produkt ist in verschiedenen Varianten erh\u00e4ltlich:<\/p>\n<p>Artikel-Nr.\u00a0RV28301 wird verwendet f\u00fcr:\u00a0CMH400 &amp; NHY400<\/p>\n<p>Artikel-Nr. RV28302 wird verwendet f\u00fcr:\u00a0DEH500<\/p>\n<p>Artikel-Nr. RV28303 wird verwendet f\u00fcr:\u00a0DEH600<\/p>\n<p>Artikel-Nr. RV28306 wird verwendet f\u00fcr: DEH700<\/p>\n<p>Artikel-Nr. RV28307 wird verwendet f\u00fcr: DEH800<\/td>\n<\/tr>\n<\/tbody>\n<\/table>\n","protected":false},"excerpt":{"rendered":"<p><strong>Wenn Sie sich ein ged\u00e4mpftes und ruhiges Licht im Inneren Ihres Wagens w\u00fcnschen, ist dieses LED-Lichtband die ideale Wahl!<\/strong><br data-start=\"146\" data-end=\"149\" \/><strong>Die L\u00e4nge des Lichtbands entspricht der L\u00e4nge des Wagens und es ist durch ein langes U-Profil gesch\u00fctzt.<\/strong><br data-start=\"253\" data-end=\"256\" \/><strong>Und nicht zuletzt ist es mit einem praktischen Ein-\/Ausschalter an der Vorderseite des Wagens ausgestattet.<\/strong><\/p>\n","protected":false},"featured_media":7370,"template":"","meta":{"_acf_changed":false},"product_brand":[],"product_cat":[430,431],"product_tag":[],"class_list":{"0":"post-9347","1":"product","2":"type-product","3":"status-publish","4":"has-post-thumbnail","6":"product_cat-custommade","7":"product_cat-udstyr","9":"first","10":"instock","11":"taxable","12":"shipping-taxable","13":"product-type-simple"},"acf":[],"yoast_head":"<!-- This site is optimized with the Yoast SEO plugin v27.5 - https:\/\/yoast.com\/product\/yoast-seo-wordpress\/ -->\n<title>LED-Lichtband im Wageninneren | JYFA<\/title>\n<meta name=\"robots\" content=\"index, follow, max-snippet:-1, max-image-preview:large, max-video-preview:-1\" \/>\n<link rel=\"canonical\" href=\"https:\/\/jyfa.dk\/de\/vare\/indvendigt-led-lysbaand\/\" \/>\n<meta property=\"og:locale\" content=\"de_DE\" \/>\n<meta property=\"og:type\" content=\"article\" \/>\n<meta property=\"og:title\" content=\"LED-Lichtband im Wageninneren | JYFA\" \/>\n<meta property=\"og:description\" content=\"Wenn Sie sich ein ged\u00e4mpftes und ruhiges Licht im Inneren Ihres Wagens w\u00fcnschen, ist dieses LED-Lichtband die ideale Wahl!Die L\u00e4nge des Lichtbands entspricht der L\u00e4nge des Wagens und es ist durch ein langes U-Profil gesch\u00fctzt.Und nicht zuletzt ist es mit einem praktischen Ein-\/Ausschalter an der Vorderseite des Wagens ausgestattet.\" \/>\n<meta property=\"og:url\" content=\"https:\/\/jyfa.dk\/de\/vare\/indvendigt-led-lysbaand\/\" \/>\n<meta property=\"og:site_name\" content=\"JYFA\" \/>\n<meta property=\"article:modified_time\" content=\"2026-03-22T11:16:10+00:00\" \/>\n<meta name=\"twitter:card\" content=\"summary_large_image\" \/>\n<meta name=\"twitter:label1\" content=\"Gesch\u00e4tzte Lesezeit\" \/>\n\t<meta name=\"twitter:data1\" content=\"1\u00a0Minute\" \/>\n<script type=\"application\/ld+json\" class=\"yoast-schema-graph\">{\"@context\":\"https:\\\/\\\/schema.org\",\"@graph\":[{\"@type\":\"WebPage\",\"@id\":\"https:\\\/\\\/jyfa.dk\\\/de\\\/vare\\\/indvendigt-led-lysbaand\\\/\",\"url\":\"https:\\\/\\\/jyfa.dk\\\/de\\\/vare\\\/indvendigt-led-lysbaand\\\/\",\"name\":\"LED-Lichtband im Wageninneren | JYFA\",\"isPartOf\":{\"@id\":\"https:\\\/\\\/jyfa.dk\\\/de\\\/#website\"},\"primaryImageOfPage\":{\"@id\":\"https:\\\/\\\/jyfa.dk\\\/de\\\/vare\\\/indvendigt-led-lysbaand\\\/#primaryimage\"},\"image\":{\"@id\":\"https:\\\/\\\/jyfa.dk\\\/de\\\/vare\\\/indvendigt-led-lysbaand\\\/#primaryimage\"},\"thumbnailUrl\":\"https:\\\/\\\/jyfa.dk\\\/wp-content\\\/uploads\\\/RV28300-2.png\",\"datePublished\":\"2026-03-12T16:15:31+00:00\",\"dateModified\":\"2026-03-22T11:16:10+00:00\",\"breadcrumb\":{\"@id\":\"https:\\\/\\\/jyfa.dk\\\/de\\\/vare\\\/indvendigt-led-lysbaand\\\/#breadcrumb\"},\"inLanguage\":\"de\",\"potentialAction\":[{\"@type\":\"ReadAction\",\"target\":[\"https:\\\/\\\/jyfa.dk\\\/de\\\/vare\\\/indvendigt-led-lysbaand\\\/\"]}]},{\"@type\":\"ImageObject\",\"inLanguage\":\"de\",\"@id\":\"https:\\\/\\\/jyfa.dk\\\/de\\\/vare\\\/indvendigt-led-lysbaand\\\/#primaryimage\",\"url\":\"https:\\\/\\\/jyfa.dk\\\/wp-content\\\/uploads\\\/RV28300-2.png\",\"contentUrl\":\"https:\\\/\\\/jyfa.dk\\\/wp-content\\\/uploads\\\/RV28300-2.png\",\"width\":2000,\"height\":2000},{\"@type\":\"BreadcrumbList\",\"@id\":\"https:\\\/\\\/jyfa.dk\\\/de\\\/vare\\\/indvendigt-led-lysbaand\\\/#breadcrumb\",\"itemListElement\":[{\"@type\":\"ListItem\",\"position\":1,\"name\":\"Forside\",\"item\":\"https:\\\/\\\/jyfa.dk\\\/de\\\/\"},{\"@type\":\"ListItem\",\"position\":2,\"name\":\"Shop\",\"item\":\"https:\\\/\\\/jyfa.dk\\\/de\\\/shop\\\/\"},{\"@type\":\"ListItem\",\"position\":3,\"name\":\"Spezialausr\u00fcstung\",\"item\":\"https:\\\/\\\/jyfa.dk\\\/de\\\/kategori\\\/custommade\\\/\"},{\"@type\":\"ListItem\",\"position\":4,\"name\":\"LED-Lichtband im Wageninneren\"}]},{\"@type\":\"WebSite\",\"@id\":\"https:\\\/\\\/jyfa.dk\\\/de\\\/#website\",\"url\":\"https:\\\/\\\/jyfa.dk\\\/de\\\/\",\"name\":\"JYFA\",\"description\":\"\",\"publisher\":{\"@id\":\"https:\\\/\\\/jyfa.dk\\\/de\\\/#organization\"},\"potentialAction\":[{\"@type\":\"SearchAction\",\"target\":{\"@type\":\"EntryPoint\",\"urlTemplate\":\"https:\\\/\\\/jyfa.dk\\\/de\\\/?s={search_term_string}\"},\"query-input\":{\"@type\":\"PropertyValueSpecification\",\"valueRequired\":true,\"valueName\":\"search_term_string\"}}],\"inLanguage\":\"de\"},{\"@type\":\"Organization\",\"@id\":\"https:\\\/\\\/jyfa.dk\\\/de\\\/#organization\",\"name\":\"JYFA\",\"url\":\"https:\\\/\\\/jyfa.dk\\\/de\\\/\",\"logo\":{\"@type\":\"ImageObject\",\"inLanguage\":\"de\",\"@id\":\"https:\\\/\\\/jyfa.dk\\\/de\\\/#\\\/schema\\\/logo\\\/image\\\/\",\"url\":\"https:\\\/\\\/jyfa.dk\\\/wp-content\\\/uploads\\\/JYFA-Logo2-scaled-e1771414837114.png\",\"contentUrl\":\"https:\\\/\\\/jyfa.dk\\\/wp-content\\\/uploads\\\/JYFA-Logo2-scaled-e1771414837114.png\",\"width\":2007,\"height\":770,\"caption\":\"JYFA\"},\"image\":{\"@id\":\"https:\\\/\\\/jyfa.dk\\\/de\\\/#\\\/schema\\\/logo\\\/image\\\/\"}}]}<\/script>\n<!-- \/ Yoast SEO plugin. -->","yoast_head_json":{"title":"LED-Lichtband im Wageninneren | JYFA","robots":{"index":"index","follow":"follow","max-snippet":"max-snippet:-1","max-image-preview":"max-image-preview:large","max-video-preview":"max-video-preview:-1"},"canonical":"https:\/\/jyfa.dk\/de\/vare\/indvendigt-led-lysbaand\/","og_locale":"de_DE","og_type":"article","og_title":"LED-Lichtband im Wageninneren | JYFA","og_description":"Wenn Sie sich ein ged\u00e4mpftes und ruhiges Licht im Inneren Ihres Wagens w\u00fcnschen, ist dieses LED-Lichtband die ideale Wahl!Die L\u00e4nge des Lichtbands entspricht der L\u00e4nge des Wagens und es ist durch ein langes U-Profil gesch\u00fctzt.Und nicht zuletzt ist es mit einem praktischen Ein-\/Ausschalter an der Vorderseite des Wagens ausgestattet.","og_url":"https:\/\/jyfa.dk\/de\/vare\/indvendigt-led-lysbaand\/","og_site_name":"JYFA","article_modified_time":"2026-03-22T11:16:10+00:00","twitter_card":"summary_large_image","twitter_misc":{"Gesch\u00e4tzte Lesezeit":"1\u00a0Minute"},"schema":{"@context":"https:\/\/schema.org","@graph":[{"@type":"WebPage","@id":"https:\/\/jyfa.dk\/de\/vare\/indvendigt-led-lysbaand\/","url":"https:\/\/jyfa.dk\/de\/vare\/indvendigt-led-lysbaand\/","name":"LED-Lichtband im Wageninneren | JYFA","isPartOf":{"@id":"https:\/\/jyfa.dk\/de\/#website"},"primaryImageOfPage":{"@id":"https:\/\/jyfa.dk\/de\/vare\/indvendigt-led-lysbaand\/#primaryimage"},"image":{"@id":"https:\/\/jyfa.dk\/de\/vare\/indvendigt-led-lysbaand\/#primaryimage"},"thumbnailUrl":"https:\/\/jyfa.dk\/wp-content\/uploads\/RV28300-2.png","datePublished":"2026-03-12T16:15:31+00:00","dateModified":"2026-03-22T11:16:10+00:00","breadcrumb":{"@id":"https:\/\/jyfa.dk\/de\/vare\/indvendigt-led-lysbaand\/#breadcrumb"},"inLanguage":"de","potentialAction":[{"@type":"ReadAction","target":["https:\/\/jyfa.dk\/de\/vare\/indvendigt-led-lysbaand\/"]}]},{"@type":"ImageObject","inLanguage":"de","@id":"https:\/\/jyfa.dk\/de\/vare\/indvendigt-led-lysbaand\/#primaryimage","url":"https:\/\/jyfa.dk\/wp-content\/uploads\/RV28300-2.png","contentUrl":"https:\/\/jyfa.dk\/wp-content\/uploads\/RV28300-2.png","width":2000,"height":2000},{"@type":"BreadcrumbList","@id":"https:\/\/jyfa.dk\/de\/vare\/indvendigt-led-lysbaand\/#breadcrumb","itemListElement":[{"@type":"ListItem","position":1,"name":"Forside","item":"https:\/\/jyfa.dk\/de\/"},{"@type":"ListItem","position":2,"name":"Shop","item":"https:\/\/jyfa.dk\/de\/shop\/"},{"@type":"ListItem","position":3,"name":"Spezialausr\u00fcstung","item":"https:\/\/jyfa.dk\/de\/kategori\/custommade\/"},{"@type":"ListItem","position":4,"name":"LED-Lichtband im Wageninneren"}]},{"@type":"WebSite","@id":"https:\/\/jyfa.dk\/de\/#website","url":"https:\/\/jyfa.dk\/de\/","name":"JYFA","description":"","publisher":{"@id":"https:\/\/jyfa.dk\/de\/#organization"},"potentialAction":[{"@type":"SearchAction","target":{"@type":"EntryPoint","urlTemplate":"https:\/\/jyfa.dk\/de\/?s={search_term_string}"},"query-input":{"@type":"PropertyValueSpecification","valueRequired":true,"valueName":"search_term_string"}}],"inLanguage":"de"},{"@type":"Organization","@id":"https:\/\/jyfa.dk\/de\/#organization","name":"JYFA","url":"https:\/\/jyfa.dk\/de\/","logo":{"@type":"ImageObject","inLanguage":"de","@id":"https:\/\/jyfa.dk\/de\/#\/schema\/logo\/image\/","url":"https:\/\/jyfa.dk\/wp-content\/uploads\/JYFA-Logo2-scaled-e1771414837114.png","contentUrl":"https:\/\/jyfa.dk\/wp-content\/uploads\/JYFA-Logo2-scaled-e1771414837114.png","width":2007,"height":770,"caption":"JYFA"},"image":{"@id":"https:\/\/jyfa.dk\/de\/#\/schema\/logo\/image\/"}}]}},"_links":{"self":[{"href":"https:\/\/jyfa.dk\/de\/wp-json\/wp\/v2\/product\/9347","targetHints":{"allow":["GET"]}}],"collection":[{"href":"https:\/\/jyfa.dk\/de\/wp-json\/wp\/v2\/product"}],"about":[{"href":"https:\/\/jyfa.dk\/de\/wp-json\/wp\/v2\/types\/product"}],"wp:featuredmedia":[{"embeddable":true,"href":"https:\/\/jyfa.dk\/de\/wp-json\/wp\/v2\/media\/7370"}],"wp:attachment":[{"href":"https:\/\/jyfa.dk\/de\/wp-json\/wp\/v2\/media?parent=9347"}],"wp:term":[{"taxonomy":"product_brand","embeddable":true,"href":"https:\/\/jyfa.dk\/de\/wp-json\/wp\/v2\/product_brand?post=9347"},{"taxonomy":"product_cat","embeddable":true,"href":"https:\/\/jyfa.dk\/de\/wp-json\/wp\/v2\/product_cat?post=9347"},{"taxonomy":"product_tag","embeddable":true,"href":"https:\/\/jyfa.dk\/de\/wp-json\/wp\/v2\/product_tag?post=9347"}],"curies":[{"name":"wp","href":"https:\/\/api.w.org\/{rel}","templated":true}]}}