{"id":9349,"date":"2026-03-12T17:28:36","date_gmt":"2026-03-12T16:28:36","guid":{"rendered":"https:\/\/jyfa.dk\/vare\/skillerum-med-kalveindgang-custommade\/"},"modified":"2026-03-22T12:18:05","modified_gmt":"2026-03-22T11:18:05","slug":"skillerum-med-kalveindgang-custommade","status":"publish","type":"product","link":"https:\/\/jyfa.dk\/de\/vare\/skillerum-med-kalveindgang-custommade\/","title":{"rendered":"Trenngitter mit \u00d6ffnung f\u00fcr K\u00e4lber"},"content":{"rendered":"<p><em><strong>Dieses Produkt kann verwendet werden f\u00fcr:<br \/>\n<\/strong><\/em><a href=\"https:\/\/jyfa.dk\/de\/wagenprogramm\/schmaler-transportwagen\/viehtransporter.html\">SMA400<\/a>,\u00a0<a href=\"https:\/\/jyfa.dk\/de\/wagenprogramm\/schmaler-transportwagen\/viehtransporter-1564.html\">SMA500<\/a><\/p>\n","protected":false},"excerpt":{"rendered":"<p><strong>Spezial\u00a0Trenngitter\u00a0mit \u00d6ffnung f\u00fcr K\u00e4lber<\/strong><\/p>\n","protected":false},"featured_media":7387,"template":"","meta":{"_acf_changed":false},"product_brand":[],"product_cat":[430,431],"product_tag":[],"class_list":{"0":"post-9349","1":"product","2":"type-product","3":"status-publish","4":"has-post-thumbnail","6":"product_cat-custommade","7":"product_cat-udstyr","9":"first","10":"instock","11":"taxable","12":"shipping-taxable","13":"product-type-simple"},"acf":[],"yoast_head":"<!-- This site is optimized with the Yoast SEO plugin v27.5 - https:\/\/yoast.com\/product\/yoast-seo-wordpress\/ -->\n<title>Trenngitter mit \u00d6ffnung f\u00fcr K\u00e4lber | JYFA<\/title>\n<meta name=\"robots\" content=\"index, follow, max-snippet:-1, max-image-preview:large, max-video-preview:-1\" \/>\n<link rel=\"canonical\" href=\"https:\/\/jyfa.dk\/de\/vare\/skillerum-med-kalveindgang-custommade\/\" \/>\n<meta property=\"og:locale\" content=\"de_DE\" \/>\n<meta property=\"og:type\" content=\"article\" \/>\n<meta property=\"og:title\" content=\"Trenngitter mit \u00d6ffnung f\u00fcr K\u00e4lber | JYFA\" \/>\n<meta property=\"og:description\" content=\"Spezial\u00a0Trenngitter\u00a0mit \u00d6ffnung f\u00fcr K\u00e4lber\" \/>\n<meta property=\"og:url\" content=\"https:\/\/jyfa.dk\/de\/vare\/skillerum-med-kalveindgang-custommade\/\" \/>\n<meta property=\"og:site_name\" content=\"JYFA\" \/>\n<meta property=\"article:modified_time\" content=\"2026-03-22T11:18:05+00:00\" \/>\n<meta name=\"twitter:card\" content=\"summary_large_image\" \/>\n<meta name=\"twitter:label1\" content=\"Gesch\u00e4tzte Lesezeit\" \/>\n\t<meta name=\"twitter:data1\" content=\"1\u00a0Minute\" \/>\n<script type=\"application\/ld+json\" class=\"yoast-schema-graph\">{\"@context\":\"https:\\\/\\\/schema.org\",\"@graph\":[{\"@type\":\"WebPage\",\"@id\":\"https:\\\/\\\/jyfa.dk\\\/de\\\/vare\\\/skillerum-med-kalveindgang-custommade\\\/\",\"url\":\"https:\\\/\\\/jyfa.dk\\\/de\\\/vare\\\/skillerum-med-kalveindgang-custommade\\\/\",\"name\":\"Trenngitter mit \u00d6ffnung f\u00fcr K\u00e4lber | JYFA\",\"isPartOf\":{\"@id\":\"https:\\\/\\\/jyfa.dk\\\/de\\\/#website\"},\"primaryImageOfPage\":{\"@id\":\"https:\\\/\\\/jyfa.dk\\\/de\\\/vare\\\/skillerum-med-kalveindgang-custommade\\\/#primaryimage\"},\"image\":{\"@id\":\"https:\\\/\\\/jyfa.dk\\\/de\\\/vare\\\/skillerum-med-kalveindgang-custommade\\\/#primaryimage\"},\"thumbnailUrl\":\"https:\\\/\\\/jyfa.dk\\\/wp-content\\\/uploads\\\/SP26151-4.png\",\"datePublished\":\"2026-03-12T16:28:36+00:00\",\"dateModified\":\"2026-03-22T11:18:05+00:00\",\"breadcrumb\":{\"@id\":\"https:\\\/\\\/jyfa.dk\\\/de\\\/vare\\\/skillerum-med-kalveindgang-custommade\\\/#breadcrumb\"},\"inLanguage\":\"de\",\"potentialAction\":[{\"@type\":\"ReadAction\",\"target\":[\"https:\\\/\\\/jyfa.dk\\\/de\\\/vare\\\/skillerum-med-kalveindgang-custommade\\\/\"]}]},{\"@type\":\"ImageObject\",\"inLanguage\":\"de\",\"@id\":\"https:\\\/\\\/jyfa.dk\\\/de\\\/vare\\\/skillerum-med-kalveindgang-custommade\\\/#primaryimage\",\"url\":\"https:\\\/\\\/jyfa.dk\\\/wp-content\\\/uploads\\\/SP26151-4.png\",\"contentUrl\":\"https:\\\/\\\/jyfa.dk\\\/wp-content\\\/uploads\\\/SP26151-4.png\",\"width\":2000,\"height\":2000},{\"@type\":\"BreadcrumbList\",\"@id\":\"https:\\\/\\\/jyfa.dk\\\/de\\\/vare\\\/skillerum-med-kalveindgang-custommade\\\/#breadcrumb\",\"itemListElement\":[{\"@type\":\"ListItem\",\"position\":1,\"name\":\"Forside\",\"item\":\"https:\\\/\\\/jyfa.dk\\\/de\\\/\"},{\"@type\":\"ListItem\",\"position\":2,\"name\":\"Shop\",\"item\":\"https:\\\/\\\/jyfa.dk\\\/de\\\/shop\\\/\"},{\"@type\":\"ListItem\",\"position\":3,\"name\":\"Spezialausr\u00fcstung\",\"item\":\"https:\\\/\\\/jyfa.dk\\\/de\\\/kategori\\\/custommade\\\/\"},{\"@type\":\"ListItem\",\"position\":4,\"name\":\"Trenngitter mit \u00d6ffnung f\u00fcr K\u00e4lber\"}]},{\"@type\":\"WebSite\",\"@id\":\"https:\\\/\\\/jyfa.dk\\\/de\\\/#website\",\"url\":\"https:\\\/\\\/jyfa.dk\\\/de\\\/\",\"name\":\"JYFA\",\"description\":\"\",\"publisher\":{\"@id\":\"https:\\\/\\\/jyfa.dk\\\/de\\\/#organization\"},\"potentialAction\":[{\"@type\":\"SearchAction\",\"target\":{\"@type\":\"EntryPoint\",\"urlTemplate\":\"https:\\\/\\\/jyfa.dk\\\/de\\\/?s={search_term_string}\"},\"query-input\":{\"@type\":\"PropertyValueSpecification\",\"valueRequired\":true,\"valueName\":\"search_term_string\"}}],\"inLanguage\":\"de\"},{\"@type\":\"Organization\",\"@id\":\"https:\\\/\\\/jyfa.dk\\\/de\\\/#organization\",\"name\":\"JYFA\",\"url\":\"https:\\\/\\\/jyfa.dk\\\/de\\\/\",\"logo\":{\"@type\":\"ImageObject\",\"inLanguage\":\"de\",\"@id\":\"https:\\\/\\\/jyfa.dk\\\/de\\\/#\\\/schema\\\/logo\\\/image\\\/\",\"url\":\"https:\\\/\\\/jyfa.dk\\\/wp-content\\\/uploads\\\/JYFA-Logo2-scaled-e1771414837114.png\",\"contentUrl\":\"https:\\\/\\\/jyfa.dk\\\/wp-content\\\/uploads\\\/JYFA-Logo2-scaled-e1771414837114.png\",\"width\":2007,\"height\":770,\"caption\":\"JYFA\"},\"image\":{\"@id\":\"https:\\\/\\\/jyfa.dk\\\/de\\\/#\\\/schema\\\/logo\\\/image\\\/\"}}]}<\/script>\n<!-- \/ Yoast SEO plugin. -->","yoast_head_json":{"title":"Trenngitter mit \u00d6ffnung f\u00fcr K\u00e4lber | JYFA","robots":{"index":"index","follow":"follow","max-snippet":"max-snippet:-1","max-image-preview":"max-image-preview:large","max-video-preview":"max-video-preview:-1"},"canonical":"https:\/\/jyfa.dk\/de\/vare\/skillerum-med-kalveindgang-custommade\/","og_locale":"de_DE","og_type":"article","og_title":"Trenngitter mit \u00d6ffnung f\u00fcr K\u00e4lber | JYFA","og_description":"Spezial\u00a0Trenngitter\u00a0mit \u00d6ffnung f\u00fcr K\u00e4lber","og_url":"https:\/\/jyfa.dk\/de\/vare\/skillerum-med-kalveindgang-custommade\/","og_site_name":"JYFA","article_modified_time":"2026-03-22T11:18:05+00:00","twitter_card":"summary_large_image","twitter_misc":{"Gesch\u00e4tzte Lesezeit":"1\u00a0Minute"},"schema":{"@context":"https:\/\/schema.org","@graph":[{"@type":"WebPage","@id":"https:\/\/jyfa.dk\/de\/vare\/skillerum-med-kalveindgang-custommade\/","url":"https:\/\/jyfa.dk\/de\/vare\/skillerum-med-kalveindgang-custommade\/","name":"Trenngitter mit \u00d6ffnung f\u00fcr K\u00e4lber | JYFA","isPartOf":{"@id":"https:\/\/jyfa.dk\/de\/#website"},"primaryImageOfPage":{"@id":"https:\/\/jyfa.dk\/de\/vare\/skillerum-med-kalveindgang-custommade\/#primaryimage"},"image":{"@id":"https:\/\/jyfa.dk\/de\/vare\/skillerum-med-kalveindgang-custommade\/#primaryimage"},"thumbnailUrl":"https:\/\/jyfa.dk\/wp-content\/uploads\/SP26151-4.png","datePublished":"2026-03-12T16:28:36+00:00","dateModified":"2026-03-22T11:18:05+00:00","breadcrumb":{"@id":"https:\/\/jyfa.dk\/de\/vare\/skillerum-med-kalveindgang-custommade\/#breadcrumb"},"inLanguage":"de","potentialAction":[{"@type":"ReadAction","target":["https:\/\/jyfa.dk\/de\/vare\/skillerum-med-kalveindgang-custommade\/"]}]},{"@type":"ImageObject","inLanguage":"de","@id":"https:\/\/jyfa.dk\/de\/vare\/skillerum-med-kalveindgang-custommade\/#primaryimage","url":"https:\/\/jyfa.dk\/wp-content\/uploads\/SP26151-4.png","contentUrl":"https:\/\/jyfa.dk\/wp-content\/uploads\/SP26151-4.png","width":2000,"height":2000},{"@type":"BreadcrumbList","@id":"https:\/\/jyfa.dk\/de\/vare\/skillerum-med-kalveindgang-custommade\/#breadcrumb","itemListElement":[{"@type":"ListItem","position":1,"name":"Forside","item":"https:\/\/jyfa.dk\/de\/"},{"@type":"ListItem","position":2,"name":"Shop","item":"https:\/\/jyfa.dk\/de\/shop\/"},{"@type":"ListItem","position":3,"name":"Spezialausr\u00fcstung","item":"https:\/\/jyfa.dk\/de\/kategori\/custommade\/"},{"@type":"ListItem","position":4,"name":"Trenngitter mit \u00d6ffnung f\u00fcr K\u00e4lber"}]},{"@type":"WebSite","@id":"https:\/\/jyfa.dk\/de\/#website","url":"https:\/\/jyfa.dk\/de\/","name":"JYFA","description":"","publisher":{"@id":"https:\/\/jyfa.dk\/de\/#organization"},"potentialAction":[{"@type":"SearchAction","target":{"@type":"EntryPoint","urlTemplate":"https:\/\/jyfa.dk\/de\/?s={search_term_string}"},"query-input":{"@type":"PropertyValueSpecification","valueRequired":true,"valueName":"search_term_string"}}],"inLanguage":"de"},{"@type":"Organization","@id":"https:\/\/jyfa.dk\/de\/#organization","name":"JYFA","url":"https:\/\/jyfa.dk\/de\/","logo":{"@type":"ImageObject","inLanguage":"de","@id":"https:\/\/jyfa.dk\/de\/#\/schema\/logo\/image\/","url":"https:\/\/jyfa.dk\/wp-content\/uploads\/JYFA-Logo2-scaled-e1771414837114.png","contentUrl":"https:\/\/jyfa.dk\/wp-content\/uploads\/JYFA-Logo2-scaled-e1771414837114.png","width":2007,"height":770,"caption":"JYFA"},"image":{"@id":"https:\/\/jyfa.dk\/de\/#\/schema\/logo\/image\/"}}]}},"_links":{"self":[{"href":"https:\/\/jyfa.dk\/de\/wp-json\/wp\/v2\/product\/9349","targetHints":{"allow":["GET"]}}],"collection":[{"href":"https:\/\/jyfa.dk\/de\/wp-json\/wp\/v2\/product"}],"about":[{"href":"https:\/\/jyfa.dk\/de\/wp-json\/wp\/v2\/types\/product"}],"wp:featuredmedia":[{"embeddable":true,"href":"https:\/\/jyfa.dk\/de\/wp-json\/wp\/v2\/media\/7387"}],"wp:attachment":[{"href":"https:\/\/jyfa.dk\/de\/wp-json\/wp\/v2\/media?parent=9349"}],"wp:term":[{"taxonomy":"product_brand","embeddable":true,"href":"https:\/\/jyfa.dk\/de\/wp-json\/wp\/v2\/product_brand?post=9349"},{"taxonomy":"product_cat","embeddable":true,"href":"https:\/\/jyfa.dk\/de\/wp-json\/wp\/v2\/product_cat?post=9349"},{"taxonomy":"product_tag","embeddable":true,"href":"https:\/\/jyfa.dk\/de\/wp-json\/wp\/v2\/product_tag?post=9349"}],"curies":[{"name":"wp","href":"https:\/\/api.w.org\/{rel}","templated":true}]}}