{"id":9354,"date":"2026-03-21T21:26:29","date_gmt":"2026-03-21T20:26:29","guid":{"rendered":"https:\/\/jyfa.dk\/vare\/deh600\/"},"modified":"2026-05-08T12:48:09","modified_gmt":"2026-05-08T10:48:09","slug":"deh600","status":"publish","type":"product","link":"https:\/\/jyfa.dk\/de\/vare\/deh600\/","title":{"rendered":"DEH600"},"content":{"rendered":"<p><strong>Zulassung in Zusammenarbeit mit dem T\u00dcV<\/strong><br \/>\nDer Wagen wurde speziell f\u00fcr den deutschen Markt entwickelt und vom T\u00dcV bis 40 km\/h auf den deutschen Stra\u00dfen getestet.<\/p>\n<p>Das Merkmal des 6M DE Transportwagen (DEH600) ist, dass er \u00fcber innere Radk\u00e4sten verf\u00fcgt. Der Aussenwagenbreite betr\u00e4gt somit 2,55 Meter. Der Wagenkasten hat eine L\u00e4nge von 6 Metern und die Gesamtl\u00e4nge inklusiv Zugdeichsel betr\u00e4gt 7,4 Meter. Die innere Wagenbreite betr\u00e4gt 2,40 Meter, und zwischen den Radk\u00e4sten sind es satte 1,65 Meter. Die Gesamte Bodenfl\u00e4che Areal betr\u00e4gt 13,1 m2.<\/p>\n<p>&nbsp;<\/p>\n<div><strong>Standardausr\u00fcstung<\/strong><br \/>\nEs gibt Standardausstattung \u2013 und dann gibt es JYFA-Standardausstattung! Mit einem JYFA-Wagen erhalten Sie von Anfang an einen Wagen, der Qualit\u00e4t ausstrahlt! Serienm\u00e4\u00dfig ist dieses Modell ausgestattet mit:<\/div>\n<div>\n<ul>\n<li>Dach<\/li>\n<li>LED Beleuchtung<\/li>\n<li>Trenngitter<\/li>\n<li>Hydraulik<\/li>\n<li>Vollverzinkt<\/li>\n<li>Bremsen (lufthydraulische bremsen)<\/li>\n<li>Handbremse<\/li>\n<li>Vollverzinkt zugdeichsel<\/li>\n<li>Doppelheckt\u00fcren mit Doppelverriegelungsfunktion<\/li>\n<li>Notausgang<\/li>\n<li>12 mm schwarze Recycling-Kunststoffplatten auf allen Seiten<\/li>\n<li>Verzinkter rutschfester Stahl boden<\/li>\n<li>Zug\u00f6se \u00d840 mm<\/li>\n<li>Schlitten unter dem boden<\/li>\n<li>Anh\u00e4nger St\u00fctzbein<\/li>\n<li>Reifengr\u00f6sse 355\/60 R18<\/li>\n<\/ul>\n<p>&nbsp;<\/p>\n<p><strong>Die hydraulische Hub- und Senkfunktion<br \/>\n<\/strong>Die hydraulische Hub und Senkfunktion bietet im allt\u00e4glichen gebrauch viele vorteile. W\u00e4hrend des Be- und entladens wird der boden des Wagens gesenkt, damit die Tiere direkt ab-bzw aufsteigen k\u00f6nnen, woraufhin der Wagen wieder angehoben wird. Dar\u00fcber hinaus, dass sich das laden der Tiere \u00e4usserst effektiv und stressfrei gestaltet, ist die Hydraulische Hub- und Senkfunktion ebenfalls ideal, um den Wagen auf dem Feld mit futter zu beladen, damit die Tiere und kleineren K\u00e4lber vor dem transport sicher beim Wagen bleiben.\u00a0<span style=\"color: #1d4ed8;\"><a style=\"color: #1d4ed8;\" href=\"https:\/\/jyfa.dk\/de\/die-hydraulische-hebe-und-senkfunktion\/\">Lesen Sie mehr \u00fcber die Vorteile der hydraulischen Hub-Senk-Funktion hier!<\/a><\/span><\/p>\n<p>&nbsp;<\/p>\n<p data-start=\"0\" data-end=\"417\"><strong data-start=\"0\" data-end=\"29\">Ma\u00dfgeschneiderte L\u00f6sungen<\/strong><br data-start=\"29\" data-end=\"32\" \/>Wir bieten volle Flexibilit\u00e4t, sodass dieser Wagen mit einer breiten Auswahl an Ausr\u00fcstung angepasst werden kann. Neben unseren standardm\u00e4\u00dfigen Sonderausstattung bieten wir auch speziell angepasste L\u00f6sungen an, wie z. B. Innen-LED-Beleuchtung und vieles mehr. Alles dient dazu, den Wagen genau an Ihre Bed\u00fcrfnisse anzupassen.\u00a0<span style=\"color: #1d4ed8;\"><a style=\"color: #1d4ed8;\" href=\"https:\/\/jyfa.dk\/de\/kategori\/custommade\/\">Lesen Sie mehr oder lassen Sie sich hier inspirieren!<\/a><\/span><\/p>\n<p data-start=\"419\" data-end=\"743\" data-is-last-node=\"\" data-is-only-node=\"\"><strong data-start=\"419\" data-end=\"439\"><br \/>\nAnzahl der Tiere<\/strong><br data-start=\"439\" data-end=\"442\" \/>Die zul\u00e4ssige Anzahl an Tieren w\u00e4hrend des Transports variiert je nach Gr\u00f6\u00dfe\/Rasse sowie den national geltenden Vorschriften. Die angegebene Tieranzahl f\u00fcr den Transport basiert auf den d\u00e4nischen nationalen Vorschriften f\u00fcr den Transport von Rindern. Die angegebene Tieranzahl ist daher nur Richtwert.<\/p>\n<\/div>\n","protected":false},"excerpt":{"rendered":"<p><strong>Der 6M DE Transportwagen ist ein T\u00dcV-gepr\u00fcfter, voll ausgestatteter Viehwagen, der f\u00fcr einen sicheren, effizienten und stressfreien Tiertransport entwickelt wurde. Mit integrierten Radk\u00e4sten und einem ger\u00e4umigen Layout bietet er hervorragende Stabilit\u00e4t, Funktionalit\u00e4t und gro\u00dfz\u00fcgige Bodenfl\u00e4che f\u00fcr den professionellen Einsatz.<\/strong> <span style=\"color: #1d4ed8;\"><a style=\"color: #1d4ed8;\" href=\"#product_information\">Mehr lesen\u2026<\/a><\/span><\/p>\n","protected":false},"featured_media":10884,"template":"","meta":{"_acf_changed":false},"product_brand":[],"product_cat":[433],"product_tag":[],"class_list":{"0":"post-9354","1":"product","2":"type-product","3":"status-publish","4":"has-post-thumbnail","6":"product_cat-de-transport-trailer","8":"first","9":"instock","10":"taxable","11":"shipping-taxable","12":"product-type-simple"},"acf":[],"yoast_head":"<!-- This site is optimized with the Yoast SEO plugin v27.5 - https:\/\/yoast.com\/product\/yoast-seo-wordpress\/ -->\n<title>REGISTRIERBAR VIEHTRANSPORTER - T\u00dcV-ZULASSUNG | JYFA<\/title>\n<meta name=\"description\" content=\"Verzinkter kr\u00e4ftiger JYFA TIERTRANSPORTWAGEN mit Registrierm\u00f6glichkeit! Zulassung in Zusammenarbeit mit dem T\u00dcV und den neuen Bestimmungen f\u00fcr den verkehr mit Tiertransporten entsprechend!\" \/>\n<meta name=\"robots\" content=\"index, follow, max-snippet:-1, max-image-preview:large, max-video-preview:-1\" \/>\n<link rel=\"canonical\" href=\"https:\/\/jyfa.dk\/de\/vare\/deh600\/\" \/>\n<meta property=\"og:locale\" content=\"de_DE\" \/>\n<meta property=\"og:type\" content=\"article\" \/>\n<meta property=\"og:title\" content=\"REGISTRIERBAR VIEHTRANSPORTER - T\u00dcV-ZULASSUNG | JYFA\" \/>\n<meta property=\"og:description\" content=\"Verzinkter kr\u00e4ftiger JYFA TIERTRANSPORTWAGEN mit Registrierm\u00f6glichkeit! Zulassung in Zusammenarbeit mit dem T\u00dcV und den neuen Bestimmungen f\u00fcr den verkehr mit Tiertransporten entsprechend!\" \/>\n<meta property=\"og:url\" content=\"https:\/\/jyfa.dk\/de\/vare\/deh600\/\" \/>\n<meta property=\"og:site_name\" content=\"JYFA\" \/>\n<meta property=\"article:modified_time\" content=\"2026-05-08T10:48:09+00:00\" \/>\n<meta name=\"twitter:card\" content=\"summary_large_image\" \/>\n<meta name=\"twitter:label1\" content=\"Gesch\u00e4tzte Lesezeit\" \/>\n\t<meta name=\"twitter:data1\" content=\"2\u00a0Minuten\" \/>\n<script type=\"application\/ld+json\" class=\"yoast-schema-graph\">{\"@context\":\"https:\\\/\\\/schema.org\",\"@graph\":[{\"@type\":\"WebPage\",\"@id\":\"https:\\\/\\\/jyfa.dk\\\/de\\\/vare\\\/deh600\\\/\",\"url\":\"https:\\\/\\\/jyfa.dk\\\/de\\\/vare\\\/deh600\\\/\",\"name\":\"REGISTRIERBAR VIEHTRANSPORTER - T\u00dcV-ZULASSUNG | JYFA\",\"isPartOf\":{\"@id\":\"https:\\\/\\\/jyfa.dk\\\/de\\\/#website\"},\"primaryImageOfPage\":{\"@id\":\"https:\\\/\\\/jyfa.dk\\\/de\\\/vare\\\/deh600\\\/#primaryimage\"},\"image\":{\"@id\":\"https:\\\/\\\/jyfa.dk\\\/de\\\/vare\\\/deh600\\\/#primaryimage\"},\"thumbnailUrl\":\"https:\\\/\\\/jyfa.dk\\\/wp-content\\\/uploads\\\/31600-DEH600-6.png\",\"datePublished\":\"2026-03-21T20:26:29+00:00\",\"dateModified\":\"2026-05-08T10:48:09+00:00\",\"description\":\"Verzinkter kr\u00e4ftiger JYFA TIERTRANSPORTWAGEN mit Registrierm\u00f6glichkeit! Zulassung in Zusammenarbeit mit dem T\u00dcV und den neuen Bestimmungen f\u00fcr den verkehr mit Tiertransporten entsprechend!\",\"breadcrumb\":{\"@id\":\"https:\\\/\\\/jyfa.dk\\\/de\\\/vare\\\/deh600\\\/#breadcrumb\"},\"inLanguage\":\"de\",\"potentialAction\":[{\"@type\":\"ReadAction\",\"target\":[\"https:\\\/\\\/jyfa.dk\\\/de\\\/vare\\\/deh600\\\/\"]}]},{\"@type\":\"ImageObject\",\"inLanguage\":\"de\",\"@id\":\"https:\\\/\\\/jyfa.dk\\\/de\\\/vare\\\/deh600\\\/#primaryimage\",\"url\":\"https:\\\/\\\/jyfa.dk\\\/wp-content\\\/uploads\\\/31600-DEH600-6.png\",\"contentUrl\":\"https:\\\/\\\/jyfa.dk\\\/wp-content\\\/uploads\\\/31600-DEH600-6.png\",\"width\":2000,\"height\":2000},{\"@type\":\"BreadcrumbList\",\"@id\":\"https:\\\/\\\/jyfa.dk\\\/de\\\/vare\\\/deh600\\\/#breadcrumb\",\"itemListElement\":[{\"@type\":\"ListItem\",\"position\":1,\"name\":\"Forside\",\"item\":\"https:\\\/\\\/jyfa.dk\\\/de\\\/\"},{\"@type\":\"ListItem\",\"position\":2,\"name\":\"Shop\",\"item\":\"https:\\\/\\\/jyfa.dk\\\/de\\\/shop\\\/\"},{\"@type\":\"ListItem\",\"position\":3,\"name\":\"Wagenprogramm\",\"item\":\"https:\\\/\\\/jyfa.dk\\\/de\\\/kategori\\\/wagenprogramm-2\\\/\"},{\"@type\":\"ListItem\",\"position\":4,\"name\":\"DEH\",\"item\":\"https:\\\/\\\/jyfa.dk\\\/de\\\/kategori\\\/wagenprogramm-2\\\/de-transport-trailer\\\/\"},{\"@type\":\"ListItem\",\"position\":5,\"name\":\"DEH600\"}]},{\"@type\":\"WebSite\",\"@id\":\"https:\\\/\\\/jyfa.dk\\\/de\\\/#website\",\"url\":\"https:\\\/\\\/jyfa.dk\\\/de\\\/\",\"name\":\"JYFA\",\"description\":\"\",\"publisher\":{\"@id\":\"https:\\\/\\\/jyfa.dk\\\/de\\\/#organization\"},\"potentialAction\":[{\"@type\":\"SearchAction\",\"target\":{\"@type\":\"EntryPoint\",\"urlTemplate\":\"https:\\\/\\\/jyfa.dk\\\/de\\\/?s={search_term_string}\"},\"query-input\":{\"@type\":\"PropertyValueSpecification\",\"valueRequired\":true,\"valueName\":\"search_term_string\"}}],\"inLanguage\":\"de\"},{\"@type\":\"Organization\",\"@id\":\"https:\\\/\\\/jyfa.dk\\\/de\\\/#organization\",\"name\":\"JYFA\",\"url\":\"https:\\\/\\\/jyfa.dk\\\/de\\\/\",\"logo\":{\"@type\":\"ImageObject\",\"inLanguage\":\"de\",\"@id\":\"https:\\\/\\\/jyfa.dk\\\/de\\\/#\\\/schema\\\/logo\\\/image\\\/\",\"url\":\"https:\\\/\\\/jyfa.dk\\\/wp-content\\\/uploads\\\/JYFA-Logo2-scaled-e1771414837114.png\",\"contentUrl\":\"https:\\\/\\\/jyfa.dk\\\/wp-content\\\/uploads\\\/JYFA-Logo2-scaled-e1771414837114.png\",\"width\":2007,\"height\":770,\"caption\":\"JYFA\"},\"image\":{\"@id\":\"https:\\\/\\\/jyfa.dk\\\/de\\\/#\\\/schema\\\/logo\\\/image\\\/\"}}]}<\/script>\n<!-- \/ Yoast SEO plugin. -->","yoast_head_json":{"title":"REGISTRIERBAR VIEHTRANSPORTER - T\u00dcV-ZULASSUNG | JYFA","description":"Verzinkter kr\u00e4ftiger JYFA TIERTRANSPORTWAGEN mit Registrierm\u00f6glichkeit! Zulassung in Zusammenarbeit mit dem T\u00dcV und den neuen Bestimmungen f\u00fcr den verkehr mit Tiertransporten entsprechend!","robots":{"index":"index","follow":"follow","max-snippet":"max-snippet:-1","max-image-preview":"max-image-preview:large","max-video-preview":"max-video-preview:-1"},"canonical":"https:\/\/jyfa.dk\/de\/vare\/deh600\/","og_locale":"de_DE","og_type":"article","og_title":"REGISTRIERBAR VIEHTRANSPORTER - T\u00dcV-ZULASSUNG | JYFA","og_description":"Verzinkter kr\u00e4ftiger JYFA TIERTRANSPORTWAGEN mit Registrierm\u00f6glichkeit! Zulassung in Zusammenarbeit mit dem T\u00dcV und den neuen Bestimmungen f\u00fcr den verkehr mit Tiertransporten entsprechend!","og_url":"https:\/\/jyfa.dk\/de\/vare\/deh600\/","og_site_name":"JYFA","article_modified_time":"2026-05-08T10:48:09+00:00","twitter_card":"summary_large_image","twitter_misc":{"Gesch\u00e4tzte Lesezeit":"2\u00a0Minuten"},"schema":{"@context":"https:\/\/schema.org","@graph":[{"@type":"WebPage","@id":"https:\/\/jyfa.dk\/de\/vare\/deh600\/","url":"https:\/\/jyfa.dk\/de\/vare\/deh600\/","name":"REGISTRIERBAR VIEHTRANSPORTER - T\u00dcV-ZULASSUNG | JYFA","isPartOf":{"@id":"https:\/\/jyfa.dk\/de\/#website"},"primaryImageOfPage":{"@id":"https:\/\/jyfa.dk\/de\/vare\/deh600\/#primaryimage"},"image":{"@id":"https:\/\/jyfa.dk\/de\/vare\/deh600\/#primaryimage"},"thumbnailUrl":"https:\/\/jyfa.dk\/wp-content\/uploads\/31600-DEH600-6.png","datePublished":"2026-03-21T20:26:29+00:00","dateModified":"2026-05-08T10:48:09+00:00","description":"Verzinkter kr\u00e4ftiger JYFA TIERTRANSPORTWAGEN mit Registrierm\u00f6glichkeit! Zulassung in Zusammenarbeit mit dem T\u00dcV und den neuen Bestimmungen f\u00fcr den verkehr mit Tiertransporten entsprechend!","breadcrumb":{"@id":"https:\/\/jyfa.dk\/de\/vare\/deh600\/#breadcrumb"},"inLanguage":"de","potentialAction":[{"@type":"ReadAction","target":["https:\/\/jyfa.dk\/de\/vare\/deh600\/"]}]},{"@type":"ImageObject","inLanguage":"de","@id":"https:\/\/jyfa.dk\/de\/vare\/deh600\/#primaryimage","url":"https:\/\/jyfa.dk\/wp-content\/uploads\/31600-DEH600-6.png","contentUrl":"https:\/\/jyfa.dk\/wp-content\/uploads\/31600-DEH600-6.png","width":2000,"height":2000},{"@type":"BreadcrumbList","@id":"https:\/\/jyfa.dk\/de\/vare\/deh600\/#breadcrumb","itemListElement":[{"@type":"ListItem","position":1,"name":"Forside","item":"https:\/\/jyfa.dk\/de\/"},{"@type":"ListItem","position":2,"name":"Shop","item":"https:\/\/jyfa.dk\/de\/shop\/"},{"@type":"ListItem","position":3,"name":"Wagenprogramm","item":"https:\/\/jyfa.dk\/de\/kategori\/wagenprogramm-2\/"},{"@type":"ListItem","position":4,"name":"DEH","item":"https:\/\/jyfa.dk\/de\/kategori\/wagenprogramm-2\/de-transport-trailer\/"},{"@type":"ListItem","position":5,"name":"DEH600"}]},{"@type":"WebSite","@id":"https:\/\/jyfa.dk\/de\/#website","url":"https:\/\/jyfa.dk\/de\/","name":"JYFA","description":"","publisher":{"@id":"https:\/\/jyfa.dk\/de\/#organization"},"potentialAction":[{"@type":"SearchAction","target":{"@type":"EntryPoint","urlTemplate":"https:\/\/jyfa.dk\/de\/?s={search_term_string}"},"query-input":{"@type":"PropertyValueSpecification","valueRequired":true,"valueName":"search_term_string"}}],"inLanguage":"de"},{"@type":"Organization","@id":"https:\/\/jyfa.dk\/de\/#organization","name":"JYFA","url":"https:\/\/jyfa.dk\/de\/","logo":{"@type":"ImageObject","inLanguage":"de","@id":"https:\/\/jyfa.dk\/de\/#\/schema\/logo\/image\/","url":"https:\/\/jyfa.dk\/wp-content\/uploads\/JYFA-Logo2-scaled-e1771414837114.png","contentUrl":"https:\/\/jyfa.dk\/wp-content\/uploads\/JYFA-Logo2-scaled-e1771414837114.png","width":2007,"height":770,"caption":"JYFA"},"image":{"@id":"https:\/\/jyfa.dk\/de\/#\/schema\/logo\/image\/"}}]}},"_links":{"self":[{"href":"https:\/\/jyfa.dk\/de\/wp-json\/wp\/v2\/product\/9354","targetHints":{"allow":["GET"]}}],"collection":[{"href":"https:\/\/jyfa.dk\/de\/wp-json\/wp\/v2\/product"}],"about":[{"href":"https:\/\/jyfa.dk\/de\/wp-json\/wp\/v2\/types\/product"}],"wp:featuredmedia":[{"embeddable":true,"href":"https:\/\/jyfa.dk\/de\/wp-json\/wp\/v2\/media\/10884"}],"wp:attachment":[{"href":"https:\/\/jyfa.dk\/de\/wp-json\/wp\/v2\/media?parent=9354"}],"wp:term":[{"taxonomy":"product_brand","embeddable":true,"href":"https:\/\/jyfa.dk\/de\/wp-json\/wp\/v2\/product_brand?post=9354"},{"taxonomy":"product_cat","embeddable":true,"href":"https:\/\/jyfa.dk\/de\/wp-json\/wp\/v2\/product_cat?post=9354"},{"taxonomy":"product_tag","embeddable":true,"href":"https:\/\/jyfa.dk\/de\/wp-json\/wp\/v2\/product_tag?post=9354"}],"curies":[{"name":"wp","href":"https:\/\/api.w.org\/{rel}","templated":true}]}}