{"id":9358,"date":"2026-03-21T21:28:47","date_gmt":"2026-03-21T20:28:47","guid":{"rendered":"https:\/\/jyfa.dk\/vare\/deh800\/"},"modified":"2026-05-08T12:59:57","modified_gmt":"2026-05-08T10:59:57","slug":"deh800","status":"publish","type":"product","link":"https:\/\/jyfa.dk\/de\/vare\/deh800\/","title":{"rendered":"DEH800"},"content":{"rendered":"<div>\n<div>\n<p data-start=\"0\" data-end=\"414\"><strong>Zulassung in Zusammenarbeit mit dem T\u00dcV<\/strong><br data-start=\"44\" data-end=\"47\" \/>Der 8M DE Transportwagen ist ein robuster und hochfunktionaler Viehanh\u00e4nger, der in Zusammenarbeit mit dem T\u00dcV entwickelt und f\u00fcr deutsche Stra\u00dfen bis 40 km\/h gepr\u00fcft wurde. Durch die integrierten Radk\u00e4sten bietet er eine Aussenwagenbreite von 2,55 m und eine gro\u00dfe Bodenfl\u00e4che von 17,9 m\u00b2, was sowohl Stabilit\u00e4t als auch eine effiziente Raumnutzung gew\u00e4hrleistet.<\/p>\n<p data-start=\"416\" data-end=\"758\">Die Wagenkasten ist 8 m lang, und die Gesamtl\u00e4nge inklusiv Zugdeichsel betr\u00e4gt 9,4 m. Die innere Wagenbreite betr\u00e4gt 2,40 m, und der Abstand zwischen den Radk\u00e4sten liegt bei 1,61 m. Durch das Design der Radk\u00e4sten entsteht ein gro\u00dfer Zwischenraum, wodurch die insgesamt nutzbare Bodenfl\u00e4che im DEH-Modell oft gr\u00f6\u00dfer ist als bei vergleichbaren Modellen.<\/p>\n<p data-start=\"760\" data-end=\"1098\" data-is-last-node=\"\" data-is-only-node=\"\">Im Gegensatz zu unseren anderen Modellen wird dieser Wagen serienm\u00e4\u00dfig vollst\u00e4ndig ausgestattet geliefert \u2013 inklusive Dach, hydraulischer Hub- und Senkfunktion, Doppelt\u00fcren in der Mitte, luft-hydraulischen Bremsen und vielem mehr \u2013 und bietet damit eine komplette und sofort einsatzbereite L\u00f6sung f\u00fcr den professionellen Tiertransport.<\/p>\n<p><strong>\u00a0<\/strong><\/p>\n<div>\n<p><strong>Standardausr\u00fcstung<br \/>\n<\/strong>Es gibt Standardausstattung \u2013 und dann gibt es JYFA-Standardausstattung! Mit einem JYFA-Wagen erhalten Sie von Anfang an einen Wagen, der Qualit\u00e4t ausstrahlt! Serienm\u00e4\u00dfig ist dieses Modell ausgestattet mit:<\/p>\n<\/div>\n<div>\n<ul>\n<li>Dach<\/li>\n<li>LED Beleuchtung<\/li>\n<li>Trenngitter<\/li>\n<li>Hydraulik<\/li>\n<li>Vollverzinkt<\/li>\n<li>Bremsen (lufthydraulische bremsen)<\/li>\n<li>Handbremse<\/li>\n<li>Vollverzinkt zugdeichsel<\/li>\n<li>Doppelheckt\u00fcren mit Doppelverriegelungsfunktion<\/li>\n<li>Notausgang<\/li>\n<li>12 mm schwarze Recycling-Kunststoffplatten auf allen Seiten<\/li>\n<li>Verzinkter rutschfester Stahl boden<\/li>\n<li>Zug\u00f6se \u00d840 mm<\/li>\n<li>Schlitten unter dem boden<\/li>\n<li>Anh\u00e4nger St\u00fctzbein<\/li>\n<li>Reifengr\u00f6sse 385\/55 R19,5<\/li>\n<\/ul>\n<\/div>\n<\/div>\n<p><strong>\u00a0<\/strong><\/p>\n<\/div>\n<div>\n<p><strong>Die hydraulische Hub- und Senkfunktion<br \/>\n<\/strong>Die hydraulische Hub und Senkfunktion bietet im allt\u00e4glichen gebrauch viele vorteile. W\u00e4hrend des Be- und entladens wird der boden des Wagens gesenkt, damit die Tiere direkt ab-bzw aufsteigen k\u00f6nnen, woraufhin der Wagen wieder angehoben wird. Dar\u00fcber hinaus, dass sich das laden der Tiere \u00e4usserst effektiv und stressfrei gestaltet, ist die Hydraulische Hub- und Senkfunktion ebenfalls ideal, um den Wagen auf dem Feld mit futter zu beladen, damit die Tiere und kleineren K\u00e4lber vor dem transport sicher beim Wagen bleiben.\u00a0<span style=\"color: #1d4ed8;\"><a style=\"color: #1d4ed8;\" href=\"https:\/\/jyfa.dk\/de\/die-hydraulische-hebe-und-senkfunktion\/\">Lesen Sie mehr \u00fcber die Vorteile der hydraulischen Hub-Senk-Funktion hier!<\/a><\/span><\/p>\n<p>&nbsp;<\/p>\n<p data-start=\"0\" data-end=\"417\"><strong data-start=\"0\" data-end=\"29\">Ma\u00dfgeschneiderte L\u00f6sungen<\/strong><br data-start=\"29\" data-end=\"32\" \/>Wir bieten volle Flexibilit\u00e4t, sodass dieser Wagen mit einer breiten Auswahl an Ausr\u00fcstung angepasst werden kann. Neben unseren standardm\u00e4\u00dfigen Sonderausstattung bieten wir auch speziell angepasste L\u00f6sungen an, wie z. B. Innen-LED-Beleuchtung und vieles mehr. Alles dient dazu, den Wagen genau an Ihre Bed\u00fcrfnisse anzupassen.\u00a0<span style=\"color: #1d4ed8;\"><a style=\"color: #1d4ed8;\" href=\"https:\/\/jyfa.dk\/de\/kategori\/custommade\/\">Lesen Sie mehr oder lassen Sie sich hier inspirieren!<\/a><\/span><\/p>\n<p data-start=\"419\" data-end=\"743\" data-is-last-node=\"\" data-is-only-node=\"\"><strong data-start=\"419\" data-end=\"439\"><br \/>\nAnzahl der Tiere<\/strong><br data-start=\"439\" data-end=\"442\" \/>Die zul\u00e4ssige Anzahl an Tieren w\u00e4hrend des Transports variiert je nach Gr\u00f6\u00dfe\/Rasse sowie den national geltenden Vorschriften. Die angegebene Tieranzahl f\u00fcr den Transport basiert auf den d\u00e4nischen nationalen Vorschriften f\u00fcr den Transport von Rindern. Die angegebene Tieranzahl ist daher nur Richtwert.<\/p>\n<\/div>\n","protected":false},"excerpt":{"rendered":"<p><strong>Der 8M DE Transportan Wagen ist f\u00fcr professionelle Landwirte konzipiert, die maximalen Innenraum, Effizienz und Zuverl\u00e4ssigkeit ben\u00f6tigen. Mit einer gro\u00dfen Bodenfl\u00e4che von 17,9 m\u00b2 und einem durchdachten Innenlayout bietet er hervorragende Kapazit\u00e4t sowie einen sicheren und stressfreien Tiertransport.<\/strong> <span style=\"color: #1d4ed8;\"><a style=\"color: #1d4ed8;\" href=\"#product_information\">Mehr lesen\u2026<\/a><\/span><\/p>\n","protected":false},"featured_media":10605,"template":"","meta":{"_acf_changed":false},"product_brand":[],"product_cat":[433],"product_tag":[],"class_list":{"0":"post-9358","1":"product","2":"type-product","3":"status-publish","4":"has-post-thumbnail","6":"product_cat-de-transport-trailer","8":"first","9":"instock","10":"taxable","11":"shipping-taxable","12":"product-type-simple"},"acf":[],"yoast_head":"<!-- This site is optimized with the Yoast SEO plugin v27.5 - https:\/\/yoast.com\/product\/yoast-seo-wordpress\/ -->\n<title>DEH800 REGISTRIERBAR VIEHTRANSPORTER | JYFA<\/title>\n<meta name=\"description\" content=\"Verzinkter kr\u00e4ftiger JYFA TIERTRANSPORTWAGEN mit Registrierm\u00f6glichkeit! Zulassung in Zusammenarbeit mit dem T\u00dcV und den neuen Bestimmungen f\u00fcr den verkehr mit Tiertransporten entsprechend!\" \/>\n<meta name=\"robots\" content=\"index, follow, max-snippet:-1, max-image-preview:large, max-video-preview:-1\" \/>\n<link rel=\"canonical\" href=\"https:\/\/jyfa.dk\/de\/vare\/deh800\/\" \/>\n<meta property=\"og:locale\" content=\"de_DE\" \/>\n<meta property=\"og:type\" content=\"article\" \/>\n<meta property=\"og:title\" content=\"DEH800 REGISTRIERBAR VIEHTRANSPORTER | JYFA\" \/>\n<meta property=\"og:description\" content=\"Verzinkter kr\u00e4ftiger JYFA TIERTRANSPORTWAGEN mit Registrierm\u00f6glichkeit! Zulassung in Zusammenarbeit mit dem T\u00dcV und den neuen Bestimmungen f\u00fcr den verkehr mit Tiertransporten entsprechend!\" \/>\n<meta property=\"og:url\" content=\"https:\/\/jyfa.dk\/de\/vare\/deh800\/\" \/>\n<meta property=\"og:site_name\" content=\"JYFA\" \/>\n<meta property=\"article:modified_time\" content=\"2026-05-08T10:59:57+00:00\" \/>\n<meta name=\"twitter:card\" content=\"summary_large_image\" \/>\n<meta name=\"twitter:label1\" content=\"Gesch\u00e4tzte Lesezeit\" \/>\n\t<meta name=\"twitter:data1\" content=\"3\u00a0Minuten\" \/>\n<script type=\"application\/ld+json\" class=\"yoast-schema-graph\">{\"@context\":\"https:\\\/\\\/schema.org\",\"@graph\":[{\"@type\":\"WebPage\",\"@id\":\"https:\\\/\\\/jyfa.dk\\\/de\\\/vare\\\/deh800\\\/\",\"url\":\"https:\\\/\\\/jyfa.dk\\\/de\\\/vare\\\/deh800\\\/\",\"name\":\"DEH800 REGISTRIERBAR VIEHTRANSPORTER | JYFA\",\"isPartOf\":{\"@id\":\"https:\\\/\\\/jyfa.dk\\\/de\\\/#website\"},\"primaryImageOfPage\":{\"@id\":\"https:\\\/\\\/jyfa.dk\\\/de\\\/vare\\\/deh800\\\/#primaryimage\"},\"image\":{\"@id\":\"https:\\\/\\\/jyfa.dk\\\/de\\\/vare\\\/deh800\\\/#primaryimage\"},\"thumbnailUrl\":\"https:\\\/\\\/jyfa.dk\\\/wp-content\\\/uploads\\\/DEH800.png\",\"datePublished\":\"2026-03-21T20:28:47+00:00\",\"dateModified\":\"2026-05-08T10:59:57+00:00\",\"description\":\"Verzinkter kr\u00e4ftiger JYFA TIERTRANSPORTWAGEN mit Registrierm\u00f6glichkeit! Zulassung in Zusammenarbeit mit dem T\u00dcV und den neuen Bestimmungen f\u00fcr den verkehr mit Tiertransporten entsprechend!\",\"breadcrumb\":{\"@id\":\"https:\\\/\\\/jyfa.dk\\\/de\\\/vare\\\/deh800\\\/#breadcrumb\"},\"inLanguage\":\"de\",\"potentialAction\":[{\"@type\":\"ReadAction\",\"target\":[\"https:\\\/\\\/jyfa.dk\\\/de\\\/vare\\\/deh800\\\/\"]}]},{\"@type\":\"ImageObject\",\"inLanguage\":\"de\",\"@id\":\"https:\\\/\\\/jyfa.dk\\\/de\\\/vare\\\/deh800\\\/#primaryimage\",\"url\":\"https:\\\/\\\/jyfa.dk\\\/wp-content\\\/uploads\\\/DEH800.png\",\"contentUrl\":\"https:\\\/\\\/jyfa.dk\\\/wp-content\\\/uploads\\\/DEH800.png\",\"width\":2000,\"height\":2000},{\"@type\":\"BreadcrumbList\",\"@id\":\"https:\\\/\\\/jyfa.dk\\\/de\\\/vare\\\/deh800\\\/#breadcrumb\",\"itemListElement\":[{\"@type\":\"ListItem\",\"position\":1,\"name\":\"Forside\",\"item\":\"https:\\\/\\\/jyfa.dk\\\/de\\\/\"},{\"@type\":\"ListItem\",\"position\":2,\"name\":\"Shop\",\"item\":\"https:\\\/\\\/jyfa.dk\\\/de\\\/shop\\\/\"},{\"@type\":\"ListItem\",\"position\":3,\"name\":\"Wagenprogramm\",\"item\":\"https:\\\/\\\/jyfa.dk\\\/de\\\/kategori\\\/wagenprogramm-2\\\/\"},{\"@type\":\"ListItem\",\"position\":4,\"name\":\"DEH\",\"item\":\"https:\\\/\\\/jyfa.dk\\\/de\\\/kategori\\\/wagenprogramm-2\\\/de-transport-trailer\\\/\"},{\"@type\":\"ListItem\",\"position\":5,\"name\":\"DEH800\"}]},{\"@type\":\"WebSite\",\"@id\":\"https:\\\/\\\/jyfa.dk\\\/de\\\/#website\",\"url\":\"https:\\\/\\\/jyfa.dk\\\/de\\\/\",\"name\":\"JYFA\",\"description\":\"\",\"publisher\":{\"@id\":\"https:\\\/\\\/jyfa.dk\\\/de\\\/#organization\"},\"potentialAction\":[{\"@type\":\"SearchAction\",\"target\":{\"@type\":\"EntryPoint\",\"urlTemplate\":\"https:\\\/\\\/jyfa.dk\\\/de\\\/?s={search_term_string}\"},\"query-input\":{\"@type\":\"PropertyValueSpecification\",\"valueRequired\":true,\"valueName\":\"search_term_string\"}}],\"inLanguage\":\"de\"},{\"@type\":\"Organization\",\"@id\":\"https:\\\/\\\/jyfa.dk\\\/de\\\/#organization\",\"name\":\"JYFA\",\"url\":\"https:\\\/\\\/jyfa.dk\\\/de\\\/\",\"logo\":{\"@type\":\"ImageObject\",\"inLanguage\":\"de\",\"@id\":\"https:\\\/\\\/jyfa.dk\\\/de\\\/#\\\/schema\\\/logo\\\/image\\\/\",\"url\":\"https:\\\/\\\/jyfa.dk\\\/wp-content\\\/uploads\\\/JYFA-Logo2-scaled-e1771414837114.png\",\"contentUrl\":\"https:\\\/\\\/jyfa.dk\\\/wp-content\\\/uploads\\\/JYFA-Logo2-scaled-e1771414837114.png\",\"width\":2007,\"height\":770,\"caption\":\"JYFA\"},\"image\":{\"@id\":\"https:\\\/\\\/jyfa.dk\\\/de\\\/#\\\/schema\\\/logo\\\/image\\\/\"}}]}<\/script>\n<!-- \/ Yoast SEO plugin. -->","yoast_head_json":{"title":"DEH800 REGISTRIERBAR VIEHTRANSPORTER | JYFA","description":"Verzinkter kr\u00e4ftiger JYFA TIERTRANSPORTWAGEN mit Registrierm\u00f6glichkeit! Zulassung in Zusammenarbeit mit dem T\u00dcV und den neuen Bestimmungen f\u00fcr den verkehr mit Tiertransporten entsprechend!","robots":{"index":"index","follow":"follow","max-snippet":"max-snippet:-1","max-image-preview":"max-image-preview:large","max-video-preview":"max-video-preview:-1"},"canonical":"https:\/\/jyfa.dk\/de\/vare\/deh800\/","og_locale":"de_DE","og_type":"article","og_title":"DEH800 REGISTRIERBAR VIEHTRANSPORTER | JYFA","og_description":"Verzinkter kr\u00e4ftiger JYFA TIERTRANSPORTWAGEN mit Registrierm\u00f6glichkeit! Zulassung in Zusammenarbeit mit dem T\u00dcV und den neuen Bestimmungen f\u00fcr den verkehr mit Tiertransporten entsprechend!","og_url":"https:\/\/jyfa.dk\/de\/vare\/deh800\/","og_site_name":"JYFA","article_modified_time":"2026-05-08T10:59:57+00:00","twitter_card":"summary_large_image","twitter_misc":{"Gesch\u00e4tzte Lesezeit":"3\u00a0Minuten"},"schema":{"@context":"https:\/\/schema.org","@graph":[{"@type":"WebPage","@id":"https:\/\/jyfa.dk\/de\/vare\/deh800\/","url":"https:\/\/jyfa.dk\/de\/vare\/deh800\/","name":"DEH800 REGISTRIERBAR VIEHTRANSPORTER | JYFA","isPartOf":{"@id":"https:\/\/jyfa.dk\/de\/#website"},"primaryImageOfPage":{"@id":"https:\/\/jyfa.dk\/de\/vare\/deh800\/#primaryimage"},"image":{"@id":"https:\/\/jyfa.dk\/de\/vare\/deh800\/#primaryimage"},"thumbnailUrl":"https:\/\/jyfa.dk\/wp-content\/uploads\/DEH800.png","datePublished":"2026-03-21T20:28:47+00:00","dateModified":"2026-05-08T10:59:57+00:00","description":"Verzinkter kr\u00e4ftiger JYFA TIERTRANSPORTWAGEN mit Registrierm\u00f6glichkeit! Zulassung in Zusammenarbeit mit dem T\u00dcV und den neuen Bestimmungen f\u00fcr den verkehr mit Tiertransporten entsprechend!","breadcrumb":{"@id":"https:\/\/jyfa.dk\/de\/vare\/deh800\/#breadcrumb"},"inLanguage":"de","potentialAction":[{"@type":"ReadAction","target":["https:\/\/jyfa.dk\/de\/vare\/deh800\/"]}]},{"@type":"ImageObject","inLanguage":"de","@id":"https:\/\/jyfa.dk\/de\/vare\/deh800\/#primaryimage","url":"https:\/\/jyfa.dk\/wp-content\/uploads\/DEH800.png","contentUrl":"https:\/\/jyfa.dk\/wp-content\/uploads\/DEH800.png","width":2000,"height":2000},{"@type":"BreadcrumbList","@id":"https:\/\/jyfa.dk\/de\/vare\/deh800\/#breadcrumb","itemListElement":[{"@type":"ListItem","position":1,"name":"Forside","item":"https:\/\/jyfa.dk\/de\/"},{"@type":"ListItem","position":2,"name":"Shop","item":"https:\/\/jyfa.dk\/de\/shop\/"},{"@type":"ListItem","position":3,"name":"Wagenprogramm","item":"https:\/\/jyfa.dk\/de\/kategori\/wagenprogramm-2\/"},{"@type":"ListItem","position":4,"name":"DEH","item":"https:\/\/jyfa.dk\/de\/kategori\/wagenprogramm-2\/de-transport-trailer\/"},{"@type":"ListItem","position":5,"name":"DEH800"}]},{"@type":"WebSite","@id":"https:\/\/jyfa.dk\/de\/#website","url":"https:\/\/jyfa.dk\/de\/","name":"JYFA","description":"","publisher":{"@id":"https:\/\/jyfa.dk\/de\/#organization"},"potentialAction":[{"@type":"SearchAction","target":{"@type":"EntryPoint","urlTemplate":"https:\/\/jyfa.dk\/de\/?s={search_term_string}"},"query-input":{"@type":"PropertyValueSpecification","valueRequired":true,"valueName":"search_term_string"}}],"inLanguage":"de"},{"@type":"Organization","@id":"https:\/\/jyfa.dk\/de\/#organization","name":"JYFA","url":"https:\/\/jyfa.dk\/de\/","logo":{"@type":"ImageObject","inLanguage":"de","@id":"https:\/\/jyfa.dk\/de\/#\/schema\/logo\/image\/","url":"https:\/\/jyfa.dk\/wp-content\/uploads\/JYFA-Logo2-scaled-e1771414837114.png","contentUrl":"https:\/\/jyfa.dk\/wp-content\/uploads\/JYFA-Logo2-scaled-e1771414837114.png","width":2007,"height":770,"caption":"JYFA"},"image":{"@id":"https:\/\/jyfa.dk\/de\/#\/schema\/logo\/image\/"}}]}},"_links":{"self":[{"href":"https:\/\/jyfa.dk\/de\/wp-json\/wp\/v2\/product\/9358","targetHints":{"allow":["GET"]}}],"collection":[{"href":"https:\/\/jyfa.dk\/de\/wp-json\/wp\/v2\/product"}],"about":[{"href":"https:\/\/jyfa.dk\/de\/wp-json\/wp\/v2\/types\/product"}],"wp:featuredmedia":[{"embeddable":true,"href":"https:\/\/jyfa.dk\/de\/wp-json\/wp\/v2\/media\/10605"}],"wp:attachment":[{"href":"https:\/\/jyfa.dk\/de\/wp-json\/wp\/v2\/media?parent=9358"}],"wp:term":[{"taxonomy":"product_brand","embeddable":true,"href":"https:\/\/jyfa.dk\/de\/wp-json\/wp\/v2\/product_brand?post=9358"},{"taxonomy":"product_cat","embeddable":true,"href":"https:\/\/jyfa.dk\/de\/wp-json\/wp\/v2\/product_cat?post=9358"},{"taxonomy":"product_tag","embeddable":true,"href":"https:\/\/jyfa.dk\/de\/wp-json\/wp\/v2\/product_tag?post=9358"}],"curies":[{"name":"wp","href":"https:\/\/api.w.org\/{rel}","templated":true}]}}