{"id":9311,"date":"2026-03-19T15:27:48","date_gmt":"2026-03-19T14:27:48","guid":{"rendered":"https:\/\/jyfa.dk\/bremseproevestand\/"},"modified":"2026-03-22T10:58:53","modified_gmt":"2026-03-22T09:58:53","slug":"bremseproevestand","status":"publish","type":"page","link":"https:\/\/jyfa.dk\/en\/bremseproevestand\/","title":{"rendered":"BRAKE TEST CENTER"},"content":{"rendered":"\t\t<div data-elementor-type=\"wp-page\" data-elementor-id=\"9311\" class=\"elementor elementor-9311 elementor-8498\" data-elementor-post-type=\"page\">\n\t\t\t\t<div class=\"elementor-element elementor-element-b500f3b e-flex e-con-boxed e-con e-parent\" data-id=\"b500f3b\" data-element_type=\"container\" data-e-type=\"container\">\n\t\t\t\t\t<div class=\"e-con-inner\">\n\t\t<div class=\"elementor-element elementor-element-3d36479 e-con-full e-flex e-con e-child\" data-id=\"3d36479\" data-element_type=\"container\" data-e-type=\"container\" data-settings=\"{&quot;background_background&quot;:&quot;classic&quot;}\">\n\t\t<div class=\"elementor-element elementor-element-f9dc351 e-con-full e-flex e-con e-child\" data-id=\"f9dc351\" data-element_type=\"container\" data-e-type=\"container\">\n\t\t\t\t<div class=\"elementor-element elementor-element-ccf821d elementor-widget__width-initial elementor-widget elementor-widget-heading\" data-id=\"ccf821d\" data-element_type=\"widget\" data-e-type=\"widget\" data-widget_type=\"heading.default\">\n\t\t\t\t<div class=\"elementor-widget-container\">\n\t\t\t\t\t<h1 class=\"elementor-heading-title elementor-size-default\">Professional Brake Testing<\/h1>\t\t\t\t<\/div>\n\t\t\t\t<\/div>\n\t\t\t\t<\/div>\n\t\t\t\t<\/div>\n\t\t\t\t\t<\/div>\n\t\t\t\t<\/div>\n\t\t<div class=\"elementor-element elementor-element-32ff7f0 e-flex e-con-boxed e-con e-parent\" data-id=\"32ff7f0\" data-element_type=\"container\" data-e-type=\"container\" data-settings=\"{&quot;background_background&quot;:&quot;classic&quot;}\">\n\t\t\t\t\t<div class=\"e-con-inner\">\n\t\t<div class=\"elementor-element elementor-element-81a26cd e-con-full e-flex e-con e-child\" data-id=\"81a26cd\" data-element_type=\"container\" data-e-type=\"container\" data-settings=\"{&quot;background_background&quot;:&quot;classic&quot;}\">\n\t\t\t\t<div class=\"elementor-element elementor-element-41d3a62 elementor-widget__width-initial elementor-widget elementor-widget-heading\" data-id=\"41d3a62\" data-element_type=\"widget\" data-e-type=\"widget\" data-widget_type=\"heading.default\">\n\t\t\t\t<div class=\"elementor-widget-container\">\n\t\t\t\t\t<h6 class=\"elementor-heading-title elementor-size-default\">JYFA BRAKE TEST CENTER<\/h6>\t\t\t\t<\/div>\n\t\t\t\t<\/div>\n\t\t\t\t<div class=\"elementor-element elementor-element-55eb10d elementor-widget__width-initial elementor-widget elementor-widget-heading\" data-id=\"55eb10d\" data-element_type=\"widget\" data-e-type=\"widget\" data-widget_type=\"heading.default\">\n\t\t\t\t<div class=\"elementor-widget-container\">\n\t\t\t\t\t<h2 class=\"elementor-heading-title elementor-size-default\">Professional testing of brakes on heavy vehicles<\/h2>\t\t\t\t<\/div>\n\t\t\t\t<\/div>\n\t\t\t\t<div class=\"elementor-element elementor-element-01c3cdd elementor-widget elementor-widget-text-editor\" data-id=\"01c3cdd\" data-element_type=\"widget\" data-e-type=\"widget\" data-widget_type=\"text-editor.default\">\n\t\t\t\t<div class=\"elementor-widget-container\">\n\t\t\t\t\t\t\t\t\t<p>At our brake test center, we test vehicles up to 3 meters wide.<\/p><p>All trailers are thoroughly tested and checked before they leave our premises. Nothing leaves our premises unless it meets our high quality standards. To ensure this, we have our private test center in Brande, where we test all brakes before delivery.<\/p>\t\t\t\t\t\t\t\t<\/div>\n\t\t\t\t<\/div>\n\t\t\t\t<div class=\"elementor-element elementor-element-c7c947c elementor-widget elementor-widget-button\" data-id=\"c7c947c\" data-element_type=\"widget\" data-e-type=\"widget\" data-widget_type=\"button.default\">\n\t\t\t\t<div class=\"elementor-widget-container\">\n\t\t\t\t\t\t\t\t\t<div class=\"elementor-button-wrapper\">\n\t\t\t\t\t<a class=\"elementor-button elementor-button-link elementor-size-sm\" href=\"https:\/\/jyfa.dk\/en\/kontakt\/\">\n\t\t\t\t\t\t<span class=\"elementor-button-content-wrapper\">\n\t\t\t\t\t\t\t\t\t<span class=\"elementor-button-text\">Contact us to learn more<\/span>\n\t\t\t\t\t<\/span>\n\t\t\t\t\t<\/a>\n\t\t\t\t<\/div>\n\t\t\t\t\t\t\t\t<\/div>\n\t\t\t\t<\/div>\n\t\t\t\t<\/div>\n\t\t<div class=\"elementor-element elementor-element-1de5e33 e-con-full e-flex e-con e-child\" data-id=\"1de5e33\" data-element_type=\"container\" data-e-type=\"container\" data-settings=\"{&quot;background_background&quot;:&quot;classic&quot;}\">\n\t\t\t\t<div class=\"elementor-element elementor-element-ffc7328 elementor-widget elementor-widget-image\" data-id=\"ffc7328\" data-element_type=\"widget\" data-e-type=\"widget\" data-widget_type=\"image.default\">\n\t\t\t\t<div class=\"elementor-widget-container\">\n\t\t\t\t\t\t\t\t\t\t\t\t\t\t\t<img fetchpriority=\"high\" decoding=\"async\" width=\"800\" height=\"800\" src=\"https:\/\/jyfa.dk\/wp-content\/uploads\/Stemningsbilleder-bremseproevestand-2-1024x1024.png\" class=\"attachment-large size-large wp-image-8503\" alt=\"\" srcset=\"https:\/\/jyfa.dk\/wp-content\/uploads\/Stemningsbilleder-bremseproevestand-2-1024x1024.png 1024w, https:\/\/jyfa.dk\/wp-content\/uploads\/Stemningsbilleder-bremseproevestand-2-300x300.png 300w, https:\/\/jyfa.dk\/wp-content\/uploads\/Stemningsbilleder-bremseproevestand-2-150x150.png 150w, https:\/\/jyfa.dk\/wp-content\/uploads\/Stemningsbilleder-bremseproevestand-2-768x768.png 768w, https:\/\/jyfa.dk\/wp-content\/uploads\/Stemningsbilleder-bremseproevestand-2-1536x1536.png 1536w, https:\/\/jyfa.dk\/wp-content\/uploads\/Stemningsbilleder-bremseproevestand-2-500x500.png 500w, https:\/\/jyfa.dk\/wp-content\/uploads\/Stemningsbilleder-bremseproevestand-2-800x800.png 800w, https:\/\/jyfa.dk\/wp-content\/uploads\/Stemningsbilleder-bremseproevestand-2.png 2000w\" sizes=\"(max-width: 800px) 100vw, 800px\" \/>\t\t\t\t\t\t\t\t\t\t\t\t\t\t\t<\/div>\n\t\t\t\t<\/div>\n\t\t\t\t<div class=\"elementor-element elementor-element-817104c elementor-widget elementor-widget-image\" data-id=\"817104c\" data-element_type=\"widget\" data-e-type=\"widget\" data-widget_type=\"image.default\">\n\t\t\t\t<div class=\"elementor-widget-container\">\n\t\t\t\t\t\t\t\t\t\t\t\t\t\t\t<img decoding=\"async\" width=\"800\" height=\"800\" src=\"https:\/\/jyfa.dk\/wp-content\/uploads\/Stemningsbilleder-bremseproevestand-1-1024x1024.png\" class=\"attachment-large size-large wp-image-8502\" alt=\"\" srcset=\"https:\/\/jyfa.dk\/wp-content\/uploads\/Stemningsbilleder-bremseproevestand-1-1024x1024.png 1024w, https:\/\/jyfa.dk\/wp-content\/uploads\/Stemningsbilleder-bremseproevestand-1-300x300.png 300w, https:\/\/jyfa.dk\/wp-content\/uploads\/Stemningsbilleder-bremseproevestand-1-150x150.png 150w, https:\/\/jyfa.dk\/wp-content\/uploads\/Stemningsbilleder-bremseproevestand-1-768x768.png 768w, https:\/\/jyfa.dk\/wp-content\/uploads\/Stemningsbilleder-bremseproevestand-1-1536x1536.png 1536w, https:\/\/jyfa.dk\/wp-content\/uploads\/Stemningsbilleder-bremseproevestand-1-500x500.png 500w, https:\/\/jyfa.dk\/wp-content\/uploads\/Stemningsbilleder-bremseproevestand-1-800x800.png 800w, https:\/\/jyfa.dk\/wp-content\/uploads\/Stemningsbilleder-bremseproevestand-1.png 2000w\" sizes=\"(max-width: 800px) 100vw, 800px\" \/>\t\t\t\t\t\t\t\t\t\t\t\t\t\t\t<\/div>\n\t\t\t\t<\/div>\n\t\t\t\t<div class=\"elementor-element elementor-element-6800677 elementor-widget elementor-widget-heading\" data-id=\"6800677\" data-element_type=\"widget\" data-e-type=\"widget\" data-widget_type=\"heading.default\">\n\t\t\t\t<div class=\"elementor-widget-container\">\n\t\t\t\t\t<h4 class=\"elementor-heading-title elementor-size-default\">JYFA\u2019s BRAKE TEST CENTER\n<\/h4>\t\t\t\t<\/div>\n\t\t\t\t<\/div>\n\t\t\t\t<div class=\"elementor-element elementor-element-7ca3dbf elementor-widget elementor-widget-text-editor\" data-id=\"7ca3dbf\" data-element_type=\"widget\" data-e-type=\"widget\" data-widget_type=\"text-editor.default\">\n\t\t\t\t<div class=\"elementor-widget-container\">\n\t\t\t\t\t\t\t\t\t<p>Ready for the Road: Every Trailer Fully Brake-Tested In-House<\/p>\t\t\t\t\t\t\t\t<\/div>\n\t\t\t\t<\/div>\n\t\t\t\t<\/div>\n\t\t\t\t\t<\/div>\n\t\t\t\t<\/div>\n\t\t<div class=\"elementor-element elementor-element-a808aaa e-flex e-con-boxed e-con e-parent\" data-id=\"a808aaa\" data-element_type=\"container\" data-e-type=\"container\">\n\t\t\t\t\t<div class=\"e-con-inner\">\n\t\t\t\t<div class=\"elementor-element elementor-element-ab4bc28 elementor-widget elementor-widget-spacer\" data-id=\"ab4bc28\" data-element_type=\"widget\" data-e-type=\"widget\" data-widget_type=\"spacer.default\">\n\t\t\t\t<div class=\"elementor-widget-container\">\n\t\t\t\t\t\t\t<div class=\"elementor-spacer\">\n\t\t\t<div class=\"elementor-spacer-inner\"><\/div>\n\t\t<\/div>\n\t\t\t\t\t\t<\/div>\n\t\t\t\t<\/div>\n\t\t\t\t\t<\/div>\n\t\t\t\t<\/div>\n\t\t\t\t<\/div>\n\t\t","protected":false},"excerpt":{"rendered":"<p>Professional Brake Testing JYFA BRAKE TEST CENTER Professional testing of brakes on heavy vehicles At our brake test center, we test vehicles up to 3 meters wide. All trailers are thoroughly tested and checked before they leave our premises. Nothing leaves our premises unless it meets our high quality standards. To ensure this, we have [&hellip;]<\/p>\n","protected":false},"author":2,"featured_media":0,"parent":0,"menu_order":0,"comment_status":"closed","ping_status":"closed","template":"","meta":{"_acf_changed":false,"footnotes":""},"class_list":["post-9311","page","type-page","status-publish","hentry"],"acf":[],"yoast_head":"<!-- This site is optimized with the Yoast SEO plugin v27.4 - https:\/\/yoast.com\/product\/yoast-seo-wordpress\/ -->\n<title>PROFESSIONEL BREMSETEST | JYFA<\/title>\n<meta name=\"description\" content=\"F\u00e5 dine bremsesystemer testet p\u00e5 JYFA\u2019s bremsepr\u00f8vestand. Vi tester landbrugsvogne og st\u00f8rre erhvervsk\u00f8ret\u00f8jer op til 3 meter. Kontakt os p\u00e5 97 18 35 65 og bestil tid.\" \/>\n<meta name=\"robots\" content=\"index, follow, max-snippet:-1, max-image-preview:large, max-video-preview:-1\" \/>\n<link rel=\"canonical\" href=\"https:\/\/jyfa.dk\/en\/bremseproevestand\/\" \/>\n<meta property=\"og:locale\" content=\"en_US\" \/>\n<meta property=\"og:type\" content=\"article\" \/>\n<meta property=\"og:title\" content=\"PROFESSIONEL BREMSETEST | JYFA\" \/>\n<meta property=\"og:description\" content=\"F\u00e5 dine bremsesystemer testet p\u00e5 JYFA\u2019s bremsepr\u00f8vestand. Vi tester landbrugsvogne og st\u00f8rre erhvervsk\u00f8ret\u00f8jer op til 3 meter. Kontakt os p\u00e5 97 18 35 65 og bestil tid.\" \/>\n<meta property=\"og:url\" content=\"https:\/\/jyfa.dk\/en\/bremseproevestand\/\" \/>\n<meta property=\"og:site_name\" content=\"JYFA\" \/>\n<meta property=\"article:modified_time\" content=\"2026-03-22T09:58:53+00:00\" \/>\n<meta property=\"og:image\" content=\"https:\/\/jyfa.dk\/wp-content\/uploads\/Stemningsbilleder-bremseproevestand-2-1024x1024.png\" \/>\n\t<meta property=\"og:image:width\" content=\"1024\" \/>\n\t<meta property=\"og:image:height\" content=\"1024\" \/>\n\t<meta property=\"og:image:type\" content=\"image\/png\" \/>\n<meta name=\"twitter:card\" content=\"summary_large_image\" \/>\n<meta name=\"twitter:label1\" content=\"Est. reading time\" \/>\n\t<meta name=\"twitter:data1\" content=\"1 minute\" \/>\n<script type=\"application\/ld+json\" class=\"yoast-schema-graph\">{\"@context\":\"https:\\\/\\\/schema.org\",\"@graph\":[{\"@type\":\"WebPage\",\"@id\":\"https:\\\/\\\/jyfa.dk\\\/en\\\/bremseproevestand\\\/\",\"url\":\"https:\\\/\\\/jyfa.dk\\\/en\\\/bremseproevestand\\\/\",\"name\":\"PROFESSIONEL BREMSETEST | JYFA\",\"isPartOf\":{\"@id\":\"https:\\\/\\\/jyfa.dk\\\/en\\\/#website\"},\"primaryImageOfPage\":{\"@id\":\"https:\\\/\\\/jyfa.dk\\\/en\\\/bremseproevestand\\\/#primaryimage\"},\"image\":{\"@id\":\"https:\\\/\\\/jyfa.dk\\\/en\\\/bremseproevestand\\\/#primaryimage\"},\"thumbnailUrl\":\"https:\\\/\\\/jyfa.dk\\\/wp-content\\\/uploads\\\/Stemningsbilleder-bremseproevestand-2-1024x1024.png\",\"datePublished\":\"2026-03-19T14:27:48+00:00\",\"dateModified\":\"2026-03-22T09:58:53+00:00\",\"description\":\"F\u00e5 dine bremsesystemer testet p\u00e5 JYFA\u2019s bremsepr\u00f8vestand. Vi tester landbrugsvogne og st\u00f8rre erhvervsk\u00f8ret\u00f8jer op til 3 meter. Kontakt os p\u00e5 97 18 35 65 og bestil tid.\",\"breadcrumb\":{\"@id\":\"https:\\\/\\\/jyfa.dk\\\/en\\\/bremseproevestand\\\/#breadcrumb\"},\"inLanguage\":\"en-US\",\"potentialAction\":[{\"@type\":\"ReadAction\",\"target\":[\"https:\\\/\\\/jyfa.dk\\\/en\\\/bremseproevestand\\\/\"]}]},{\"@type\":\"ImageObject\",\"inLanguage\":\"en-US\",\"@id\":\"https:\\\/\\\/jyfa.dk\\\/en\\\/bremseproevestand\\\/#primaryimage\",\"url\":\"https:\\\/\\\/jyfa.dk\\\/wp-content\\\/uploads\\\/Stemningsbilleder-bremseproevestand-2-1024x1024.png\",\"contentUrl\":\"https:\\\/\\\/jyfa.dk\\\/wp-content\\\/uploads\\\/Stemningsbilleder-bremseproevestand-2-1024x1024.png\"},{\"@type\":\"BreadcrumbList\",\"@id\":\"https:\\\/\\\/jyfa.dk\\\/en\\\/bremseproevestand\\\/#breadcrumb\",\"itemListElement\":[{\"@type\":\"ListItem\",\"position\":1,\"name\":\"Forside\",\"item\":\"https:\\\/\\\/jyfa.dk\\\/en\\\/forside-2\\\/\"},{\"@type\":\"ListItem\",\"position\":2,\"name\":\"BRAKE TEST CENTER\"}]},{\"@type\":\"WebSite\",\"@id\":\"https:\\\/\\\/jyfa.dk\\\/en\\\/#website\",\"url\":\"https:\\\/\\\/jyfa.dk\\\/en\\\/\",\"name\":\"JYFA\",\"description\":\"\",\"publisher\":{\"@id\":\"https:\\\/\\\/jyfa.dk\\\/en\\\/#organization\"},\"potentialAction\":[{\"@type\":\"SearchAction\",\"target\":{\"@type\":\"EntryPoint\",\"urlTemplate\":\"https:\\\/\\\/jyfa.dk\\\/en\\\/?s={search_term_string}\"},\"query-input\":{\"@type\":\"PropertyValueSpecification\",\"valueRequired\":true,\"valueName\":\"search_term_string\"}}],\"inLanguage\":\"en-US\"},{\"@type\":\"Organization\",\"@id\":\"https:\\\/\\\/jyfa.dk\\\/en\\\/#organization\",\"name\":\"JYFA\",\"url\":\"https:\\\/\\\/jyfa.dk\\\/en\\\/\",\"logo\":{\"@type\":\"ImageObject\",\"inLanguage\":\"en-US\",\"@id\":\"https:\\\/\\\/jyfa.dk\\\/en\\\/#\\\/schema\\\/logo\\\/image\\\/\",\"url\":\"https:\\\/\\\/jyfa.dk\\\/wp-content\\\/uploads\\\/JYFA-Logo2-scaled-e1771414837114.png\",\"contentUrl\":\"https:\\\/\\\/jyfa.dk\\\/wp-content\\\/uploads\\\/JYFA-Logo2-scaled-e1771414837114.png\",\"width\":2007,\"height\":770,\"caption\":\"JYFA\"},\"image\":{\"@id\":\"https:\\\/\\\/jyfa.dk\\\/en\\\/#\\\/schema\\\/logo\\\/image\\\/\"}}]}<\/script>\n<!-- \/ Yoast SEO plugin. -->","yoast_head_json":{"title":"PROFESSIONEL BREMSETEST | JYFA","description":"F\u00e5 dine bremsesystemer testet p\u00e5 JYFA\u2019s bremsepr\u00f8vestand. Vi tester landbrugsvogne og st\u00f8rre erhvervsk\u00f8ret\u00f8jer op til 3 meter. Kontakt os p\u00e5 97 18 35 65 og bestil tid.","robots":{"index":"index","follow":"follow","max-snippet":"max-snippet:-1","max-image-preview":"max-image-preview:large","max-video-preview":"max-video-preview:-1"},"canonical":"https:\/\/jyfa.dk\/en\/bremseproevestand\/","og_locale":"en_US","og_type":"article","og_title":"PROFESSIONEL BREMSETEST | JYFA","og_description":"F\u00e5 dine bremsesystemer testet p\u00e5 JYFA\u2019s bremsepr\u00f8vestand. Vi tester landbrugsvogne og st\u00f8rre erhvervsk\u00f8ret\u00f8jer op til 3 meter. Kontakt os p\u00e5 97 18 35 65 og bestil tid.","og_url":"https:\/\/jyfa.dk\/en\/bremseproevestand\/","og_site_name":"JYFA","article_modified_time":"2026-03-22T09:58:53+00:00","og_image":[{"width":1024,"height":1024,"url":"https:\/\/jyfa.dk\/wp-content\/uploads\/Stemningsbilleder-bremseproevestand-2-1024x1024.png","type":"image\/png"}],"twitter_card":"summary_large_image","twitter_misc":{"Est. reading time":"1 minute"},"schema":{"@context":"https:\/\/schema.org","@graph":[{"@type":"WebPage","@id":"https:\/\/jyfa.dk\/en\/bremseproevestand\/","url":"https:\/\/jyfa.dk\/en\/bremseproevestand\/","name":"PROFESSIONEL BREMSETEST | JYFA","isPartOf":{"@id":"https:\/\/jyfa.dk\/en\/#website"},"primaryImageOfPage":{"@id":"https:\/\/jyfa.dk\/en\/bremseproevestand\/#primaryimage"},"image":{"@id":"https:\/\/jyfa.dk\/en\/bremseproevestand\/#primaryimage"},"thumbnailUrl":"https:\/\/jyfa.dk\/wp-content\/uploads\/Stemningsbilleder-bremseproevestand-2-1024x1024.png","datePublished":"2026-03-19T14:27:48+00:00","dateModified":"2026-03-22T09:58:53+00:00","description":"F\u00e5 dine bremsesystemer testet p\u00e5 JYFA\u2019s bremsepr\u00f8vestand. Vi tester landbrugsvogne og st\u00f8rre erhvervsk\u00f8ret\u00f8jer op til 3 meter. Kontakt os p\u00e5 97 18 35 65 og bestil tid.","breadcrumb":{"@id":"https:\/\/jyfa.dk\/en\/bremseproevestand\/#breadcrumb"},"inLanguage":"en-US","potentialAction":[{"@type":"ReadAction","target":["https:\/\/jyfa.dk\/en\/bremseproevestand\/"]}]},{"@type":"ImageObject","inLanguage":"en-US","@id":"https:\/\/jyfa.dk\/en\/bremseproevestand\/#primaryimage","url":"https:\/\/jyfa.dk\/wp-content\/uploads\/Stemningsbilleder-bremseproevestand-2-1024x1024.png","contentUrl":"https:\/\/jyfa.dk\/wp-content\/uploads\/Stemningsbilleder-bremseproevestand-2-1024x1024.png"},{"@type":"BreadcrumbList","@id":"https:\/\/jyfa.dk\/en\/bremseproevestand\/#breadcrumb","itemListElement":[{"@type":"ListItem","position":1,"name":"Forside","item":"https:\/\/jyfa.dk\/en\/forside-2\/"},{"@type":"ListItem","position":2,"name":"BRAKE TEST CENTER"}]},{"@type":"WebSite","@id":"https:\/\/jyfa.dk\/en\/#website","url":"https:\/\/jyfa.dk\/en\/","name":"JYFA","description":"","publisher":{"@id":"https:\/\/jyfa.dk\/en\/#organization"},"potentialAction":[{"@type":"SearchAction","target":{"@type":"EntryPoint","urlTemplate":"https:\/\/jyfa.dk\/en\/?s={search_term_string}"},"query-input":{"@type":"PropertyValueSpecification","valueRequired":true,"valueName":"search_term_string"}}],"inLanguage":"en-US"},{"@type":"Organization","@id":"https:\/\/jyfa.dk\/en\/#organization","name":"JYFA","url":"https:\/\/jyfa.dk\/en\/","logo":{"@type":"ImageObject","inLanguage":"en-US","@id":"https:\/\/jyfa.dk\/en\/#\/schema\/logo\/image\/","url":"https:\/\/jyfa.dk\/wp-content\/uploads\/JYFA-Logo2-scaled-e1771414837114.png","contentUrl":"https:\/\/jyfa.dk\/wp-content\/uploads\/JYFA-Logo2-scaled-e1771414837114.png","width":2007,"height":770,"caption":"JYFA"},"image":{"@id":"https:\/\/jyfa.dk\/en\/#\/schema\/logo\/image\/"}}]}},"_links":{"self":[{"href":"https:\/\/jyfa.dk\/en\/wp-json\/wp\/v2\/pages\/9311","targetHints":{"allow":["GET"]}}],"collection":[{"href":"https:\/\/jyfa.dk\/en\/wp-json\/wp\/v2\/pages"}],"about":[{"href":"https:\/\/jyfa.dk\/en\/wp-json\/wp\/v2\/types\/page"}],"author":[{"embeddable":true,"href":"https:\/\/jyfa.dk\/en\/wp-json\/wp\/v2\/users\/2"}],"replies":[{"embeddable":true,"href":"https:\/\/jyfa.dk\/en\/wp-json\/wp\/v2\/comments?post=9311"}],"version-history":[{"count":4,"href":"https:\/\/jyfa.dk\/en\/wp-json\/wp\/v2\/pages\/9311\/revisions"}],"predecessor-version":[{"id":9316,"href":"https:\/\/jyfa.dk\/en\/wp-json\/wp\/v2\/pages\/9311\/revisions\/9316"}],"wp:attachment":[{"href":"https:\/\/jyfa.dk\/en\/wp-json\/wp\/v2\/media?parent=9311"}],"curies":[{"name":"wp","href":"https:\/\/api.w.org\/{rel}","templated":true}]}}