{"id":9322,"date":"2026-02-17T13:30:37","date_gmt":"2026-02-17T12:30:37","guid":{"rendered":"https:\/\/jyfa.dk\/forhandlere\/"},"modified":"2026-03-22T11:14:39","modified_gmt":"2026-03-22T10:14:39","slug":"forhandlere","status":"publish","type":"page","link":"https:\/\/jyfa.dk\/en\/forhandlere\/","title":{"rendered":"Dealer"},"content":{"rendered":"\t\t<div data-elementor-type=\"wp-page\" data-elementor-id=\"9322\" class=\"elementor elementor-9322 elementor-4807\" data-elementor-post-type=\"page\">\n\t\t\t\t<div class=\"elementor-element elementor-element-c5f62c8 e-flex e-con-boxed e-con e-parent\" data-id=\"c5f62c8\" data-element_type=\"container\" data-e-type=\"container\">\n\t\t\t\t\t<div class=\"e-con-inner\">\n\t\t<div class=\"elementor-element elementor-element-743dd76 e-con-full e-flex e-con e-child\" data-id=\"743dd76\" data-element_type=\"container\" data-e-type=\"container\" data-settings=\"{&quot;background_background&quot;:&quot;classic&quot;}\">\n\t\t<div class=\"elementor-element elementor-element-1718a71 e-con-full e-flex e-con e-child\" data-id=\"1718a71\" data-element_type=\"container\" data-e-type=\"container\">\n\t\t\t\t<div class=\"elementor-element elementor-element-cb66348 elementor-widget__width-initial elementor-widget elementor-widget-heading\" data-id=\"cb66348\" data-element_type=\"widget\" data-e-type=\"widget\" data-widget_type=\"heading.default\">\n\t\t\t\t<div class=\"elementor-widget-container\">\n\t\t\t\t\t<h1 class=\"elementor-heading-title elementor-size-default\">Find your dealer<\/h1>\t\t\t\t<\/div>\n\t\t\t\t<\/div>\n\t\t\t\t<\/div>\n\t\t\t\t<\/div>\n\t\t\t\t\t<\/div>\n\t\t\t\t<\/div>\n\t\t<div class=\"elementor-element elementor-element-1fc8848 e-flex e-con-boxed e-con e-parent\" data-id=\"1fc8848\" data-element_type=\"container\" data-e-type=\"container\" data-settings=\"{&quot;background_background&quot;:&quot;classic&quot;}\">\n\t\t\t\t\t<div class=\"e-con-inner\">\n\t\t<div class=\"elementor-element elementor-element-1125cb2 e-con-full e-flex e-con e-child\" data-id=\"1125cb2\" data-element_type=\"container\" data-e-type=\"container\" data-settings=\"{&quot;background_background&quot;:&quot;classic&quot;}\">\n\t\t\t\t<div class=\"elementor-element elementor-element-230bdc5 elementor-widget__width-initial elementor-widget elementor-widget-heading\" data-id=\"230bdc5\" data-element_type=\"widget\" data-e-type=\"widget\" data-widget_type=\"heading.default\">\n\t\t\t\t<div class=\"elementor-widget-container\">\n\t\t\t\t\t<h6 class=\"elementor-heading-title elementor-size-default\">Dealer<\/h6>\t\t\t\t<\/div>\n\t\t\t\t<\/div>\n\t\t\t\t<div class=\"elementor-element elementor-element-2fc2b83 elementor-widget__width-initial elementor-widget elementor-widget-heading\" data-id=\"2fc2b83\" data-element_type=\"widget\" data-e-type=\"widget\" data-widget_type=\"heading.default\">\n\t\t\t\t<div class=\"elementor-widget-container\">\n\t\t\t\t\t<h2 class=\"elementor-heading-title elementor-size-default\">Dealer overview<\/h2>\t\t\t\t<\/div>\n\t\t\t\t<\/div>\n\t\t\t\t<div class=\"elementor-element elementor-element-0a68c7c elementor-widget elementor-widget-text-editor\" data-id=\"0a68c7c\" data-element_type=\"widget\" data-e-type=\"widget\" data-widget_type=\"text-editor.default\">\n\t\t\t\t<div class=\"elementor-widget-container\">\n\t\t\t\t\t\t\t\t\t<p>If you have any enquiries or questions regarding sales, services, orders or need any other support, you are very welcome to contact us, or alternatively one of our many dealers around the world.<\/p><p>You will find that our dealers offer either our entire product range &#8211; or a selection of our products.<\/p><p>If you are located far away from our dealers, you are welcome to contact us directly.\u00a0Please do not hesitate to contact one of our many dealers, or us directly!<\/p>\t\t\t\t\t\t\t\t<\/div>\n\t\t\t\t<\/div>\n\t\t\t\t<\/div>\n\t\t\t\t<div class=\"elementor-element elementor-element-fc8237a elementor-widget elementor-widget-shortcode\" data-id=\"fc8237a\" data-element_type=\"widget\" data-e-type=\"widget\" data-widget_type=\"shortcode.default\">\n\t\t\t\t<div class=\"elementor-widget-container\">\n\t\t\t\t\t\t\t<div class=\"elementor-shortcode\"><style type=\"text\/css\">\n    #asl-storelocator.asl-cont .sl-main-cont .asl-panel.pol-lg-12 .asl-panel-inner{ position: relative;height: 450px;}\n    body #asl-storelocator.asl-cont.asl-template-3 {--sl-font-size: 13px;--sl-title-size: 16px;--sl-btn-size: 15px;--sl-primary: #000000;--sl-infobox-color: #000000;--sl-infobox-bg: #FFFFFF;--sl-infobox-a: #000000;--sl-action-btn-color: #FFFFFF;--sl-action-btn-bg: #000000;--sl-color: #000000;--sl-list-bg: #FFFFFF;--sl-list-title: #000000;--sl-list-sub-title: #6a6a6a;--sl-highlighted: #ffffff;}.asl-buttons .zoomhere {display: none !important;}.asl-p-cont .asl-print-btn,.asl-cont .asl-print-btn {display: none !important;}    @media(max-width:991px){\n        #asl-storelocator.asl-cont .asl-panel {order: 0;}\n    }\n<\/style>\n<section id=\"asl-storelocator\" class=\"asl-cont asl-template-3 asl-layout-0 asl-bg-9  with-addr-ddl asl-text-0\">\n    <div class=\"asl-wrapper mb-5\">\n        <div class=\"sl-container-fluid\">\n                                    <div class=\"asl-ddl-filters\">\n                <div class=\"sl-row\"><\/div>\n            <\/div>\n                        <div class=\"sl-row\">\n                <div class=\"pol-12\">\n                    <div class=\"sl-main-cont\">\n                        <div class=\"sl-row no-gutters\">\n                            <div id=\"asl-panel\" class=\"asl-panel pol-md-6 pol-lg-5 pol-xl-4\">\n                                <div class=\"asl-overlay\" id=\"map-loading\">\n                                  <div class=\"white\"><\/div>\n                                    <div class=\"sl-loading\">\n                                        <i class=\"animate-sl-spin icon-spin3\"><\/i>\n                                        Loading...                                    <\/div>\n                                <\/div>\n                                <div class=\"asl-filter-sec hide\"><\/div>\n                                <!-- list -->\n                                <div class=\"asl-panel-inner\">\n                                    <div class=\"sl-filter-sec\">\n                                        <div class=\"asl-addr-search\">\n                                            <input aria-label=\"Current Location\" value=\"\" id=\"sl-main-search\" type=\"text\" class=\"asl-search-address form-control\" placeholder=\"Enter your address\">\n                                            <span class=\"sl-search-btn\"><i title=\"Current Location\" class=\"asl-geo icon-direction\"><\/i><\/span>\n                                        <\/div>  \n                                    <\/div>\n                                    <div class=\"asl-filter-tabs media\">\n                                        <div class=\"input-group\">\n                                            <ul class=\"sl-filt-a-list nav nav-pills\" role=\"tablist\"><\/ul>  \n                                            <div class=\"input-group-append\">\n                                                <div class=\"aswth-btn hide\">\n                                                    <span class=\"aswth\">\n                                                        <input type=\"checkbox\" class=\"aswth-input\" id=\"aswth-id\" checked>\n                                                        <label for=\"aswth-id\"><\/label>\n                                                        <div class=\"aswth-text\">\n                                                            <div class=\"contentA\">OPEN<\/div>\n                                                            <div class=\"contentB\">ALL<\/div>\n                                                        <\/div>\n                                                    <\/span>\n                                                <\/div>\n                                            <\/div>\n                                        <\/div>\n                                    <\/div>\n                                    <div class=\"sl-main-cont-box\">\n                                        <div id=\"asl-list\" class=\"sl-list-wrapper\">\n                                            <ul id=\"p-statelist\" class=\"sl-list\">\n                                            <\/ul>\n                                        <\/div>\n                                    <\/div>\n                                <\/div>\n\n                                <div class=\"directions-cont hide\">\n                                    <div class=\"agile-modal-header\">\n                                        <button type=\"button\" class=\"close\"><span aria-hidden=\"true\">\u00d7<\/span><\/button>\n                                        <h4>Store Direction<\/h4>\n                                    <\/div>\n                                    <div class=\"rendered-directions\" id=\"asl-rendered-dir\" style=\"direction: ltr;\"><\/div>\n                                <\/div>\n                            <\/div>\n                            <div class=\"pol-md-6 pol-lg-7 pol-xl-8 asl-map\">\n                                <div class=\"map-image\">\n                                    <div id=\"asl-map-canv\" class=\"asl-map-canv\"><\/div>\n                                    \n                                    <div id=\"agile-modal-direction\" class=\"agile-modal fade\">\n    <div class=\"agile-modal-backdrop-in\"><\/div>\n    <div class=\"agile-modal-dialog in\">\n        <div class=\"agile-modal-content\">\n            <div class=\"sl-form-group d-flex justify-content-between\">\n                <h4>GET DIRECTIONS<\/h4>\n                <button type=\"button\" class=\"close-directions sl-close\" data-dismiss=\"agile-modal\"\n                    aria-label=\"Close\"><i aria-hidden=\"true\" class=\"icon-cancel-1\"><\/i><\/button>\n            <\/div>\n            <div class=\"sl-form-group\">\n                <label for=\"frm-lbl\">From:<\/label>\n                <input type=\"text\" class=\"form-control frm-place\" id=\"frm-lbl\"\n                    placeholder=\"Enter a Location\">\n            <\/div>\n            <div class=\"sl-form-group\">\n                <label for=\"to-lbl\">To:<\/label>\n                <input readonly=\"true\" type=\"text\" class=\"directions-to form-control\" id=\"to-lbl\"\n                    placeholder=\"Prepopulated Destination Address\">\n            <\/div>\n            <div class=\"sl-form-group mb-0\">\n                <label for=\"rbtn-km\" class=\"checkbox-inline\">\n                    <input type=\"radio\" name=\"dist-type\" id=\"rbtn-km\" value=\"0\"> Km                <\/label>\n                <label for=\"rbtn-mile\" class=\"checkbox-inline\">\n                    <input type=\"radio\" name=\"dist-type\" checked id=\"rbtn-mile\" value=\"1\">\n                    Miles                <\/label>\n            <\/div>\n            <div class=\"sl-form-group mb-0\">\n                <button type=\"submit\" aria-label=\"GET DIRECTIONS\"\n                    class=\"btn btn-default btn-submit\">GET DIRECTIONS<\/button>\n            <\/div>\n        <\/div>\n    <\/div>\n<\/div>\n\n<div id=\"asl-geolocation-agile-modal\" class=\"agile-modal fade\">\n    <div class=\"agile-modal-backdrop-in\"><\/div>\n    <div class=\"agile-modal-dialog in\">\n        <div class=\"agile-modal-content\">\n                            <div class=\"sl-form-group sl-icon-group\">\n                <button type=\"button\" class=\"close-directions sl-close\" data-dismiss=\"agile-modal\"\n                      aria-label=\"Close\"><i aria-hidden=\"true\" class=\"icon-cancel-1\"><\/i><\/button>\n                <div class=\"sl-loct-icon\">\n                    <svg xmlns=\"http:\/\/www.w3.org\/2000\/svg\" width=\"28\" height=\"28\" viewBox=\"0 0 24 24\" fill=\"none\"\n                        stroke=\"currentColor\" stroke-width=\"2\" stroke-linecap=\"round\" stroke-linejoin=\"round\">\n                        <path\n                            d=\"M20 10c0 4.993-5.539 10.193-7.399 11.799a1 1 0 0 1-1.202 0C9.539 20.193 4 14.993 4 10a8 8 0 0 1 16 0\">\n                        <\/path>\n                        <circle cx=\"12\" cy=\"10\" r=\"3\"><\/circle>\n                    <\/svg>\n                <\/div>\n                <h2>Find Nearby Service Providers<\/h2>\n                <p>Use my location to find the closest Service Provider near me<\/p>\n            <\/div>\n            <div class=\"sl-form-group text-center mb-0\">\n                <button type=\"button\" id=\"asl-btn-geolocation\"\n                    class=\"btn btn-block btn-default\">USE LOCATION<\/button>\n            <\/div>\n                    <\/div>\n    <\/div>\n<\/div>\n\n<div id=\"asl-desc-agile-modal\" class=\"agile-modal fade\">\n    <div class=\"agile-modal-backdrop-in\"><\/div>\n    <div class=\"agile-modal-dialog in\">\n        <div class=\"agile-modal-content\">\n            <div class=\"sl-row\">\n                <div class=\"pol-md-12\">\n                    <div class=\"sl-form-group d-flex justify-content-between\">\n                        <h4 class=\"sl-title\">View Description<\/h4>\n                        <button type=\"button\" class=\"close-directions sl-close\" data-dismiss=\"agile-modal\"\n                            aria-label=\"Close\"><i aria-hidden=\"true\" class=\"icon-cancel-1\"><\/i><\/button>\n                    <\/div>\n                    <div class=\"sl-desc\"><\/div>\n                <\/div>\n            <\/div>\n        <\/div>\n    <\/div>\n<\/div>                                <\/div>\n                            <\/div>\n                        <\/div>\n                    <\/div>\n                <\/div>\n            <\/div>\n        <\/div> \n    <\/div>\n    <\/section>\n<!-- This plugin is developed by \"Agile Store Locator for WordPress\" https:\/\/agilestorelocator.com --><\/div>\n\t\t\t\t\t\t<\/div>\n\t\t\t\t<\/div>\n\t\t\t\t\t<\/div>\n\t\t\t\t<\/div>\n\t\t\t\t<\/div>\n\t\t","protected":false},"excerpt":{"rendered":"<p>Find your dealer Dealer Dealer overview If you have any enquiries or questions regarding sales, services, orders or need any other support, you are very welcome to contact us, or alternatively one of our many dealers around the world. You will find that our dealers offer either our entire product range &#8211; or a selection [&hellip;]<\/p>\n","protected":false},"author":1,"featured_media":0,"parent":0,"menu_order":0,"comment_status":"closed","ping_status":"closed","template":"","meta":{"_acf_changed":false,"footnotes":""},"class_list":["post-9322","page","type-page","status-publish","hentry"],"acf":[],"yoast_head":"<!-- This site is optimized with the Yoast SEO plugin v27.4 - https:\/\/yoast.com\/product\/yoast-seo-wordpress\/ -->\n<title>Dealer | JYFA<\/title>\n<meta name=\"description\" content=\"Med et stort forhandlernetv\u00e6rk i Danmark, Norge, Sverige, Holland, Finland, Tyskland, Island og Letland er JYFA godt repr\u00e6senteret p\u00e5 tv\u00e6rs af mange landegr\u00e6nser. Find din n\u00e6rmeste JYFA forhandler her!\" \/>\n<meta name=\"robots\" content=\"index, follow, max-snippet:-1, max-image-preview:large, max-video-preview:-1\" \/>\n<link rel=\"canonical\" href=\"https:\/\/jyfa.dk\/en\/forhandlere\/\" \/>\n<meta property=\"og:locale\" content=\"en_US\" \/>\n<meta property=\"og:type\" content=\"article\" \/>\n<meta property=\"og:title\" content=\"Dealer | JYFA\" \/>\n<meta property=\"og:description\" content=\"Med et stort forhandlernetv\u00e6rk i Danmark, Norge, Sverige, Holland, Finland, Tyskland, Island og Letland er JYFA godt repr\u00e6senteret p\u00e5 tv\u00e6rs af mange landegr\u00e6nser. Find din n\u00e6rmeste JYFA forhandler her!\" \/>\n<meta property=\"og:url\" content=\"https:\/\/jyfa.dk\/en\/forhandlere\/\" \/>\n<meta property=\"og:site_name\" content=\"JYFA\" \/>\n<meta property=\"article:modified_time\" content=\"2026-03-22T10:14:39+00:00\" \/>\n<meta name=\"twitter:card\" content=\"summary_large_image\" \/>\n<meta name=\"twitter:label1\" content=\"Est. reading time\" \/>\n\t<meta name=\"twitter:data1\" content=\"1 minute\" \/>\n<script type=\"application\/ld+json\" class=\"yoast-schema-graph\">{\"@context\":\"https:\\\/\\\/schema.org\",\"@graph\":[{\"@type\":\"WebPage\",\"@id\":\"https:\\\/\\\/jyfa.dk\\\/en\\\/forhandlere\\\/\",\"url\":\"https:\\\/\\\/jyfa.dk\\\/en\\\/forhandlere\\\/\",\"name\":\"Dealer | JYFA\",\"isPartOf\":{\"@id\":\"https:\\\/\\\/jyfa.dk\\\/en\\\/#website\"},\"datePublished\":\"2026-02-17T12:30:37+00:00\",\"dateModified\":\"2026-03-22T10:14:39+00:00\",\"description\":\"Med et stort forhandlernetv\u00e6rk i Danmark, Norge, Sverige, Holland, Finland, Tyskland, Island og Letland er JYFA godt repr\u00e6senteret p\u00e5 tv\u00e6rs af mange landegr\u00e6nser. Find din n\u00e6rmeste JYFA forhandler her!\",\"breadcrumb\":{\"@id\":\"https:\\\/\\\/jyfa.dk\\\/en\\\/forhandlere\\\/#breadcrumb\"},\"inLanguage\":\"en-US\",\"potentialAction\":[{\"@type\":\"ReadAction\",\"target\":[\"https:\\\/\\\/jyfa.dk\\\/en\\\/forhandlere\\\/\"]}]},{\"@type\":\"BreadcrumbList\",\"@id\":\"https:\\\/\\\/jyfa.dk\\\/en\\\/forhandlere\\\/#breadcrumb\",\"itemListElement\":[{\"@type\":\"ListItem\",\"position\":1,\"name\":\"Forside\",\"item\":\"https:\\\/\\\/jyfa.dk\\\/en\\\/forside-2\\\/\"},{\"@type\":\"ListItem\",\"position\":2,\"name\":\"Dealer\"}]},{\"@type\":\"WebSite\",\"@id\":\"https:\\\/\\\/jyfa.dk\\\/en\\\/#website\",\"url\":\"https:\\\/\\\/jyfa.dk\\\/en\\\/\",\"name\":\"JYFA\",\"description\":\"\",\"publisher\":{\"@id\":\"https:\\\/\\\/jyfa.dk\\\/en\\\/#organization\"},\"potentialAction\":[{\"@type\":\"SearchAction\",\"target\":{\"@type\":\"EntryPoint\",\"urlTemplate\":\"https:\\\/\\\/jyfa.dk\\\/en\\\/?s={search_term_string}\"},\"query-input\":{\"@type\":\"PropertyValueSpecification\",\"valueRequired\":true,\"valueName\":\"search_term_string\"}}],\"inLanguage\":\"en-US\"},{\"@type\":\"Organization\",\"@id\":\"https:\\\/\\\/jyfa.dk\\\/en\\\/#organization\",\"name\":\"JYFA\",\"url\":\"https:\\\/\\\/jyfa.dk\\\/en\\\/\",\"logo\":{\"@type\":\"ImageObject\",\"inLanguage\":\"en-US\",\"@id\":\"https:\\\/\\\/jyfa.dk\\\/en\\\/#\\\/schema\\\/logo\\\/image\\\/\",\"url\":\"https:\\\/\\\/jyfa.dk\\\/wp-content\\\/uploads\\\/JYFA-Logo2-scaled-e1771414837114.png\",\"contentUrl\":\"https:\\\/\\\/jyfa.dk\\\/wp-content\\\/uploads\\\/JYFA-Logo2-scaled-e1771414837114.png\",\"width\":2007,\"height\":770,\"caption\":\"JYFA\"},\"image\":{\"@id\":\"https:\\\/\\\/jyfa.dk\\\/en\\\/#\\\/schema\\\/logo\\\/image\\\/\"}}]}<\/script>\n<!-- \/ Yoast SEO plugin. -->","yoast_head_json":{"title":"Dealer | JYFA","description":"Med et stort forhandlernetv\u00e6rk i Danmark, Norge, Sverige, Holland, Finland, Tyskland, Island og Letland er JYFA godt repr\u00e6senteret p\u00e5 tv\u00e6rs af mange landegr\u00e6nser. Find din n\u00e6rmeste JYFA forhandler her!","robots":{"index":"index","follow":"follow","max-snippet":"max-snippet:-1","max-image-preview":"max-image-preview:large","max-video-preview":"max-video-preview:-1"},"canonical":"https:\/\/jyfa.dk\/en\/forhandlere\/","og_locale":"en_US","og_type":"article","og_title":"Dealer | JYFA","og_description":"Med et stort forhandlernetv\u00e6rk i Danmark, Norge, Sverige, Holland, Finland, Tyskland, Island og Letland er JYFA godt repr\u00e6senteret p\u00e5 tv\u00e6rs af mange landegr\u00e6nser. Find din n\u00e6rmeste JYFA forhandler her!","og_url":"https:\/\/jyfa.dk\/en\/forhandlere\/","og_site_name":"JYFA","article_modified_time":"2026-03-22T10:14:39+00:00","twitter_card":"summary_large_image","twitter_misc":{"Est. reading time":"1 minute"},"schema":{"@context":"https:\/\/schema.org","@graph":[{"@type":"WebPage","@id":"https:\/\/jyfa.dk\/en\/forhandlere\/","url":"https:\/\/jyfa.dk\/en\/forhandlere\/","name":"Dealer | JYFA","isPartOf":{"@id":"https:\/\/jyfa.dk\/en\/#website"},"datePublished":"2026-02-17T12:30:37+00:00","dateModified":"2026-03-22T10:14:39+00:00","description":"Med et stort forhandlernetv\u00e6rk i Danmark, Norge, Sverige, Holland, Finland, Tyskland, Island og Letland er JYFA godt repr\u00e6senteret p\u00e5 tv\u00e6rs af mange landegr\u00e6nser. Find din n\u00e6rmeste JYFA forhandler her!","breadcrumb":{"@id":"https:\/\/jyfa.dk\/en\/forhandlere\/#breadcrumb"},"inLanguage":"en-US","potentialAction":[{"@type":"ReadAction","target":["https:\/\/jyfa.dk\/en\/forhandlere\/"]}]},{"@type":"BreadcrumbList","@id":"https:\/\/jyfa.dk\/en\/forhandlere\/#breadcrumb","itemListElement":[{"@type":"ListItem","position":1,"name":"Forside","item":"https:\/\/jyfa.dk\/en\/forside-2\/"},{"@type":"ListItem","position":2,"name":"Dealer"}]},{"@type":"WebSite","@id":"https:\/\/jyfa.dk\/en\/#website","url":"https:\/\/jyfa.dk\/en\/","name":"JYFA","description":"","publisher":{"@id":"https:\/\/jyfa.dk\/en\/#organization"},"potentialAction":[{"@type":"SearchAction","target":{"@type":"EntryPoint","urlTemplate":"https:\/\/jyfa.dk\/en\/?s={search_term_string}"},"query-input":{"@type":"PropertyValueSpecification","valueRequired":true,"valueName":"search_term_string"}}],"inLanguage":"en-US"},{"@type":"Organization","@id":"https:\/\/jyfa.dk\/en\/#organization","name":"JYFA","url":"https:\/\/jyfa.dk\/en\/","logo":{"@type":"ImageObject","inLanguage":"en-US","@id":"https:\/\/jyfa.dk\/en\/#\/schema\/logo\/image\/","url":"https:\/\/jyfa.dk\/wp-content\/uploads\/JYFA-Logo2-scaled-e1771414837114.png","contentUrl":"https:\/\/jyfa.dk\/wp-content\/uploads\/JYFA-Logo2-scaled-e1771414837114.png","width":2007,"height":770,"caption":"JYFA"},"image":{"@id":"https:\/\/jyfa.dk\/en\/#\/schema\/logo\/image\/"}}]}},"_links":{"self":[{"href":"https:\/\/jyfa.dk\/en\/wp-json\/wp\/v2\/pages\/9322","targetHints":{"allow":["GET"]}}],"collection":[{"href":"https:\/\/jyfa.dk\/en\/wp-json\/wp\/v2\/pages"}],"about":[{"href":"https:\/\/jyfa.dk\/en\/wp-json\/wp\/v2\/types\/page"}],"author":[{"embeddable":true,"href":"https:\/\/jyfa.dk\/en\/wp-json\/wp\/v2\/users\/1"}],"replies":[{"embeddable":true,"href":"https:\/\/jyfa.dk\/en\/wp-json\/wp\/v2\/comments?post=9322"}],"version-history":[{"count":4,"href":"https:\/\/jyfa.dk\/en\/wp-json\/wp\/v2\/pages\/9322\/revisions"}],"predecessor-version":[{"id":9327,"href":"https:\/\/jyfa.dk\/en\/wp-json\/wp\/v2\/pages\/9322\/revisions\/9327"}],"wp:attachment":[{"href":"https:\/\/jyfa.dk\/en\/wp-json\/wp\/v2\/media?parent=9322"}],"curies":[{"name":"wp","href":"https:\/\/api.w.org\/{rel}","templated":true}]}}