{"id":11089,"date":"2026-05-05T11:19:14","date_gmt":"2026-05-05T09:19:14","guid":{"rendered":"https:\/\/jyfa.dk\/?post_type=product&#038;p=11089"},"modified":"2026-05-05T11:25:06","modified_gmt":"2026-05-05T09:25:06","slug":"circle-corten-oe60-cm-kopier","status":"publish","type":"product","link":"https:\/\/jyfa.dk\/en\/vare\/circle-corten-oe60-cm-kopier\/","title":{"rendered":"Circle Corten \u00d860 cm (Kopier)"},"content":{"rendered":"<p><strong>Produktinformation<br \/>\n<\/strong>Small: D:60 cm, H:30 cm<br \/>\nMedium: D:60 cm, H:40 cm<br \/>\nLarge: D:60 cm,\u00a0H:50 cm<\/p>\n<p><em>Bem\u00e6rk! Det rustne rustikke look, som ovenst\u00e5ende billeder opn\u00e5s f\u00f8rst efter\u00a04-6 uger.\u00a0N\u00e5r produktet modtages har produktet et sort look, og vil overtiden opn\u00e5 den l\u00e6kre rustikke farve.\u00a0Rustfarven vil \u00e6ndres gradvist, b\u00e5de i takt med vejrforhold og tid. Man vil derfor kunne opleve at produkter i corten \u00e6ndre farve fra \u00e5r til \u00e5r. V\u00e6r opm\u00e6rksom p\u00e5, at dette produkt vil kunne smitte lidt af i starten, indtil rusten har f\u00e5et fat.\u00a0<\/em><\/p>\n","protected":false},"excerpt":{"rendered":"<p>Et smukt og dekorativt h\u00f8jbed med uendelige anvendelsesmuligheder! Brug det som h\u00f8jbed og beplant det med smukke blomster. Eller hvad med at f\u00e5 urtehaven op i en bedre arbejdsh\u00f8jde! Dr\u00f8mmer du om et lille hyggehj\u00f8rne i haven med b\u00e5lsted, s\u00e5 fyld ringen med sand og sten! Kun din fantasi s\u00e6tter gr\u00e6nsen&#8230;<\/p>\n","protected":false},"featured_media":11090,"template":"","meta":{"_acf_changed":false},"product_brand":[],"product_cat":[350],"product_tag":[],"class_list":{"0":"post-11089","1":"product","2":"type-product","3":"status-publish","4":"has-post-thumbnail","6":"product_cat-uncategorized","8":"first","9":"instock","10":"taxable","11":"shipping-taxable","12":"product-type-simple"},"acf":[],"yoast_head":"<!-- This site is optimized with the Yoast SEO plugin v27.5 - https:\/\/yoast.com\/product\/yoast-seo-wordpress\/ -->\n<title>RUND H\u00d8JBED I CORTEN ST\u00c5L | JYFA<\/title>\n<meta name=\"description\" content=\"L\u00e6kkert rund h\u00f8jbed i corten st\u00e5l med et stilfuldt og enkelt design. Perfekt til din haveindretning. Dansk h\u00e5ndv\u00e6rk - god service \u2013 bestil online her!\" \/>\n<meta name=\"robots\" content=\"index, follow, max-snippet:-1, max-image-preview:large, max-video-preview:-1\" \/>\n<link rel=\"canonical\" href=\"https:\/\/jyfa.dk\/en\/vare\/circle-corten-oe60-cm-kopier\/\" \/>\n<meta property=\"og:locale\" content=\"en_US\" \/>\n<meta property=\"og:type\" content=\"article\" \/>\n<meta property=\"og:title\" content=\"RUND H\u00d8JBED I CORTEN ST\u00c5L | JYFA\" \/>\n<meta property=\"og:description\" content=\"L\u00e6kkert rund h\u00f8jbed i corten st\u00e5l med et stilfuldt og enkelt design. Perfekt til din haveindretning. Dansk h\u00e5ndv\u00e6rk - god service \u2013 bestil online her!\" \/>\n<meta property=\"og:url\" content=\"https:\/\/jyfa.dk\/en\/vare\/circle-corten-oe60-cm-kopier\/\" \/>\n<meta property=\"og:site_name\" content=\"JYFA\" \/>\n<meta property=\"article:modified_time\" content=\"2026-05-05T09:25:06+00:00\" \/>\n<meta name=\"twitter:card\" content=\"summary_large_image\" \/>\n<meta name=\"twitter:label1\" content=\"Est. reading time\" \/>\n\t<meta name=\"twitter:data1\" content=\"1 minute\" \/>\n<script type=\"application\/ld+json\" class=\"yoast-schema-graph\">{\"@context\":\"https:\\\/\\\/schema.org\",\"@graph\":[{\"@type\":\"WebPage\",\"@id\":\"https:\\\/\\\/jyfa.dk\\\/en\\\/vare\\\/circle-corten-oe60-cm-kopier\\\/\",\"url\":\"https:\\\/\\\/jyfa.dk\\\/en\\\/vare\\\/circle-corten-oe60-cm-kopier\\\/\",\"name\":\"RUND H\u00d8JBED I CORTEN ST\u00c5L | JYFA\",\"isPartOf\":{\"@id\":\"https:\\\/\\\/jyfa.dk\\\/en\\\/#website\"},\"primaryImageOfPage\":{\"@id\":\"https:\\\/\\\/jyfa.dk\\\/en\\\/vare\\\/circle-corten-oe60-cm-kopier\\\/#primaryimage\"},\"image\":{\"@id\":\"https:\\\/\\\/jyfa.dk\\\/en\\\/vare\\\/circle-corten-oe60-cm-kopier\\\/#primaryimage\"},\"thumbnailUrl\":\"https:\\\/\\\/jyfa.dk\\\/wp-content\\\/uploads\\\/Corten-bedkanter-corten-afgraensninger-1.png\",\"datePublished\":\"2026-05-05T09:19:14+00:00\",\"dateModified\":\"2026-05-05T09:25:06+00:00\",\"description\":\"L\u00e6kkert rund h\u00f8jbed i corten st\u00e5l med et stilfuldt og enkelt design. Perfekt til din haveindretning. Dansk h\u00e5ndv\u00e6rk - god service \u2013 bestil online her!\",\"breadcrumb\":{\"@id\":\"https:\\\/\\\/jyfa.dk\\\/en\\\/vare\\\/circle-corten-oe60-cm-kopier\\\/#breadcrumb\"},\"inLanguage\":\"en-US\",\"potentialAction\":[{\"@type\":\"ReadAction\",\"target\":[\"https:\\\/\\\/jyfa.dk\\\/en\\\/vare\\\/circle-corten-oe60-cm-kopier\\\/\"]}]},{\"@type\":\"ImageObject\",\"inLanguage\":\"en-US\",\"@id\":\"https:\\\/\\\/jyfa.dk\\\/en\\\/vare\\\/circle-corten-oe60-cm-kopier\\\/#primaryimage\",\"url\":\"https:\\\/\\\/jyfa.dk\\\/wp-content\\\/uploads\\\/Corten-bedkanter-corten-afgraensninger-1.png\",\"contentUrl\":\"https:\\\/\\\/jyfa.dk\\\/wp-content\\\/uploads\\\/Corten-bedkanter-corten-afgraensninger-1.png\",\"width\":2000,\"height\":2000},{\"@type\":\"BreadcrumbList\",\"@id\":\"https:\\\/\\\/jyfa.dk\\\/en\\\/vare\\\/circle-corten-oe60-cm-kopier\\\/#breadcrumb\",\"itemListElement\":[{\"@type\":\"ListItem\",\"position\":1,\"name\":\"Forside\",\"item\":\"https:\\\/\\\/jyfa.dk\\\/en\\\/forside-2\\\/\"},{\"@type\":\"ListItem\",\"position\":2,\"name\":\"Shop\",\"item\":\"https:\\\/\\\/jyfa.dk\\\/en\\\/shop\\\/\"},{\"@type\":\"ListItem\",\"position\":3,\"name\":\"Haveinventar\",\"item\":\"https:\\\/\\\/jyfa.dk\\\/kategori\\\/haveinventar\\\/\"},{\"@type\":\"ListItem\",\"position\":4,\"name\":\"Circle Corten \u00d860 cm (Kopier)\"}]},{\"@type\":\"WebSite\",\"@id\":\"https:\\\/\\\/jyfa.dk\\\/en\\\/#website\",\"url\":\"https:\\\/\\\/jyfa.dk\\\/en\\\/\",\"name\":\"JYFA\",\"description\":\"\",\"publisher\":{\"@id\":\"https:\\\/\\\/jyfa.dk\\\/en\\\/#organization\"},\"potentialAction\":[{\"@type\":\"SearchAction\",\"target\":{\"@type\":\"EntryPoint\",\"urlTemplate\":\"https:\\\/\\\/jyfa.dk\\\/en\\\/?s={search_term_string}\"},\"query-input\":{\"@type\":\"PropertyValueSpecification\",\"valueRequired\":true,\"valueName\":\"search_term_string\"}}],\"inLanguage\":\"en-US\"},{\"@type\":\"Organization\",\"@id\":\"https:\\\/\\\/jyfa.dk\\\/en\\\/#organization\",\"name\":\"JYFA\",\"url\":\"https:\\\/\\\/jyfa.dk\\\/en\\\/\",\"logo\":{\"@type\":\"ImageObject\",\"inLanguage\":\"en-US\",\"@id\":\"https:\\\/\\\/jyfa.dk\\\/en\\\/#\\\/schema\\\/logo\\\/image\\\/\",\"url\":\"https:\\\/\\\/jyfa.dk\\\/wp-content\\\/uploads\\\/JYFA-Logo2-scaled-e1771414837114.png\",\"contentUrl\":\"https:\\\/\\\/jyfa.dk\\\/wp-content\\\/uploads\\\/JYFA-Logo2-scaled-e1771414837114.png\",\"width\":2007,\"height\":770,\"caption\":\"JYFA\"},\"image\":{\"@id\":\"https:\\\/\\\/jyfa.dk\\\/en\\\/#\\\/schema\\\/logo\\\/image\\\/\"}}]}<\/script>\n<!-- \/ Yoast SEO plugin. -->","yoast_head_json":{"title":"RUND H\u00d8JBED I CORTEN ST\u00c5L | JYFA","description":"L\u00e6kkert rund h\u00f8jbed i corten st\u00e5l med et stilfuldt og enkelt design. Perfekt til din haveindretning. Dansk h\u00e5ndv\u00e6rk - god service \u2013 bestil online her!","robots":{"index":"index","follow":"follow","max-snippet":"max-snippet:-1","max-image-preview":"max-image-preview:large","max-video-preview":"max-video-preview:-1"},"canonical":"https:\/\/jyfa.dk\/en\/vare\/circle-corten-oe60-cm-kopier\/","og_locale":"en_US","og_type":"article","og_title":"RUND H\u00d8JBED I CORTEN ST\u00c5L | JYFA","og_description":"L\u00e6kkert rund h\u00f8jbed i corten st\u00e5l med et stilfuldt og enkelt design. Perfekt til din haveindretning. Dansk h\u00e5ndv\u00e6rk - god service \u2013 bestil online her!","og_url":"https:\/\/jyfa.dk\/en\/vare\/circle-corten-oe60-cm-kopier\/","og_site_name":"JYFA","article_modified_time":"2026-05-05T09:25:06+00:00","twitter_card":"summary_large_image","twitter_misc":{"Est. reading time":"1 minute"},"schema":{"@context":"https:\/\/schema.org","@graph":[{"@type":"WebPage","@id":"https:\/\/jyfa.dk\/en\/vare\/circle-corten-oe60-cm-kopier\/","url":"https:\/\/jyfa.dk\/en\/vare\/circle-corten-oe60-cm-kopier\/","name":"RUND H\u00d8JBED I CORTEN ST\u00c5L | JYFA","isPartOf":{"@id":"https:\/\/jyfa.dk\/en\/#website"},"primaryImageOfPage":{"@id":"https:\/\/jyfa.dk\/en\/vare\/circle-corten-oe60-cm-kopier\/#primaryimage"},"image":{"@id":"https:\/\/jyfa.dk\/en\/vare\/circle-corten-oe60-cm-kopier\/#primaryimage"},"thumbnailUrl":"https:\/\/jyfa.dk\/wp-content\/uploads\/Corten-bedkanter-corten-afgraensninger-1.png","datePublished":"2026-05-05T09:19:14+00:00","dateModified":"2026-05-05T09:25:06+00:00","description":"L\u00e6kkert rund h\u00f8jbed i corten st\u00e5l med et stilfuldt og enkelt design. Perfekt til din haveindretning. Dansk h\u00e5ndv\u00e6rk - god service \u2013 bestil online her!","breadcrumb":{"@id":"https:\/\/jyfa.dk\/en\/vare\/circle-corten-oe60-cm-kopier\/#breadcrumb"},"inLanguage":"en-US","potentialAction":[{"@type":"ReadAction","target":["https:\/\/jyfa.dk\/en\/vare\/circle-corten-oe60-cm-kopier\/"]}]},{"@type":"ImageObject","inLanguage":"en-US","@id":"https:\/\/jyfa.dk\/en\/vare\/circle-corten-oe60-cm-kopier\/#primaryimage","url":"https:\/\/jyfa.dk\/wp-content\/uploads\/Corten-bedkanter-corten-afgraensninger-1.png","contentUrl":"https:\/\/jyfa.dk\/wp-content\/uploads\/Corten-bedkanter-corten-afgraensninger-1.png","width":2000,"height":2000},{"@type":"BreadcrumbList","@id":"https:\/\/jyfa.dk\/en\/vare\/circle-corten-oe60-cm-kopier\/#breadcrumb","itemListElement":[{"@type":"ListItem","position":1,"name":"Forside","item":"https:\/\/jyfa.dk\/en\/forside-2\/"},{"@type":"ListItem","position":2,"name":"Shop","item":"https:\/\/jyfa.dk\/en\/shop\/"},{"@type":"ListItem","position":3,"name":"Haveinventar","item":"https:\/\/jyfa.dk\/kategori\/haveinventar\/"},{"@type":"ListItem","position":4,"name":"Circle Corten \u00d860 cm (Kopier)"}]},{"@type":"WebSite","@id":"https:\/\/jyfa.dk\/en\/#website","url":"https:\/\/jyfa.dk\/en\/","name":"JYFA","description":"","publisher":{"@id":"https:\/\/jyfa.dk\/en\/#organization"},"potentialAction":[{"@type":"SearchAction","target":{"@type":"EntryPoint","urlTemplate":"https:\/\/jyfa.dk\/en\/?s={search_term_string}"},"query-input":{"@type":"PropertyValueSpecification","valueRequired":true,"valueName":"search_term_string"}}],"inLanguage":"en-US"},{"@type":"Organization","@id":"https:\/\/jyfa.dk\/en\/#organization","name":"JYFA","url":"https:\/\/jyfa.dk\/en\/","logo":{"@type":"ImageObject","inLanguage":"en-US","@id":"https:\/\/jyfa.dk\/en\/#\/schema\/logo\/image\/","url":"https:\/\/jyfa.dk\/wp-content\/uploads\/JYFA-Logo2-scaled-e1771414837114.png","contentUrl":"https:\/\/jyfa.dk\/wp-content\/uploads\/JYFA-Logo2-scaled-e1771414837114.png","width":2007,"height":770,"caption":"JYFA"},"image":{"@id":"https:\/\/jyfa.dk\/en\/#\/schema\/logo\/image\/"}}]}},"_links":{"self":[{"href":"https:\/\/jyfa.dk\/en\/wp-json\/wp\/v2\/product\/11089","targetHints":{"allow":["GET"]}}],"collection":[{"href":"https:\/\/jyfa.dk\/en\/wp-json\/wp\/v2\/product"}],"about":[{"href":"https:\/\/jyfa.dk\/en\/wp-json\/wp\/v2\/types\/product"}],"wp:featuredmedia":[{"embeddable":true,"href":"https:\/\/jyfa.dk\/en\/wp-json\/wp\/v2\/media\/11090"}],"wp:attachment":[{"href":"https:\/\/jyfa.dk\/en\/wp-json\/wp\/v2\/media?parent=11089"}],"wp:term":[{"taxonomy":"product_brand","embeddable":true,"href":"https:\/\/jyfa.dk\/en\/wp-json\/wp\/v2\/product_brand?post=11089"},{"taxonomy":"product_cat","embeddable":true,"href":"https:\/\/jyfa.dk\/en\/wp-json\/wp\/v2\/product_cat?post=11089"},{"taxonomy":"product_tag","embeddable":true,"href":"https:\/\/jyfa.dk\/en\/wp-json\/wp\/v2\/product_tag?post=11089"}],"curies":[{"name":"wp","href":"https:\/\/api.w.org\/{rel}","templated":true}]}}