{"id":9118,"date":"2026-03-12T17:43:57","date_gmt":"2026-03-12T16:43:57","guid":{"rendered":"https:\/\/jyfa.dk\/vare\/naeseringsbeskytter-nr-1\/"},"modified":"2026-03-21T14:04:36","modified_gmt":"2026-03-21T13:04:36","slug":"naeseringsbeskytter-nr-1","status":"publish","type":"product","link":"https:\/\/jyfa.dk\/en\/vare\/naeseringsbeskytter-nr-1\/","title":{"rendered":"Safetycap &#8211; stop nosedamage"},"content":{"rendered":"<p><strong>D<\/strong><span class=\"hps\"><strong>escription<\/strong><br \/>\n<\/span>The purpose of the safety cap is to protect the bull\u2019s nose from damage. By blocking the gap between the nose and the ring, the cap prevents the exposed part of the ring from getting stuck. If the ring is stuck, the bull instinctively pull\u2019s it\u2019s head back to free itself and will probably cause severe damage to the nose. A damaged nose can be very costly &#8211; especially if it\u2019s a top bull for breeding.<\/p>\n<p>This is very much about animal welfare and economy. It is costly to repair a bull\u2019s nose, an it will reduce the value of a bull considerably, if the nose is not intact.<\/p>\n<p>The safety cap is made of plastic and comes with a small lock suitable for a rope. It is placed after the ring is inserted to the nose, and is easily attached with bolt and nut to clamp it firmly on to the ring.<\/p>\n<p>The cap is suitable for all bull\u2019s rings and comes in different sizes.<br \/>\n<strong><span class=\"hps\"><br \/>\nTechnical<\/span>\u00a0<span class=\"hps\">data<br \/>\n<img fetchpriority=\"high\" decoding=\"async\" class=\"alignnone  wp-image-9120\" src=\"https:\/\/jyfa.dk\/wp-content\/uploads\/Skaermbillede-2026-03-21-140239-300x59.png\" alt=\"\" width=\"803\" height=\"158\" srcset=\"https:\/\/jyfa.dk\/wp-content\/uploads\/Skaermbillede-2026-03-21-140239-300x59.png 300w, https:\/\/jyfa.dk\/wp-content\/uploads\/Skaermbillede-2026-03-21-140239.png 742w\" sizes=\"(max-width: 803px) 100vw, 803px\" \/><br \/>\n<\/span><\/strong><\/p>\n<p><strong><span class=\"hps\">Missing<\/span>\u00a0<span class=\"hps\">the<\/span>\u00a0<span class=\"hps\">size you need<\/span>?<\/strong><br \/>\n<span class=\"hps\">The saftecap<\/span>\u00a0<span class=\"hps\">are manufactured in<\/span>\u00a0<span class=\"hps\">all sizes.<\/span>\u00a0<span class=\"hps\">Do you<\/span>\u00a0<span class=\"hps\">desire<\/span>\u00a0a\u00a0<span class=\"hps\">different size than<\/span>\u00a0<span class=\"hps\">described<\/span>\u00a0<span class=\"hps\">in the above<\/span>\u00a0<span class=\"hps\">please contact us<\/span>\u00a0<span class=\"hps\">and let us find<\/span>\u00a0<span class=\"hps\">the cap<\/span>\u00a0<span class=\"hps\">that fits<\/span>\u00a0<span class=\"hps\">you.<\/span><\/p>\n","protected":false},"excerpt":{"rendered":"<p><strong>JYFA Safetycap for a bull ring<\/strong><\/p>\n","protected":false},"featured_media":7397,"template":"","meta":{"_acf_changed":false},"product_brand":[],"product_cat":[397],"product_tag":[],"class_list":{"0":"post-9118","1":"product","2":"type-product","3":"status-publish","4":"has-post-thumbnail","6":"product_cat-beskyttelseshaette-til-tyrering","8":"first","9":"instock","10":"taxable","11":"shipping-taxable","12":"product-type-simple"},"acf":[],"yoast_head":"<!-- This site is optimized with the Yoast SEO plugin v27.4 - https:\/\/yoast.com\/product\/yoast-seo-wordpress\/ -->\n<title>JYFA Beskyttelsesh\u00e6tte til tyrering | JYFA<\/title>\n<meta name=\"description\" content=\"JYFA n\u00e6seringsbeskytter til din tyr - Undg\u00e5 \u00f8delagte n\u00e6ser\" \/>\n<meta name=\"robots\" content=\"index, follow, max-snippet:-1, max-image-preview:large, max-video-preview:-1\" \/>\n<link rel=\"canonical\" href=\"https:\/\/jyfa.dk\/en\/vare\/naeseringsbeskytter-nr-1\/\" \/>\n<meta property=\"og:locale\" content=\"en_US\" \/>\n<meta property=\"og:type\" content=\"article\" \/>\n<meta property=\"og:title\" content=\"JYFA Beskyttelsesh\u00e6tte til tyrering | JYFA\" \/>\n<meta property=\"og:description\" content=\"JYFA n\u00e6seringsbeskytter til din tyr - Undg\u00e5 \u00f8delagte n\u00e6ser\" \/>\n<meta property=\"og:url\" content=\"https:\/\/jyfa.dk\/en\/vare\/naeseringsbeskytter-nr-1\/\" \/>\n<meta property=\"og:site_name\" content=\"JYFA\" \/>\n<meta property=\"article:modified_time\" content=\"2026-03-21T13:04:36+00:00\" \/>\n<meta property=\"og:image\" content=\"https:\/\/jyfa.dk\/wp-content\/uploads\/Skaermbillede-2026-03-21-140239.png\" \/>\n\t<meta property=\"og:image:width\" content=\"742\" \/>\n\t<meta property=\"og:image:height\" content=\"146\" \/>\n\t<meta property=\"og:image:type\" content=\"image\/png\" \/>\n<meta name=\"twitter:card\" content=\"summary_large_image\" \/>\n<meta name=\"twitter:label1\" content=\"Est. reading time\" \/>\n\t<meta name=\"twitter:data1\" content=\"2 minutes\" \/>\n<script type=\"application\/ld+json\" class=\"yoast-schema-graph\">{\"@context\":\"https:\\\/\\\/schema.org\",\"@graph\":[{\"@type\":\"WebPage\",\"@id\":\"https:\\\/\\\/jyfa.dk\\\/en\\\/vare\\\/naeseringsbeskytter-nr-1\\\/\",\"url\":\"https:\\\/\\\/jyfa.dk\\\/en\\\/vare\\\/naeseringsbeskytter-nr-1\\\/\",\"name\":\"JYFA Beskyttelsesh\u00e6tte til tyrering | JYFA\",\"isPartOf\":{\"@id\":\"https:\\\/\\\/jyfa.dk\\\/en\\\/#website\"},\"primaryImageOfPage\":{\"@id\":\"https:\\\/\\\/jyfa.dk\\\/en\\\/vare\\\/naeseringsbeskytter-nr-1\\\/#primaryimage\"},\"image\":{\"@id\":\"https:\\\/\\\/jyfa.dk\\\/en\\\/vare\\\/naeseringsbeskytter-nr-1\\\/#primaryimage\"},\"thumbnailUrl\":\"https:\\\/\\\/jyfa.dk\\\/wp-content\\\/uploads\\\/Beskyttelseshaette-scaled.png\",\"datePublished\":\"2026-03-12T16:43:57+00:00\",\"dateModified\":\"2026-03-21T13:04:36+00:00\",\"description\":\"JYFA n\u00e6seringsbeskytter til din tyr - Undg\u00e5 \u00f8delagte n\u00e6ser\",\"breadcrumb\":{\"@id\":\"https:\\\/\\\/jyfa.dk\\\/en\\\/vare\\\/naeseringsbeskytter-nr-1\\\/#breadcrumb\"},\"inLanguage\":\"en-US\",\"potentialAction\":[{\"@type\":\"ReadAction\",\"target\":[\"https:\\\/\\\/jyfa.dk\\\/en\\\/vare\\\/naeseringsbeskytter-nr-1\\\/\"]}]},{\"@type\":\"ImageObject\",\"inLanguage\":\"en-US\",\"@id\":\"https:\\\/\\\/jyfa.dk\\\/en\\\/vare\\\/naeseringsbeskytter-nr-1\\\/#primaryimage\",\"url\":\"https:\\\/\\\/jyfa.dk\\\/wp-content\\\/uploads\\\/Beskyttelseshaette-scaled.png\",\"contentUrl\":\"https:\\\/\\\/jyfa.dk\\\/wp-content\\\/uploads\\\/Beskyttelseshaette-scaled.png\",\"width\":2048,\"height\":1536},{\"@type\":\"BreadcrumbList\",\"@id\":\"https:\\\/\\\/jyfa.dk\\\/en\\\/vare\\\/naeseringsbeskytter-nr-1\\\/#breadcrumb\",\"itemListElement\":[{\"@type\":\"ListItem\",\"position\":1,\"name\":\"Forside\",\"item\":\"https:\\\/\\\/jyfa.dk\\\/en\\\/forside-2\\\/\"},{\"@type\":\"ListItem\",\"position\":2,\"name\":\"Shop\",\"item\":\"https:\\\/\\\/jyfa.dk\\\/en\\\/shop\\\/\"},{\"@type\":\"ListItem\",\"position\":3,\"name\":\"Staldinventar\",\"item\":\"https:\\\/\\\/jyfa.dk\\\/kategori\\\/staldinventar-landbrug\\\/\"},{\"@type\":\"ListItem\",\"position\":4,\"name\":\"Beskyttelsesh\u00e6tte til tyrering\",\"item\":\"https:\\\/\\\/jyfa.dk\\\/en\\\/kategori\\\/beskyttelseshaette-til-tyrering\\\/\"},{\"@type\":\"ListItem\",\"position\":5,\"name\":\"Safetycap &#8211; stop nosedamage\"}]},{\"@type\":\"WebSite\",\"@id\":\"https:\\\/\\\/jyfa.dk\\\/en\\\/#website\",\"url\":\"https:\\\/\\\/jyfa.dk\\\/en\\\/\",\"name\":\"JYFA\",\"description\":\"\",\"publisher\":{\"@id\":\"https:\\\/\\\/jyfa.dk\\\/en\\\/#organization\"},\"potentialAction\":[{\"@type\":\"SearchAction\",\"target\":{\"@type\":\"EntryPoint\",\"urlTemplate\":\"https:\\\/\\\/jyfa.dk\\\/en\\\/?s={search_term_string}\"},\"query-input\":{\"@type\":\"PropertyValueSpecification\",\"valueRequired\":true,\"valueName\":\"search_term_string\"}}],\"inLanguage\":\"en-US\"},{\"@type\":\"Organization\",\"@id\":\"https:\\\/\\\/jyfa.dk\\\/en\\\/#organization\",\"name\":\"JYFA\",\"url\":\"https:\\\/\\\/jyfa.dk\\\/en\\\/\",\"logo\":{\"@type\":\"ImageObject\",\"inLanguage\":\"en-US\",\"@id\":\"https:\\\/\\\/jyfa.dk\\\/en\\\/#\\\/schema\\\/logo\\\/image\\\/\",\"url\":\"https:\\\/\\\/jyfa.dk\\\/wp-content\\\/uploads\\\/JYFA-Logo2-scaled-e1771414837114.png\",\"contentUrl\":\"https:\\\/\\\/jyfa.dk\\\/wp-content\\\/uploads\\\/JYFA-Logo2-scaled-e1771414837114.png\",\"width\":2007,\"height\":770,\"caption\":\"JYFA\"},\"image\":{\"@id\":\"https:\\\/\\\/jyfa.dk\\\/en\\\/#\\\/schema\\\/logo\\\/image\\\/\"}}]}<\/script>\n<!-- \/ Yoast SEO plugin. -->","yoast_head_json":{"title":"JYFA Beskyttelsesh\u00e6tte til tyrering | JYFA","description":"JYFA n\u00e6seringsbeskytter til din tyr - Undg\u00e5 \u00f8delagte n\u00e6ser","robots":{"index":"index","follow":"follow","max-snippet":"max-snippet:-1","max-image-preview":"max-image-preview:large","max-video-preview":"max-video-preview:-1"},"canonical":"https:\/\/jyfa.dk\/en\/vare\/naeseringsbeskytter-nr-1\/","og_locale":"en_US","og_type":"article","og_title":"JYFA Beskyttelsesh\u00e6tte til tyrering | JYFA","og_description":"JYFA n\u00e6seringsbeskytter til din tyr - Undg\u00e5 \u00f8delagte n\u00e6ser","og_url":"https:\/\/jyfa.dk\/en\/vare\/naeseringsbeskytter-nr-1\/","og_site_name":"JYFA","article_modified_time":"2026-03-21T13:04:36+00:00","og_image":[{"width":742,"height":146,"url":"https:\/\/jyfa.dk\/wp-content\/uploads\/Skaermbillede-2026-03-21-140239.png","type":"image\/png"}],"twitter_card":"summary_large_image","twitter_misc":{"Est. reading time":"2 minutes"},"schema":{"@context":"https:\/\/schema.org","@graph":[{"@type":"WebPage","@id":"https:\/\/jyfa.dk\/en\/vare\/naeseringsbeskytter-nr-1\/","url":"https:\/\/jyfa.dk\/en\/vare\/naeseringsbeskytter-nr-1\/","name":"JYFA Beskyttelsesh\u00e6tte til tyrering | JYFA","isPartOf":{"@id":"https:\/\/jyfa.dk\/en\/#website"},"primaryImageOfPage":{"@id":"https:\/\/jyfa.dk\/en\/vare\/naeseringsbeskytter-nr-1\/#primaryimage"},"image":{"@id":"https:\/\/jyfa.dk\/en\/vare\/naeseringsbeskytter-nr-1\/#primaryimage"},"thumbnailUrl":"https:\/\/jyfa.dk\/wp-content\/uploads\/Beskyttelseshaette-scaled.png","datePublished":"2026-03-12T16:43:57+00:00","dateModified":"2026-03-21T13:04:36+00:00","description":"JYFA n\u00e6seringsbeskytter til din tyr - Undg\u00e5 \u00f8delagte n\u00e6ser","breadcrumb":{"@id":"https:\/\/jyfa.dk\/en\/vare\/naeseringsbeskytter-nr-1\/#breadcrumb"},"inLanguage":"en-US","potentialAction":[{"@type":"ReadAction","target":["https:\/\/jyfa.dk\/en\/vare\/naeseringsbeskytter-nr-1\/"]}]},{"@type":"ImageObject","inLanguage":"en-US","@id":"https:\/\/jyfa.dk\/en\/vare\/naeseringsbeskytter-nr-1\/#primaryimage","url":"https:\/\/jyfa.dk\/wp-content\/uploads\/Beskyttelseshaette-scaled.png","contentUrl":"https:\/\/jyfa.dk\/wp-content\/uploads\/Beskyttelseshaette-scaled.png","width":2048,"height":1536},{"@type":"BreadcrumbList","@id":"https:\/\/jyfa.dk\/en\/vare\/naeseringsbeskytter-nr-1\/#breadcrumb","itemListElement":[{"@type":"ListItem","position":1,"name":"Forside","item":"https:\/\/jyfa.dk\/en\/forside-2\/"},{"@type":"ListItem","position":2,"name":"Shop","item":"https:\/\/jyfa.dk\/en\/shop\/"},{"@type":"ListItem","position":3,"name":"Staldinventar","item":"https:\/\/jyfa.dk\/kategori\/staldinventar-landbrug\/"},{"@type":"ListItem","position":4,"name":"Beskyttelsesh\u00e6tte til tyrering","item":"https:\/\/jyfa.dk\/en\/kategori\/beskyttelseshaette-til-tyrering\/"},{"@type":"ListItem","position":5,"name":"Safetycap &#8211; stop nosedamage"}]},{"@type":"WebSite","@id":"https:\/\/jyfa.dk\/en\/#website","url":"https:\/\/jyfa.dk\/en\/","name":"JYFA","description":"","publisher":{"@id":"https:\/\/jyfa.dk\/en\/#organization"},"potentialAction":[{"@type":"SearchAction","target":{"@type":"EntryPoint","urlTemplate":"https:\/\/jyfa.dk\/en\/?s={search_term_string}"},"query-input":{"@type":"PropertyValueSpecification","valueRequired":true,"valueName":"search_term_string"}}],"inLanguage":"en-US"},{"@type":"Organization","@id":"https:\/\/jyfa.dk\/en\/#organization","name":"JYFA","url":"https:\/\/jyfa.dk\/en\/","logo":{"@type":"ImageObject","inLanguage":"en-US","@id":"https:\/\/jyfa.dk\/en\/#\/schema\/logo\/image\/","url":"https:\/\/jyfa.dk\/wp-content\/uploads\/JYFA-Logo2-scaled-e1771414837114.png","contentUrl":"https:\/\/jyfa.dk\/wp-content\/uploads\/JYFA-Logo2-scaled-e1771414837114.png","width":2007,"height":770,"caption":"JYFA"},"image":{"@id":"https:\/\/jyfa.dk\/en\/#\/schema\/logo\/image\/"}}]}},"_links":{"self":[{"href":"https:\/\/jyfa.dk\/en\/wp-json\/wp\/v2\/product\/9118","targetHints":{"allow":["GET"]}}],"collection":[{"href":"https:\/\/jyfa.dk\/en\/wp-json\/wp\/v2\/product"}],"about":[{"href":"https:\/\/jyfa.dk\/en\/wp-json\/wp\/v2\/types\/product"}],"wp:featuredmedia":[{"embeddable":true,"href":"https:\/\/jyfa.dk\/en\/wp-json\/wp\/v2\/media\/7397"}],"wp:attachment":[{"href":"https:\/\/jyfa.dk\/en\/wp-json\/wp\/v2\/media?parent=9118"}],"wp:term":[{"taxonomy":"product_brand","embeddable":true,"href":"https:\/\/jyfa.dk\/en\/wp-json\/wp\/v2\/product_brand?post=9118"},{"taxonomy":"product_cat","embeddable":true,"href":"https:\/\/jyfa.dk\/en\/wp-json\/wp\/v2\/product_cat?post=9118"},{"taxonomy":"product_tag","embeddable":true,"href":"https:\/\/jyfa.dk\/en\/wp-json\/wp\/v2\/product_tag?post=9118"}],"curies":[{"name":"wp","href":"https:\/\/api.w.org\/{rel}","templated":true}]}}